{"id":19734,"date":"2022-02-10T12:18:00","date_gmt":"2022-02-10T10:18:00","guid":{"rendered":"https:\/\/www.aerotim.ro\/index.php\/%d0%bf%d0%b0%d1%80%d0%ba%d0%b8%d0%bd%d0%b3\/"},"modified":"2025-10-04T15:37:06","modified_gmt":"2025-10-04T12:37:06","slug":"d0-bf-d0-b0-d1-80-d0-ba-d0-b8-d0-bd-d0-b3","status":"publish","type":"page","link":"https:\/\/www.aerotim.ro\/sr\/index.php\/d0-bf-d0-b0-d1-80-d0-ba-d0-b8-d0-bd-d0-b3\/","title":{"rendered":"\u041f\u0430\u0440\u043a\u0438\u043d\u0433"},"content":{"rendered":"<div class=\"wpb-content-wrapper\">[vc_row css=&#8221;.vc_custom_1759497798913{margin-top: 50px !important;margin-bottom: 50px !important;}&#8221;][vc_column][vc_column_text css=&#8221;.vc_custom_1759488534974{margin-top: 50px !important;margin-bottom: 75px !important;}&#8221;]\n<h5 style=\"text-align: center;\"><strong>Parcheaza direct la aeroport, \u00een siguran\u021b\u0103 \u0219i la pre\u021buri accesibile, de la 100 lei\/sapt\u0103m\u00e2n\u0103 si 15 lei\/zi.<\/strong><\/h5>\n[\/vc_column_text][\/vc_column][vc_column][vc_btn title=&#8221;Pentru mai multe informa\u021bi sun\u0103 la: 0256386089&#8243; style=&#8221;custom&#8221; custom_background=&#8221;#0C5BA4&#8243; custom_text=&#8221;#FFFFFF&#8221; align=&#8221;center&#8221; css_animation=&#8221;flipInY&#8221; css=&#8221;.vc_custom_1759498496126{margin-top: 50px !important;margin-bottom: 50px !important;}&#8221; link=&#8221;url:tel%3A0256386089&#8243; el_class=&#8221;btn_call_action&#8221;][\/vc_column][\/vc_row][vc_row css=&#8221;.vc_custom_1757411139593{margin-bottom: 50px !important;}&#8221;][vc_column][vc_column_text css=&#8221;&#8221;]<div class=\"vc_row wpb_row vc_inner vc_row-fluid\"><div class=\"wpb_column vc_column_container vc_col-sm-12 vc_col-lg-8\"><div class=\"vc_column-inner\">\n    <div class=\"wpb_wrapper\"><div id=\"softlab_dbl_62b970b35d6f2\" class=\"softlab_module_double_headings aleft \">\n    <div class=\"heading_title\" style=\"font-size:36px; line-height:1.333; font-weight:700; \">\n    <div class=\"heading_title_tablet\" style=\"font-size:32px;\"><div class=\"heading_title_mobile\" style=\"font-size:26px;\">\n    Calculator parcare\n    <\/div><\/div><\/div><\/div>\n<div class=\"softlab_module_spacing\"><div class=\"spacing_size spacing_size-initial\" style=\"height:30px;\"><\/div><\/div>\n<\/div><\/div><\/div><\/div><div class=\"display_table_parking\">\n        <div>\n        <p> Data de \u00eenceput: <\/p> <input type=\"text\" id=\"daterange_start\" name=\"datetimes_start\" \/>\n        <\/div>\n\n        <div>\n        <p>Data de sf\u00e2r\u0219it:   <\/p> <input type=\"text\" name=\"datetimes_end\"\/>\n        <\/div>\n        <button id=\"btn-calculeaza-parcare\" type=\"submit\" class=\"calculate_parking_button\" name=\"calculate_parking\" value=\"submit_parking\"> Calculeaz\u0103<\/button>\n\t\t<a id=\"btn-tarife-parcare\" class=\"buton-tarife calculate_parking_button tariff\" href=\"\/index.php\/parcare-aeroport-timisoara\/#tarife-parcare\">Vezi tarife parcare<\/a>\n\n        <\/div> <h4 id=\"total_parking\"> <\/h4>[\/vc_column_text][\/vc_column][\/vc_row][vc_row][vc_column][vc_column_text css=&#8221;&#8221;]<strong>Sun\u0103 acum pentru mai multe informa\u021bi despre parcare: 0256 \u2013 386 089 int. 2209 sau 2149.<\/strong><\/p>\n<p>\n<strong><u>INFORMARE<\/u><\/strong>\n<p><\/p><strong>Stima\u021bi pasageri,<\/strong>\n<p><\/p><p><strong>Programul de lucru cu publicul, de la ghi\u0219eul de taxare-parcare este Luni-Vineri \u00eentre orele 08:00 &#8211; 16:00.<\/strong><\/p>\n<p><!-- \/wp:post-content --><!-- wp:paragraph --><strong>Tariful de sta\u021bionare a autoturismelor \u00een parc\u0103rile aeroportului va putea fi achitat la cele 10 aparate de taxare existente \u00een zona public\u0103.\u00a0<\/strong><\/p>\n<p><!-- \/wp:paragraph --><br \/>\n<!-- wp:list --><\/p>\n<ul>\n<li><strong>Pentru prelungirea abonamentelor se va\u00a0putea\u00a0proceda\u00a0astfel:<\/strong><\/li>\n<\/ul>\n<p><!-- \/wp:list --><br \/>\n<!-- wp:list {\"ordered\":true} --><\/p>\n<ol>\n<li>Prelungire la aparatele de taxare (factura put\u00e2nd fi solicitat\u0103 ulterior la ghi\u0219eul de taxare sau e-mail\u00a0<a href=\"mailto:taxare.parcare@aerotim.ro\"><strong>taxare.parcare@aerotim.ro<\/strong><\/a><strong>)<\/strong><\/li>\n<li>La ghi\u0219eul de taxare-parcare de Luni-Vineri, \u00eentre orele 08:00-16:00<\/li>\n<\/ol>\n<p><!-- \/wp:list --><br \/>\n<!-- wp:list --><\/p>\n<ul>\n<li><strong>Pentru abonamente noi se va\u00a0putea\u00a0proceda\u00a0astfel:<\/strong><\/li>\n<\/ul>\n<p><!-- \/wp:list --><br \/>\n<!-- wp:list {\"ordered\":true} --><\/p>\n<ol>\n<li>La ghi\u0219eul de taxare-parcare de <strong>Luni-Vineri,<\/strong> \u00eentre orele 08:00-16:00<\/li>\n<li>Solicitare pe e-mail\u00a0<a href=\"mailto:taxare.parcare@aerotim.ro\"><strong>taxare.parcare@aerotim.ro<\/strong><\/a><\/li>\n<\/ol>\n<p><!-- \/wp:list --><!-- wp:paragraph -->Stima\u021bi pasageri,<\/p>\n<p><!-- \/wp:paragraph --><!-- wp:paragraph --><strong>Biroul este destinat achizi\u021biei de abonamente pentru parcare, pl\u0103\u021bi cu cardul \u0219i emiteri facturi fiscale.<\/strong><\/p>\n<p><!-- \/wp:paragraph --><!-- wp:paragraph --><strong>Pentru plata tichetelor de parcare v\u0103 rug\u0103m s\u0103 folosi\u021bi aparatele de taxare parcare.<\/strong><\/p>\n<p><!-- \/wp:paragraph --><!-- wp:paragraph -->Parcarea \u00een cadrul Aeroportului Interna\u021bional Timi\u0219oara \u201eTraian Vuia\u201d<\/p>\n<p><!-- \/wp:paragraph --><br \/>\n<!-- wp:list --><\/p>\n<ul>\n<li>Parcare auto 1 \u2013 490 locuri<\/li>\n<li>Parcare auto 2 \u2013 194 locuri<\/li>\n<\/ul>\n<p><!-- \/wp:list --><!-- wp:paragraph -->Cei care doresc s\u0103 sta\u021bioneze o perioad\u0103 mai \u00eendelungat\u0103, pot solicita achizi\u021bionarea unui abonament din momentul parc\u0103rii la ghi\u0219eul taxare-parcare din terminalul Non-Schengen.<\/p>\n<p><!-- \/wp:paragraph --><!-- wp:paragraph -->Descarc\u0103 cererea tip pentru emitere card parcare destinat\u0103 institu\u021biilor \u0219i societ\u0103\u021bilor comerciale partenere.<\/p>\n<p><!-- \/wp:paragraph --><!-- wp:paragraph -->Contravaloarea serviciului de parcare se calculeaz\u0103 automat \u00een func\u021bie de num\u0103rul de unit\u0103\u021bi utilizate, cu precizarea c\u0103 orice unitate \u00eenceput\u0103 se consider\u0103 unitate \u00eentreag\u0103.<\/p>\n<p><!-- \/wp:paragraph --><!-- wp:paragraph --><strong>Tarife pentru parcarea autovehiculelor in perimetrul aeroportuar\u00a0<\/strong><strong>in vigoare din 01.03.2024<\/strong><\/p>\n<p><!-- \/wp:paragraph --><br \/>\n<!-- wp:table {\"className\":\"is-style-stripes\"} --><\/p>\n<figure class=\"wp-block-table is-style-stripes\">\n<table id=\"tarife-parcare\">\n<tbody>\n<tr>\n<td><strong>INTERVAL DE TIMP<\/strong><\/td>\n<td><strong>TARIF IN P1, P2 (RON)<\/strong><\/td>\n<\/tr>\n<tr>\n<td><strong>Primele 10 minute<\/strong><\/td>\n<td><strong>2<\/strong><\/td>\n<\/tr>\n<tr>\n<td><strong>In intervalul 10 min \u2013 30 min<\/strong><\/td>\n<td><strong>4<\/strong><\/td>\n<\/tr>\n<tr>\n<td><strong>1 ora<\/strong><\/td>\n<td><strong>7<\/strong><\/td>\n<\/tr>\n<tr>\n<td><strong>1h\u00a0 si 30 min<\/strong><\/td>\n<td><strong>11<\/strong><\/td>\n<\/tr>\n<tr>\n<td><strong>2 ore<\/strong><\/td>\n<td><strong>14<\/strong><\/td>\n<\/tr>\n<tr>\n<td><strong>2 ore\u00a0 si 30 min<\/strong><\/td>\n<td><strong>18<\/strong><\/td>\n<\/tr>\n<tr>\n<td><strong>3 ore<\/strong><\/td>\n<td><strong>21<\/strong><\/td>\n<\/tr>\n<tr>\n<td><strong>In intervalul 3 h \u2013 6 h\u00a0<\/strong><strong>(tarif \/ 30 minute)<\/strong><\/td>\n<td><strong>3<\/strong><\/td>\n<\/tr>\n<tr>\n<td><strong>3 ore\u00a0 si 30 min<\/strong><\/td>\n<td><strong>24<\/strong><\/td>\n<\/tr>\n<tr>\n<td><strong>4ore<\/strong><\/td>\n<td><strong>27<\/strong><\/td>\n<\/tr>\n<tr>\n<td><strong>4 ore\u00a0 si 30 min<\/strong><\/td>\n<td><strong>30<\/strong><\/td>\n<\/tr>\n<tr>\n<td><strong>5 ore<\/strong><\/td>\n<td><strong>33<\/strong><\/td>\n<\/tr>\n<tr>\n<td><strong>5 ore\u00a0 si 30 min<\/strong><\/td>\n<td><strong>36<\/strong><\/td>\n<\/tr>\n<tr>\n<td><strong>6 ore<\/strong><\/td>\n<td><strong>39<\/strong><\/td>\n<\/tr>\n<tr>\n<td><strong>\u00a0In intervalul 6 h \u2013 12 h\u00a0<\/strong><\/td>\n<td><strong>TARIF: 40 lei<\/strong><\/td>\n<\/tr>\n<tr>\n<td><strong>6 ore si 30 min<\/strong><\/td>\n<td><strong>40<\/strong><\/td>\n<\/tr>\n<tr>\n<td><strong>7 ore<\/strong><\/td>\n<td><strong>40<\/strong><\/td>\n<\/tr>\n<tr>\n<td><strong>7 ore si 30 min<\/strong><\/td>\n<td><strong>40<\/strong><\/td>\n<\/tr>\n<tr>\n<td><strong>8 ore<\/strong><\/td>\n<td><strong>40<\/strong><\/td>\n<\/tr>\n<tr>\n<td><strong>8 ore si 30 min<\/strong><\/td>\n<td><strong>40<\/strong><\/td>\n<\/tr>\n<tr>\n<td><strong>9 ore<\/strong><\/td>\n<td><strong>40<\/strong><\/td>\n<\/tr>\n<tr>\n<td><strong>9 ore si 30 min<\/strong><\/td>\n<td><strong>40<\/strong><\/td>\n<\/tr>\n<tr>\n<td><strong>10 ore<\/strong><\/td>\n<td><strong>40<\/strong><\/td>\n<\/tr>\n<tr>\n<td><strong>10 ore si 30 min<\/strong><\/td>\n<td><strong>40<\/strong><\/td>\n<\/tr>\n<tr>\n<td><strong>11 ore<\/strong><\/td>\n<td><strong>40<\/strong><\/td>\n<\/tr>\n<tr>\n<td><strong>11 ore si 30 min<\/strong><\/td>\n<td><strong>40<\/strong><\/td>\n<\/tr>\n<tr>\n<td><strong>12 ore<\/strong><\/td>\n<td><strong>40<\/strong><\/td>\n<\/tr>\n<tr>\n<td><strong>\u00a0In intervalul 12 h \u2013 24h<\/strong><strong>\u00a0<\/strong><\/td>\n<td><strong>TARIF: 60 lei<\/strong><\/td>\n<\/tr>\n<tr>\n<td><strong>12 ore si 30 min<\/strong><\/td>\n<td><strong>60<\/strong><\/td>\n<\/tr>\n<tr>\n<td><strong>13 ore<\/strong><\/td>\n<td><strong>60<\/strong><\/td>\n<\/tr>\n<tr>\n<td><strong>14 ore<\/strong><\/td>\n<td><strong>60<\/strong><\/td>\n<\/tr>\n<tr>\n<td><strong>24 ore<\/strong><\/td>\n<td><strong>60<\/strong><\/td>\n<\/tr>\n<tr>\n<td><strong>\u00a0In intervalul 24h -48 h<\/strong><strong>\u00a0<\/strong><\/td>\n<td><strong>TARIF: 80 lei<\/strong><\/td>\n<\/tr>\n<tr>\n<td><strong>24 ore si 30 min<\/strong><\/td>\n<td><strong>80<\/strong><\/td>\n<\/tr>\n<tr>\n<td><strong>25 ore<\/strong><\/td>\n<td><strong>80<\/strong><\/td>\n<\/tr>\n<tr>\n<td><strong>26 ore<\/strong><\/td>\n<td><strong>80<\/strong><\/td>\n<\/tr>\n<tr>\n<td><strong>36 ore<\/strong><\/td>\n<td><strong>80<\/strong><\/td>\n<\/tr>\n<tr>\n<td><strong>48 ore<\/strong><\/td>\n<td><strong>80<\/strong><\/td>\n<\/tr>\n<tr>\n<td><strong>In intervalul 48 h \u2013 168h\u00a0\u00a0\u00a0\u00a0\u00a0\u00a0\u00a0\u00a0\u00a0\u00a0\u00a0\u00a0\u00a0\u00a0\u00a0\u00a0\u00a0\u00a0\u00a0\u00a0\u00a0\u00a0\u00a0\u00a0\u00a0\u00a0\u00a0\u00a0\u00a0\u00a0\u00a0\u00a0\u00a0\u00a0<\/strong><\/td>\n<td><strong>TARIF: 100 lei<\/strong><\/td>\n<\/tr>\n<tr>\n<td><strong>49 ore<\/strong><\/td>\n<td><strong>100<\/strong><\/td>\n<\/tr>\n<tr>\n<td><strong>50 ore<\/strong><\/td>\n<td><strong>100<\/strong><\/td>\n<\/tr>\n<tr>\n<td><strong>100 ore<\/strong><\/td>\n<td><strong>100<\/strong><\/td>\n<\/tr>\n<tr>\n<td><strong>168 ore<\/strong><\/td>\n<td><strong>100<\/strong><\/td>\n<\/tr>\n<tr>\n<td><strong>\u00a0Dup\u0103 primele 7 zile (peste 168 ore) tarif 15 lei\/zi<\/strong><\/td>\n<td><strong>15 lei\/zi<\/strong><\/td>\n<\/tr>\n<\/tbody>\n<\/table>\n<\/figure>\n<p><!-- \/wp:table --><!-- wp:paragraph --><strong>\u00a0\u00a0Tarifele pentru ABONAMENTE (LEI)\u00a0<\/strong><\/p>\n<p><!-- \/wp:paragraph --><br \/>\n<!-- wp:table {\"className\":\"is-style-stripes\"} --><\/p>\n<figure class=\"wp-block-table is-style-stripes\">\n<table style=\"height: 246px;\" width=\"941\">\n<tbody>\n<tr>\n<td><strong>INTERVAL DE TIMP<\/strong><\/td>\n<td><strong>TARIF (TVA inclus)<\/strong><\/td>\n<\/tr>\n<tr>\n<td><strong>\u00a0<\/strong><\/td>\n<td><strong>P1 si P3<\/strong><\/td>\n<td><strong>P2<\/strong><\/td>\n<\/tr>\n<tr>\n<td><strong>1 luna<\/strong><\/td>\n<td><strong>200<\/strong><\/td>\n<td><strong>170<\/strong><\/td>\n<\/tr>\n<tr>\n<td><strong>3 luni<\/strong><\/td>\n<td><strong>550<\/strong><\/td>\n<td><strong>420<\/strong><\/td>\n<\/tr>\n<tr>\n<td><strong>6 luni<\/strong><\/td>\n<td><strong>1.000<\/strong><\/td>\n<td><strong>700<\/strong><\/td>\n<\/tr>\n<tr>\n<td><strong>12 luni<\/strong><\/td>\n<td><strong>1.500<\/strong><\/td>\n<td><strong>1.200<\/strong><\/td>\n<\/tr>\n<\/tbody>\n<\/table>\n<p>&nbsp;<\/figure>\n<p><!-- \/wp:table --><!-- wp:paragraph --><strong>Tarife pentru alte categorii de utilizatori<\/strong><\/p>\n<p><!-- \/wp:paragraph --><br \/>\n<!-- wp:table {\"className\":\"is-style-stripes\"} --><\/p>\n<figure class=\"wp-block-table is-style-stripes\">\n<table>\n<tbody>\n<tr>\n<td><strong>INTERVAL DE TIMP<\/strong><\/td>\n<td><strong>TARIF\u00a0<\/strong><\/td>\n<\/tr>\n<tr>\n<td><strong>Colaboratori (pers. juridice)<\/strong><\/td>\n<td><strong>80 lei\/luna<\/strong><\/td>\n<\/tr>\n<tr>\n<td><strong>Angajati institu\u021bii\/ag.economici aeroport 20 lei\/luna<\/strong><\/td>\n<td><strong>20 lei\/luna<\/strong><\/td>\n<\/tr>\n<tr>\n<td><strong>Taxi<\/strong><\/td>\n<td><strong>450 lei\/luna<\/strong><\/td>\n<\/tr>\n<tr>\n<td><b>Rent-a-car P1<\/b><\/td>\n<td><strong>400 lei\/luna<\/strong><\/td>\n<\/tr>\n<tr>\n<td><strong>Rent-a-car P2<\/strong><\/td>\n<td><strong>200 lei\/luna<\/strong><\/td>\n<\/tr>\n<\/tbody>\n<\/table>\n<\/figure>\n<p><!-- \/wp:table --><!-- wp:paragraph --><strong>Reguli de utilizare<\/strong><\/p>\n<p><!-- \/wp:paragraph --><br \/>\n<!-- wp:list --><\/p>\n<ul>\n<li>Pentru evitarea unor situa\u021bii nepl\u0103cute, v\u0103 rug\u0103m s\u0103 acorda\u021bi aten\u021bie semnifica\u021biei indicatoarelor instalate \u00een perimetrul aeroportului, tuturor informa\u021biilor afi\u0219ate, precum \u0219i indica\u021biilor agen\u021bilor de paz\u0103 \u0219i ordine.<\/li>\n<li>Nu intra\u021bi \u00een parcare f\u0103r\u0103 tichetul eliberat la deschiderea barierei!<\/li>\n<li>Nu intra\u021bi sau nu ie\u0219i\u021bi din parcare f\u0103r\u0103 a scana cardul de acces prin fa\u021ba cititorului \u00een cazul \u00een care ave\u021bi abonament!<\/li>\n<li>\u00cen cazul \u00een care nu vi s-a eliberat tichet, anun\u021ba\u021bi imediat agen\u021bii de paz\u0103 \u0219i ordine.<\/li>\n<li>P\u0103stra\u021bi tichetul pentru efectuarea pl\u0103\u021bii: numai cu tichetul achitat pute\u021bi p\u0103r\u0103si parcarea<\/li>\n<li>Tarifele de parcare \u0219i penalit\u0103\u021bile aplicabile \u00een situa\u021bia nerespect\u0103rii instruc\u021biunilor de mai jos sunt afi\u0219ate la casele de plat\u0103 \u0219i \u00een incinta parc\u0103rilor. Cuantumul acestora este aprobat prin Hot\u0103r\u00e2ri ale Consiliului de Administra\u021bie \u0219i nu poate fi supus negocierii<\/li>\n<li>La intrarea \u00een parcare, ridica\u021bi tichetul din eliberatorul panoului, situat pe partea st\u00e2ng\u0103, \u00eenaintea barierei.<\/li>\n<li>Respecta\u021bi distan\u021ba dintre autoturisme (\u00een conformitate cu indicatoarele amplasate \u00een zona barierelor), astfel \u00eenc\u00e2t s\u0103 evita\u021bi accesul \u00een parcare f\u0103r\u0103 a fi ridicat tichetul!<\/li>\n<li>Ie\u0219irea din parcare se face pe baza tichetului!<\/li>\n<li>Clien\u021bii care nu restituie tichetul sunt pasibili de plata penalit\u0103\u021bilor.<\/li>\n<li>Jetoanele neridicate de la eliberator, precum \u0219i cele eliberate f\u0103r\u0103 acces auto, sunt invalidate pe loc \u0219i vor fi re\u021binute la cas\u0103.<\/li>\n<li>Pe \u00eentreaga durat\u0103 a vizitei la Aeroport, conduc\u0103torul auto are obliga\u021bia de a p\u0103stra asupra sa tichetul de parcare f\u0103r\u0103 a-l deteriora.<\/li>\n<\/ul>\n<p><!-- \/wp:list --><!-- wp:paragraph --><strong>ATEN\u021aIE! Nu este permis\u0103:<\/strong><\/p>\n<p><!-- \/wp:paragraph --><br \/>\n<!-- wp:list --><\/p>\n<ul>\n<li>Utilizarea abuziv\u0103 a locurilor de parcare rezervate autovehiculelor pentru persoanele cu mobilitate redus\u0103<\/li>\n<li>Parcarea autovehiculelor \u00een afara zonei marcate<\/li>\n<li>Pierderea, deteriorarea sau neprezentarea tichetului de parcare<\/li>\n<\/ul>\n<p><!-- \/wp:list --><!-- wp:paragraph --><strong>Efectuarea pl\u0103\u021bii:<\/strong><\/p>\n<p><!-- \/wp:paragraph --><!-- wp:paragraph -->Pentru efectuarea pl\u0103\u021bii: biroul taxare parcare amplasat in zona public\u0103 din cadrul terminalului pentru zboruri interne sau automatul de taxare parcare, amplasat \u00een P1.<\/p>\n<p><!-- \/wp:paragraph --><!-- wp:paragraph -->Deschiderea barierelor de ie\u0219ire se face automat, dup\u0103 introducerea \u00een cititorul barierelor a tichetului achitat.<\/p>\n<p><!-- \/wp:paragraph --><!-- wp:paragraph -->AIT nu r\u0103spunde pentru:<\/p>\n<p><!-- \/wp:paragraph --><!-- wp:paragraph -->\u2013 daunele provocate de nerespectarea semnifica\u021biei indicatoarelor \u0219i a marcajelor rutiere de pe teritoriul aeroportului, ori a indica\u021biilor agen\u021bilor de ordine.<\/p>\n<p><!-- \/wp:paragraph --><!-- wp:paragraph -->\u2013 daunele provocate de mi\u0219c\u0103rile barierelor, \u00een situa\u021bia nep\u0103str\u0103rii distan\u021bei dintre autovehicule, reglementat\u0103 prin indicatoare rutiere;<\/p>\n<p><!-- \/wp:paragraph --><!-- wp:paragraph -->\u2013 prelungirea duratei de utilizare a parc\u0103rilor publice datorate decal\u0103rii orelor de aterizare \/ decolare a aeronavelor;<\/p>\n<p><!-- \/wp:paragraph --><!-- wp:paragraph -->\u2013 prelungirea timpului de a\u0219teptare la casele de plat\u0103 ale parc\u0103rii, \u00een perioadele de v\u00e2rf de trafic;<\/p>\n<p><!-- \/wp:paragraph --><!-- wp:paragraph -->\u2013 orice consecin\u021b\u0103 imediat\u0103 sau ulterioar\u0103, direct\u0103 sau indirect\u0103, a nerespect\u0103rii prezentului regulament sau a refuzului achit\u0103rii tarifelor de parcare ori a penalit\u0103\u021bilor afi\u0219ate.<\/p>\n<p><!-- \/wp:paragraph --><!-- wp:paragraph -->Camerele TVCI instalate \u00een parc\u0103ri sunt destinate exclusiv supravegherii fluxurilor, \u00eenregistr\u0103rile video nefiind disponibile publicului.<\/p>\n<p><!-- \/wp:paragraph --><!-- wp:paragraph -->Pe durata utiliz\u0103rii parc\u0103rii, conduc\u0103torii auto au obliga\u021bia de a asigura autovehiculele \u0219i bunurile aflate \u00een acestea, \u00een tariful de parcare nefiind incluse cheltuieli pentru paz\u0103.<\/p>\n<p><!-- \/wp:paragraph --><!-- wp:paragraph -->Eventualele observa\u021bii \/ reclama\u021bii relative la modul de prestare a serviciilor de parcare se depun la biroul de informa\u021bii situat \u00een zona public\u0103 a aerog\u0103rii sau la ghi\u0219eul de plat\u0103 abonamente parcare.<\/p>\n<p><!-- \/wp:paragraph --><!-- wp:paragraph --><a href=\"https:\/\/aerotim.ro\/development\/wp-content\/uploads\/2022\/03\/Reg-functionare-parcari.pdf\" target=\"_blank\" rel=\"noreferrer noopener\"><strong>REGULAMENTUL DE FUNC\u021aIONARE A PARC\u0102RILOR DIN INCINTA AEROPORTULUI INTERNA\u021aIONAL TIMI\u0218OARA \u201dTRAIAN VUIA\u201d<\/strong><\/a><\/p>\n<p><!-- \/wp:paragraph --><!-- wp:paragraph --><strong><a href=\"https:\/\/aerotim.ro\/wp-content\/uploads\/2022\/03\/Regulament-Taxi-2018.pdf\" target=\"_blank\" rel=\"noreferrer noopener\">REGULAMENTUL ACTIVIT\u0102\u0162II DE TRANSPORT PERSOANE \u00ceN REGIM DE TAXI AEROPORTUL INTERNA\u0162IONAL \u201eTRAIAN VUIA\u201d TIMI\u015eOARA<\/a><\/strong><\/p>\n<p><!-- \/wp:paragraph -->[\/vc_column_text][\/vc_column][\/vc_row]\n<\/div>","protected":false},"excerpt":{"rendered":"<p>[vc_row css=&#8221;.vc_custom_1759497798913{margin-top: 50px !important;margin-bottom: 50px !important;}&#8221;][vc_column][vc_column_text css=&#8221;.vc_custom_1759488534974{margin-top: 50px !important;margin-bottom: 75px !important;}&#8221;] Parcheaza direct la aeroport, \u00een siguran\u021b\u0103 \u0219i la pre\u021buri accesibile, de la 100 lei\/sapt\u0103m\u00e2n\u0103 si 15 lei\/zi. [\/vc_column_text][\/vc_column][vc_column][vc_btn title=&#8221;Pentru mai multe informa\u021bi sun\u0103 la: 0256386089&#8243; style=&#8221;custom&#8221; custom_background=&#8221;#0C5BA4&#8243; custom_text=&#8221;#FFFFFF&#8221; align=&#8221;center&#8221; css_animation=&#8221;flipInY&#8221; css=&#8221;.vc_custom_1759498496126{margin-top: 50px !important;margin-bottom: 50px !important;}&#8221; link=&#8221;url:tel%3A0256386089&#8243; el_class=&#8221;btn_call_action&#8221;][\/vc_column][\/vc_row][vc_row css=&#8221;.vc_custom_1757411139593{margin-bottom: 50px !important;}&#8221;][vc_column][vc_column_text css=&#8221;&#8221;][\/vc_column_text][\/vc_column][\/vc_row][vc_row][vc_column][vc_column_text css=&#8221;&#8221;]Sun\u0103 acum pentru [&hellip;]<\/p>\n","protected":false},"author":1,"featured_media":0,"parent":0,"menu_order":0,"comment_status":"closed","ping_status":"closed","template":"","meta":{"footnotes":""},"class_list":["post-19734","page","type-page","status-publish","hentry"],"_links":{"self":[{"href":"https:\/\/www.aerotim.ro\/sr\/index.php\/wp-json\/wp\/v2\/pages\/19734","targetHints":{"allow":["GET"]}}],"collection":[{"href":"https:\/\/www.aerotim.ro\/sr\/index.php\/wp-json\/wp\/v2\/pages"}],"about":[{"href":"https:\/\/www.aerotim.ro\/sr\/index.php\/wp-json\/wp\/v2\/types\/page"}],"author":[{"embeddable":true,"href":"https:\/\/www.aerotim.ro\/sr\/index.php\/wp-json\/wp\/v2\/users\/1"}],"replies":[{"embeddable":true,"href":"https:\/\/www.aerotim.ro\/sr\/index.php\/wp-json\/wp\/v2\/comments?post=19734"}],"version-history":[{"count":14,"href":"https:\/\/www.aerotim.ro\/sr\/index.php\/wp-json\/wp\/v2\/pages\/19734\/revisions"}],"predecessor-version":[{"id":25073,"href":"https:\/\/www.aerotim.ro\/sr\/index.php\/wp-json\/wp\/v2\/pages\/19734\/revisions\/25073"}],"wp:attachment":[{"href":"https:\/\/www.aerotim.ro\/sr\/index.php\/wp-json\/wp\/v2\/media?parent=19734"}],"curies":[{"name":"wp","href":"https:\/\/api.w.org\/{rel}","templated":true}]}}