{"id":18826,"date":"2022-02-10T12:21:22","date_gmt":"2022-02-10T10:21:22","guid":{"rendered":"https:\/\/opus365.ro\/aerotim_2022\/index.php\/%d0%ba%d0%be%d1%80%d0%b8%d1%81%d0%bd%d0%b0-%d0%b8%d0%bd%d1%84%d0%be%d1%80%d0%bc%d0%b0%d1%86%d0%b8%d1%98%d0%b0\/"},"modified":"2023-07-29T19:38:44","modified_gmt":"2023-07-29T16:38:44","slug":"%d0%ba%d0%be%d1%80%d0%b8%d1%81%d0%bd%d0%b0-%d0%b8%d0%bd%d1%84%d0%be%d1%80%d0%bc%d0%b0%d1%86%d0%b8%d1%98%d0%b0","status":"publish","type":"page","link":"https:\/\/www.aerotim.ro\/sr\/index.php\/%d0%ba%d0%be%d1%80%d0%b8%d1%81%d0%bd%d0%b0-%d0%b8%d0%bd%d1%84%d0%be%d1%80%d0%bc%d0%b0%d1%86%d0%b8%d1%98%d0%b0\/","title":{"rendered":"\u041a\u043e\u0440\u0438\u0441\u043d\u0430 \u0438\u043d\u0444\u043e\u0440\u043c\u0430\u0446\u0438\u0458\u0430"},"content":{"rendered":"&#13;\n<p>\n          <strong>\u0417\u0430 \u0438\u043d\u0444\u043e\u0440\u043c\u0430\u0446\u0438\u0458\u0435 \u043e \u0440\u0430\u0441\u043f\u043e\u0440\u0435\u0434\u0443 \u0434\u043e\u043b\u0430\u0437\u0430\u043a\u0430\/\u043e\u0434\u043b\u0430\u0441\u043a\u0430, \u0434\u0435\u0441\u0442\u0438\u043d\u0430\u0446\u0438\u0458\u0430\u043c\u0430, \u0440\u0435\u0437\u0435\u0440\u0432\u0430\u0446\u0438\u0458\u0430\u043c\u0430, \u043f\u0440\u0435\u043f\u043e\u0440\u0443\u0447\u0443\u0458\u0435\u043c\u043e \u0432\u0430\u043c \u0434\u0430 \u043f\u0440\u0438\u0441\u0442\u0443\u043f\u0438\u0442\u0435 \u0441\u0430\u0458\u0442\u043e\u0432\u0438\u043c\u0430 \u0430\u0432\u0438\u043e-\u043a\u043e\u043c\u043f\u0430\u043d\u0438\u0458\u0430 \u043a\u043e\u0458\u0435 \u043e\u0431\u0430\u0432\u0459\u0430\u0458\u0443 \u0440\u0435\u0434\u043e\u0432\u043d\u0435 \u043b\u0435\u0442\u043e\u0432\u0435 \u0441\u0430 \u0430\u0435\u0440\u043e\u0434\u0440\u043e\u043c\u0430 \u0422\u0435\u043c\u0438\u0448\u0432\u0430\u0440<\/strong>\n        <\/p>&#13;\n&#13;\n<ul class=\"wp-block-list\">&#13;\n<li>\n          <a href=\"https:\/\/www.tarom.ro\/\" target=\"_blank\" rel=\"noopener\">TAROM<\/a>\n        <\/li>&#13;\n<li>\n          <a href=\"https:\/\/www.lufthansa.com\/ro\/en\/homepage\" target=\"_blank\" rel=\"noopener\">Lufthansa<\/a>\n        <\/li>&#13;\n<li>\n          <a href=\"https:\/\/wizzair.com\" target=\"_blank\" rel=\"noopener\">Wizzair<\/a>\n        <\/li>&#13;\n<li>\n          <a href=\"https:\/\/www.eurowings.com\/en.html\" target=\"_blank\" rel=\"noopener\">Eurowings<\/a>\n        <\/li>&#13;\n<li>\n          <a href=\"https:\/\/hisky.aero\/\" target=\"_blank\" rel=\"noopener\">HiSky<\/a>\n        <\/li>&#13;\n<li>\n          <a href=\"https:\/\/air-connect.com\/\" target=\"_blank\" rel=\"noopener\">AirConnect<\/a>\n        <\/li>&#13;\n<\/ul>&#13;\n&#13;\n<p>\n          <strong>Pentru alte informa\u021bii:<\/strong>\n        <\/p>&#13;\n&#13;\n<ul class=\"wp-block-list\">&#13;\n<li>\n          <a href=\"https:\/\/www.politiadefrontiera.ro\/\" target=\"_blank\" rel=\"noopener\">Poli\u021bia de Frontier\u0103<\/a>\n        <\/li>&#13;\n<li>\n          <a href=\"https:\/\/www.customs.ro\/\" target=\"_blank\" rel=\"noopener\">Autoritatea Vamal\u0103 Rom\u00e2n\u0103<\/a>\n        <\/li>&#13;\n<li>\n          <a href=\"https:\/\/www.politiaromana.ro\/ro\/structura-politiei-romane\/unitati-centrale\/directia-de-politie-transporturi\/structura-si-atributii\/structura-la-nivel-teritorial\/sectia-regionala-de-politie-transporturi-timisoara\" target=\"_blank\" rel=\"noopener\">Poli\u021bia Transporturi<\/a>\n        <\/li>&#13;\n<li>\n          <a href=\"https:\/\/www.mae.ro\/\" target=\"_blank\" rel=\"noopener\">\n            <span>Ministerul Afacerilor Externe<\/span>\n          <\/a>\n        <\/li>&#13;\n<\/ul>&#13;\n","protected":false},"excerpt":{"rendered":"<p>&#13; \u0417\u0430 \u0438\u043d\u0444\u043e\u0440\u043c\u0430\u0446\u0438\u0458\u0435 \u043e \u0440\u0430\u0441\u043f\u043e\u0440\u0435\u0434\u0443 \u0434\u043e\u043b\u0430\u0437\u0430\u043a\u0430\/\u043e\u0434\u043b\u0430\u0441\u043a\u0430, \u0434\u0435\u0441\u0442\u0438\u043d\u0430\u0446\u0438\u0458\u0430\u043c\u0430, \u0440\u0435\u0437\u0435\u0440\u0432\u0430\u0446\u0438\u0458\u0430\u043c\u0430, \u043f\u0440\u0435\u043f\u043e\u0440\u0443\u0447\u0443\u0458\u0435\u043c\u043e \u0432\u0430\u043c \u0434\u0430 \u043f\u0440\u0438\u0441\u0442\u0443\u043f\u0438\u0442\u0435 \u0441\u0430\u0458\u0442\u043e\u0432\u0438\u043c\u0430 \u0430\u0432\u0438\u043e-\u043a\u043e\u043c\u043f\u0430\u043d\u0438\u0458\u0430 \u043a\u043e\u0458\u0435 \u043e\u0431\u0430\u0432\u0459\u0430\u0458\u0443 \u0440\u0435\u0434\u043e\u0432\u043d\u0435 \u043b\u0435\u0442\u043e\u0432\u0435 \u0441\u0430 \u0430\u0435\u0440\u043e\u0434\u0440\u043e\u043c\u0430 \u0422\u0435\u043c\u0438\u0448\u0432\u0430\u0440 &#13; &#13; &#13; TAROM &#13; Lufthansa &#13; Wizzair &#13; Eurowings &#13; HiSky &#13; AirConnect &#13; &#13; &#13; Pentru alte informa\u021bii: &#13; &#13; &#13; Poli\u021bia de Frontier\u0103 &#13; Autoritatea Vamal\u0103 Rom\u00e2n\u0103 &#13; Poli\u021bia Transporturi &#13; [&hellip;]<\/p>\n","protected":false},"author":1,"featured_media":0,"parent":0,"menu_order":0,"comment_status":"closed","ping_status":"closed","template":"","meta":{"footnotes":""},"class_list":["post-18826","page","type-page","status-publish","hentry"],"_links":{"self":[{"href":"https:\/\/www.aerotim.ro\/sr\/index.php\/wp-json\/wp\/v2\/pages\/18826","targetHints":{"allow":["GET"]}}],"collection":[{"href":"https:\/\/www.aerotim.ro\/sr\/index.php\/wp-json\/wp\/v2\/pages"}],"about":[{"href":"https:\/\/www.aerotim.ro\/sr\/index.php\/wp-json\/wp\/v2\/types\/page"}],"author":[{"embeddable":true,"href":"https:\/\/www.aerotim.ro\/sr\/index.php\/wp-json\/wp\/v2\/users\/1"}],"replies":[{"embeddable":true,"href":"https:\/\/www.aerotim.ro\/sr\/index.php\/wp-json\/wp\/v2\/comments?post=18826"}],"version-history":[{"count":4,"href":"https:\/\/www.aerotim.ro\/sr\/index.php\/wp-json\/wp\/v2\/pages\/18826\/revisions"}],"predecessor-version":[{"id":21607,"href":"https:\/\/www.aerotim.ro\/sr\/index.php\/wp-json\/wp\/v2\/pages\/18826\/revisions\/21607"}],"wp:attachment":[{"href":"https:\/\/www.aerotim.ro\/sr\/index.php\/wp-json\/wp\/v2\/media?parent=18826"}],"curies":[{"name":"wp","href":"https:\/\/api.w.org\/{rel}","templated":true}]}}