{"id":5199,"date":"2022-02-10T12:21:57","date_gmt":"2022-02-10T12:21:57","guid":{"rendered":"https:\/\/opus365.ro\/aerotim_2022\/?page_id=5199"},"modified":"2022-06-17T11:22:27","modified_gmt":"2022-06-17T08:22:27","slug":"program-de-functionare","status":"publish","type":"page","link":"https:\/\/www.aerotim.ro\/index.php\/program-de-functionare\/","title":{"rendered":"Program de functionare"},"content":{"rendered":"\n<p>Programul de func\u0163ionare al S.N. Aeroportul Interna\u0163ional Timi\u015foara \u201eTraian Vuia\u201d S.A este 24 ore, (permanent \u2013 pentru personalul implicat \u00een deservirea aeronavelor la sol). Pentru restul compartimentelor, programul este de 8 ore zilnic \/ 5 zile pe s\u0103pt\u0103m\u00e2n\u0103.<\/p>\n","protected":false},"excerpt":{"rendered":"<p>Programul de func\u0163ionare al S.N. Aeroportul Interna\u0163ional Timi\u015foara \u201eTraian Vuia\u201d S.A este 24 ore, (permanent \u2013 pentru personalul implicat \u00een deservirea aeronavelor la sol). Pentru restul compartimentelor, programul este de 8 ore zilnic \/ 5 zile pe s\u0103pt\u0103m\u00e2n\u0103.<\/p>\n","protected":false},"author":1,"featured_media":0,"parent":0,"menu_order":0,"comment_status":"closed","ping_status":"closed","template":"","meta":{"footnotes":""},"class_list":["post-5199","page","type-page","status-publish","hentry"],"_links":{"self":[{"href":"https:\/\/www.aerotim.ro\/index.php\/wp-json\/wp\/v2\/pages\/5199","targetHints":{"allow":["GET"]}}],"collection":[{"href":"https:\/\/www.aerotim.ro\/index.php\/wp-json\/wp\/v2\/pages"}],"about":[{"href":"https:\/\/www.aerotim.ro\/index.php\/wp-json\/wp\/v2\/types\/page"}],"author":[{"embeddable":true,"href":"https:\/\/www.aerotim.ro\/index.php\/wp-json\/wp\/v2\/users\/1"}],"replies":[{"embeddable":true,"href":"https:\/\/www.aerotim.ro\/index.php\/wp-json\/wp\/v2\/comments?post=5199"}],"version-history":[{"count":3,"href":"https:\/\/www.aerotim.ro\/index.php\/wp-json\/wp\/v2\/pages\/5199\/revisions"}],"predecessor-version":[{"id":18565,"href":"https:\/\/www.aerotim.ro\/index.php\/wp-json\/wp\/v2\/pages\/5199\/revisions\/18565"}],"wp:attachment":[{"href":"https:\/\/www.aerotim.ro\/index.php\/wp-json\/wp\/v2\/media?parent=5199"}],"curies":[{"name":"wp","href":"https:\/\/api.w.org\/{rel}","templated":true}]}}