{"id":5197,"date":"2022-02-10T12:21:37","date_gmt":"2022-02-10T12:21:37","guid":{"rendered":"https:\/\/opus365.ro\/aerotim_2022\/?page_id=5197"},"modified":"2025-10-17T13:30:19","modified_gmt":"2025-10-17T10:30:19","slug":"contact","status":"publish","type":"page","link":"https:\/\/www.aerotim.ro\/index.php\/contact\/","title":{"rendered":"Contact"},"content":{"rendered":"<div class=\"wpb-content-wrapper\">[vc_row][vc_column][vc_row_inner][vc_column_inner width=&#8221;1\/2&#8243;][vc_column_text css=&#8221;&#8221;]<strong>S.N. Aeroportul Interna\u0163ional Timi\u015foara \u2013 \u201eTraian Vuia\u201d S.A.<\/strong><\/p>\n<p>\u2022\u00a0\u00a0\u00a0 sediu \u2013 str. Aeroport nr. 2, com. Ghiroda, jud. Timi\u015f, Romania<\/p>\n<p><span style=\"font-size: 16px;\">\u2022\u00a0 \u00a0 cod po\u015ftal \u2013 307210<\/span><\/p>\n<p>\u2022\u00a0\u00a0\u00a0\u00a0telefon Call-Center \u2013 0256 \/ 386 089;<\/p>\n<p><strong>Program Call-Center: 07:00-19:0<\/strong><strong>0;<\/strong><\/p>\n<p>\u2022\u00a0 \u00a0 fax \u2013\u00a0 0256 \/ 490 705<br \/>\n\u2022\u00a0\u00a0\u00a0 e-mail \u2013<a href=\"mailto:relatii.publice@aerotim.ro\">relatii.publice@aerotim.ro<\/a><br \/>\n\u2022\u00a0\u00a0\u00a0 pagina web \u2013\u00a0<a href=\"http:\/\/www.aerotim.ro\/\">www.aerotim.ro<\/a><br \/>\n\u2022\u00a0\u00a0\u00a0 Reg. Com. J 35\/1183\/1998<br \/>\n\u2022\u00a0\u00a0\u00a0 Cod Fiscal: RO 11178217<br \/>\n\u2022\u00a0\u00a0\u00a0 Cod IBAN RO34RNCB0249049296020001<br \/>\n\u2022\u00a0\u00a0\u00a0 Telex: LRTRRAYD<br \/>\n\u2022\u00a0\u00a0\u00a0 SITA: TSRAP8X<br \/>\n\u2022\u00a0\u00a0\u00a0 Cod OACI: LRTR<br \/>\n\u2022\u00a0\u00a0\u00a0 Cod IATA: TSR<\/p>\n<p>&nbsp;[\/vc_column_text][\/vc_column_inner][vc_column_inner width=&#8221;1\/2&#8243;][vc_column_text]\n<h1 class=\"heading\">Contacta\u021bi-ne<\/h1>\n[\/vc_column_text]\n<div class=\"wpcf7 no-js\" id=\"wpcf7-f8-o1\" lang=\"en-US\" dir=\"ltr\" data-wpcf7-id=\"8\">\n<div class=\"screen-reader-response\"><p role=\"status\" aria-live=\"polite\" aria-atomic=\"true\"><\/p> <ul><\/ul><\/div>\n<form action=\"\/index.php\/wp-json\/wp\/v2\/pages\/5197#wpcf7-f8-o1\" method=\"post\" class=\"wpcf7-form init\" aria-label=\"Contact form\" novalidate=\"novalidate\" data-status=\"init\">\n<fieldset class=\"hidden-fields-container\"><input type=\"hidden\" name=\"_wpcf7\" value=\"8\" \/><input type=\"hidden\" name=\"_wpcf7_version\" value=\"6.1.5\" \/><input type=\"hidden\" name=\"_wpcf7_locale\" value=\"en_US\" \/><input type=\"hidden\" name=\"_wpcf7_unit_tag\" value=\"wpcf7-f8-o1\" \/><input type=\"hidden\" name=\"_wpcf7_container_post\" value=\"0\" \/><input type=\"hidden\" name=\"_wpcf7_posted_data_hash\" value=\"\" \/><input type=\"hidden\" name=\"_wpcf7_recaptcha_response\" value=\"\" \/>\n<\/fieldset>\n<p><label> Nume*<br \/>\n<span class=\"wpcf7-form-control-wrap\" data-name=\"your-name\"><input size=\"40\" maxlength=\"400\" class=\"wpcf7-form-control wpcf7-text wpcf7-validates-as-required\" aria-required=\"true\" aria-invalid=\"false\" value=\"\" type=\"text\" name=\"your-name\" \/><\/span> <\/label>\n<\/p>\n<p><label> Email*<br \/>\n<span class=\"wpcf7-form-control-wrap\" data-name=\"your-email\"><input size=\"40\" maxlength=\"400\" class=\"wpcf7-form-control wpcf7-email wpcf7-validates-as-required wpcf7-text wpcf7-validates-as-email\" aria-required=\"true\" aria-invalid=\"false\" value=\"\" type=\"email\" name=\"your-email\" \/><\/span> <\/label>\n<\/p>\n<p><label> Subiect<br \/>\n<span class=\"wpcf7-form-control-wrap\" data-name=\"your-subject\"><input size=\"40\" maxlength=\"400\" class=\"wpcf7-form-control wpcf7-text\" aria-invalid=\"false\" value=\"\" type=\"text\" name=\"your-subject\" \/><\/span> <\/label>\n<\/p>\n<p><label> Mesaj<br \/>\n<span class=\"wpcf7-form-control-wrap\" data-name=\"your-message\"><textarea cols=\"40\" rows=\"10\" maxlength=\"2000\" class=\"wpcf7-form-control wpcf7-textarea\" aria-invalid=\"false\" name=\"your-message\"><\/textarea><\/span> <\/label>\n<\/p>\n<p><input class=\"wpcf7-form-control wpcf7-submit has-spinner\" type=\"submit\" value=\"Trimite\" \/>\n<\/p><input type='hidden' class='wpcf7-pum' value='{\"closepopup\":false,\"closedelay\":0,\"openpopup\":false,\"openpopup_id\":0}' \/><div class=\"wpcf7-response-output\" aria-hidden=\"true\"><\/div>\n<\/form>\n<\/div>\n[\/vc_column_inner][\/vc_row_inner][\/vc_column][\/vc_row][vc_row][vc_column][vc_column_text css=&#8221;.vc_custom_1760697015743{margin-bottom: 35px !important;}&#8221;]\n<p>&nbsp;<\/p>\n<h4 style=\"text-align: center;\"><strong>CHESTIONAR DE EVALUARE A SATISFACTIEI CLIENTILOR<\/strong><\/h4>\n<p>&nbsp;<\/p>\n<p style=\"text-align: left;\">Stimate client,<br \/>In vederea imbunatatirii serviciilor oferite de catre SN AIT TV SA va rugam sa completati acest chestionar acord\u00e2nd o nota de la 1 la 5 (5 scor maxim).<\/p>\n[\/vc_column_text][\/vc_column][\/vc_row][vc_row][vc_column]\n<div class=\"wpcf7 no-js\" id=\"wpcf7-f25184-o2\" lang=\"ro-RO\" dir=\"ltr\" data-wpcf7-id=\"25184\">\n<div class=\"screen-reader-response\"><p role=\"status\" aria-live=\"polite\" aria-atomic=\"true\"><\/p> <ul><\/ul><\/div>\n<form action=\"\/index.php\/wp-json\/wp\/v2\/pages\/5197#wpcf7-f25184-o2\" method=\"post\" class=\"wpcf7-form init\" aria-label=\"Formular de contact\" novalidate=\"novalidate\" data-status=\"init\">\n<fieldset class=\"hidden-fields-container\"><input type=\"hidden\" name=\"_wpcf7\" value=\"25184\" \/><input type=\"hidden\" name=\"_wpcf7_version\" value=\"6.1.5\" \/><input type=\"hidden\" name=\"_wpcf7_locale\" value=\"ro_RO\" \/><input type=\"hidden\" name=\"_wpcf7_unit_tag\" value=\"wpcf7-f25184-o2\" \/><input type=\"hidden\" name=\"_wpcf7_container_post\" value=\"0\" \/><input type=\"hidden\" name=\"_wpcf7_posted_data_hash\" value=\"\" \/><input type=\"hidden\" name=\"_wpcf7_recaptcha_response\" value=\"\" \/>\n<\/fieldset>\n<div class=\"cf7-question\">\n\t<p><strong>1.<\/strong> \u00cen experien\u021bele de interac\u021biune direct\u0103 cu angaja\u021bii SN AIT TV SA, cum aprecia\u021bi atitudinea \u0219i amabilitatea personalului cu care a\u021bi venit \u00een contact?\n\t<\/p>\n\t<p><span class=\"wpcf7-form-control-wrap\" data-name=\"q1\"><span class=\"wpcf7-form-control wpcf7-radio\"><span class=\"wpcf7-list-item first\"><label><input type=\"radio\" name=\"q1\" value=\"5. Foarte bun\u0103\" \/><span class=\"wpcf7-list-item-label\">5. Foarte bun\u0103<\/span><\/label><\/span><span class=\"wpcf7-list-item\"><label><input type=\"radio\" name=\"q1\" value=\"4. Bun\u0103\" \/><span class=\"wpcf7-list-item-label\">4. Bun\u0103<\/span><\/label><\/span><span class=\"wpcf7-list-item\"><label><input type=\"radio\" name=\"q1\" value=\"3. Satisf\u0103c\u0103toare\" \/><span class=\"wpcf7-list-item-label\">3. Satisf\u0103c\u0103toare<\/span><\/label><\/span><span class=\"wpcf7-list-item\"><label><input type=\"radio\" name=\"q1\" value=\"2. Par\u021bial satisf\u0103c\u0103toare\" \/><span class=\"wpcf7-list-item-label\">2. Par\u021bial satisf\u0103c\u0103toare<\/span><\/label><\/span><span class=\"wpcf7-list-item last\"><label><input type=\"radio\" name=\"q1\" value=\"1. Nesatisf\u0103c\u0103toare\" \/><span class=\"wpcf7-list-item-label\">1. Nesatisf\u0103c\u0103toare<\/span><\/label><\/span><\/span><\/span>\n\t<\/p>\n<\/div>\n<div class=\"cf7-question\">\n\t<p><strong>2.<\/strong> Cum aprecia\u021bi serviciile\/facilit\u0103\u021bile oferite de c\u0103tre SN AIT TV SA?\n\t<\/p>\n\t<p><span class=\"wpcf7-form-control-wrap\" data-name=\"q2\"><span class=\"wpcf7-form-control wpcf7-radio\"><span class=\"wpcf7-list-item first\"><label><input type=\"radio\" name=\"q2\" value=\"5. Foarte bune\" \/><span class=\"wpcf7-list-item-label\">5. Foarte bune<\/span><\/label><\/span><span class=\"wpcf7-list-item\"><label><input type=\"radio\" name=\"q2\" value=\"4. Bune\" \/><span class=\"wpcf7-list-item-label\">4. Bune<\/span><\/label><\/span><span class=\"wpcf7-list-item\"><label><input type=\"radio\" name=\"q2\" value=\"3. Satisf\u0103c\u0103toare\" \/><span class=\"wpcf7-list-item-label\">3. Satisf\u0103c\u0103toare<\/span><\/label><\/span><span class=\"wpcf7-list-item\"><label><input type=\"radio\" name=\"q2\" value=\"2. Par\u021bial satisf\u0103c\u0103toare\" \/><span class=\"wpcf7-list-item-label\">2. Par\u021bial satisf\u0103c\u0103toare<\/span><\/label><\/span><span class=\"wpcf7-list-item last\"><label><input type=\"radio\" name=\"q2\" value=\"1. Nesatisf\u0103c\u0103toare\" \/><span class=\"wpcf7-list-item-label\">1. Nesatisf\u0103c\u0103toare<\/span><\/label><\/span><\/span><\/span>\n\t<\/p>\n<\/div>\n<div class=\"cf7-question\">\n\t<p><strong>3.<\/strong> Comparativ cu produse similare de pe pia\u021b\u0103, cum aprecia\u021bi tarifele practicate de SN AIT TV SA?\n\t<\/p>\n\t<p><span class=\"wpcf7-form-control-wrap\" data-name=\"q3\"><span class=\"wpcf7-form-control wpcf7-radio\"><span class=\"wpcf7-list-item first\"><label><input type=\"radio\" name=\"q3\" value=\"5. Foarte bune\" \/><span class=\"wpcf7-list-item-label\">5. Foarte bune<\/span><\/label><\/span><span class=\"wpcf7-list-item\"><label><input type=\"radio\" name=\"q3\" value=\"4. Bune\" \/><span class=\"wpcf7-list-item-label\">4. Bune<\/span><\/label><\/span><span class=\"wpcf7-list-item\"><label><input type=\"radio\" name=\"q3\" value=\"3. Satisf\u0103c\u0103toare\" \/><span class=\"wpcf7-list-item-label\">3. Satisf\u0103c\u0103toare<\/span><\/label><\/span><span class=\"wpcf7-list-item\"><label><input type=\"radio\" name=\"q3\" value=\"2. Par\u021bial satisf\u0103c\u0103toare\" \/><span class=\"wpcf7-list-item-label\">2. Par\u021bial satisf\u0103c\u0103toare<\/span><\/label><\/span><span class=\"wpcf7-list-item last\"><label><input type=\"radio\" name=\"q3\" value=\"1. Nesatisf\u0103c\u0103toare\" \/><span class=\"wpcf7-list-item-label\">1. Nesatisf\u0103c\u0103toare<\/span><\/label><\/span><\/span><\/span>\n\t<\/p>\n<\/div>\n<div class=\"cf7-question\">\n\t<p><strong>4.<\/strong> Cu privire la solu\u021bionarea spe\u021belor, cum aprecia\u021bi intervalul de timp \u00een care a fost solu\u021bionat\u0103 problema dvs.?\n\t<\/p>\n\t<p><span class=\"wpcf7-form-control-wrap\" data-name=\"q4\"><span class=\"wpcf7-form-control wpcf7-radio\"><span class=\"wpcf7-list-item first\"><label><input type=\"radio\" name=\"q4\" value=\"5. Foarte bun\" \/><span class=\"wpcf7-list-item-label\">5. Foarte bun<\/span><\/label><\/span><span class=\"wpcf7-list-item\"><label><input type=\"radio\" name=\"q4\" value=\"4. Bun\" \/><span class=\"wpcf7-list-item-label\">4. Bun<\/span><\/label><\/span><span class=\"wpcf7-list-item\"><label><input type=\"radio\" name=\"q4\" value=\"3. Satisf\u0103c\u0103tor\" \/><span class=\"wpcf7-list-item-label\">3. Satisf\u0103c\u0103tor<\/span><\/label><\/span><span class=\"wpcf7-list-item\"><label><input type=\"radio\" name=\"q4\" value=\"2. Par\u021bial satisf\u0103c\u0103tor\" \/><span class=\"wpcf7-list-item-label\">2. Par\u021bial satisf\u0103c\u0103tor<\/span><\/label><\/span><span class=\"wpcf7-list-item last\"><label><input type=\"radio\" name=\"q4\" value=\"1. Nesatisf\u0103c\u0103tor\" \/><span class=\"wpcf7-list-item-label\">1. Nesatisf\u0103c\u0103tor<\/span><\/label><\/span><\/span><\/span>\n\t<\/p>\n<\/div>\n<div class=\"cf7-question\">\n\t<p><strong>5.<\/strong> Cum aprecia\u021bi presta\u021bia profesional\u0103 a personalului responsabil cu solu\u021bionarea problemei?\n\t<\/p>\n\t<p><span class=\"wpcf7-form-control-wrap\" data-name=\"q5\"><span class=\"wpcf7-form-control wpcf7-radio\"><span class=\"wpcf7-list-item first\"><label><input type=\"radio\" name=\"q5\" value=\"5. Foarte bun\u0103\" \/><span class=\"wpcf7-list-item-label\">5. Foarte bun\u0103<\/span><\/label><\/span><span class=\"wpcf7-list-item\"><label><input type=\"radio\" name=\"q5\" value=\"4. Bun\u0103\" \/><span class=\"wpcf7-list-item-label\">4. Bun\u0103<\/span><\/label><\/span><span class=\"wpcf7-list-item\"><label><input type=\"radio\" name=\"q5\" value=\"3. Satisf\u0103c\u0103toare\" \/><span class=\"wpcf7-list-item-label\">3. Satisf\u0103c\u0103toare<\/span><\/label><\/span><span class=\"wpcf7-list-item\"><label><input type=\"radio\" name=\"q5\" value=\"2. Par\u021bial satisf\u0103c\u0103toare\" \/><span class=\"wpcf7-list-item-label\">2. Par\u021bial satisf\u0103c\u0103toare<\/span><\/label><\/span><span class=\"wpcf7-list-item last\"><label><input type=\"radio\" name=\"q5\" value=\"1. Nesatisf\u0103c\u0103toare\" \/><span class=\"wpcf7-list-item-label\">1. Nesatisf\u0103c\u0103toare<\/span><\/label><\/span><\/span><\/span>\n\t<\/p>\n<\/div>\n<div class=\"cf7-question\">\n\t<p><strong>6.<\/strong> V\u0103 rug\u0103m s\u0103 ne preciza\u021bi c\u00e2t de probabil este s\u0103 ne recomanda\u021bi altui client?\n\t<\/p>\n\t<p><span class=\"wpcf7-form-control-wrap\" data-name=\"q6\"><span class=\"wpcf7-form-control wpcf7-radio\"><span class=\"wpcf7-list-item first\"><label><input type=\"radio\" name=\"q6\" value=\"5. Foarte probabil\" \/><span class=\"wpcf7-list-item-label\">5. Foarte probabil<\/span><\/label><\/span><span class=\"wpcf7-list-item\"><label><input type=\"radio\" name=\"q6\" value=\"4. Destul de probabil\" \/><span class=\"wpcf7-list-item-label\">4. Destul de probabil<\/span><\/label><\/span><span class=\"wpcf7-list-item\"><label><input type=\"radio\" name=\"q6\" value=\"3. Probabil\" \/><span class=\"wpcf7-list-item-label\">3. Probabil<\/span><\/label><\/span><span class=\"wpcf7-list-item\"><label><input type=\"radio\" name=\"q6\" value=\"2. Par\u021bial probabil\" \/><span class=\"wpcf7-list-item-label\">2. Par\u021bial probabil<\/span><\/label><\/span><span class=\"wpcf7-list-item last\"><label><input type=\"radio\" name=\"q6\" value=\"1. Improbabil\" \/><span class=\"wpcf7-list-item-label\">1. Improbabil<\/span><\/label><\/span><\/span><\/span>\n\t<\/p>\n<\/div>\n<p>*V\u0103 asigur\u0103m c\u0103 informa\u021biile oferite de dumneavoastr\u0103 \u00een acest chestionar sunt confiden\u021biale \u0219i au rolul de a ne oferi o imagine c\u00e2t mai clar\u0103 a modului \u00een care reu\u0219im s\u0103 r\u0103spundem solicit\u0103rilor dumneavoastr\u0103 \u0219i de a \u00eembun\u0103t\u0103\u021bi rela\u021bia de colaborare cu clien\u021bii no\u0219tri.\n<\/p>\n<p><input class=\"wpcf7-form-control wpcf7-submit has-spinner\" type=\"submit\" value=\"Trimite chestionarul\" \/>\n<\/p><input type='hidden' class='wpcf7-pum' value='{\"closepopup\":false,\"closedelay\":0,\"openpopup\":false,\"openpopup_id\":0}' \/><div class=\"wpcf7-response-output\" aria-hidden=\"true\"><\/div>\n<\/form>\n<\/div>\n[\/vc_column][\/vc_row]\n<\/div>","protected":false},"excerpt":{"rendered":"<p>[vc_row][vc_column][vc_row_inner][vc_column_inner width=&#8221;1\/2&#8243;][vc_column_text css=&#8221;&#8221;]S.N. Aeroportul Interna\u0163ional Timi\u015foara \u2013 \u201eTraian Vuia\u201d S.A. \u2022\u00a0\u00a0\u00a0 sediu \u2013 str. Aeroport nr. 2, com. Ghiroda, jud. Timi\u015f, Romania \u2022\u00a0 \u00a0 cod po\u015ftal \u2013 307210 \u2022\u00a0\u00a0\u00a0\u00a0telefon Call-Center \u2013 0256 \/ 386 089; Program Call-Center: 07:00-19:00; \u2022\u00a0 \u00a0 fax \u2013\u00a0 0256 \/ 490 705 \u2022\u00a0\u00a0\u00a0 e-mail \u2013relatii.publice@aerotim.ro \u2022\u00a0\u00a0\u00a0 pagina web \u2013\u00a0www.aerotim.ro \u2022\u00a0\u00a0\u00a0 Reg. [&hellip;]<\/p>\n","protected":false},"author":1,"featured_media":0,"parent":0,"menu_order":0,"comment_status":"closed","ping_status":"closed","template":"","meta":{"footnotes":""},"class_list":["post-5197","page","type-page","status-publish","hentry"],"_links":{"self":[{"href":"https:\/\/www.aerotim.ro\/index.php\/wp-json\/wp\/v2\/pages\/5197","targetHints":{"allow":["GET"]}}],"collection":[{"href":"https:\/\/www.aerotim.ro\/index.php\/wp-json\/wp\/v2\/pages"}],"about":[{"href":"https:\/\/www.aerotim.ro\/index.php\/wp-json\/wp\/v2\/types\/page"}],"author":[{"embeddable":true,"href":"https:\/\/www.aerotim.ro\/index.php\/wp-json\/wp\/v2\/users\/1"}],"replies":[{"embeddable":true,"href":"https:\/\/www.aerotim.ro\/index.php\/wp-json\/wp\/v2\/comments?post=5197"}],"version-history":[{"count":15,"href":"https:\/\/www.aerotim.ro\/index.php\/wp-json\/wp\/v2\/pages\/5197\/revisions"}],"predecessor-version":[{"id":25188,"href":"https:\/\/www.aerotim.ro\/index.php\/wp-json\/wp\/v2\/pages\/5197\/revisions\/25188"}],"wp:attachment":[{"href":"https:\/\/www.aerotim.ro\/index.php\/wp-json\/wp\/v2\/media?parent=5197"}],"curies":[{"name":"wp","href":"https:\/\/api.w.org\/{rel}","templated":true}]}}