{"id":5180,"date":"2022-02-10T12:18:55","date_gmt":"2022-02-10T12:18:55","guid":{"rendered":"https:\/\/opus365.ro\/aerotim_2022\/?page_id=5180"},"modified":"2023-09-08T11:10:00","modified_gmt":"2023-09-08T08:10:00","slug":"cafe-bar","status":"publish","type":"page","link":"https:\/\/www.aerotim.ro\/index.php\/cafe-bar\/","title":{"rendered":"Cafe Bar"},"content":{"rendered":"<div class=\"wpb-content-wrapper\">[vc_row][vc_column][vc_column_text]Pentru momente c\u00e2t mai pl\u0103cute al\u0103turi de noi, v\u0103 stau la dispozi\u0163ie barurile \u015fi restaurantele din cadrul aeroportului.<\/p>\n<p>Dac\u0103 dori\u021bi s\u0103 servi\u021bi masa sau o cafea, barurile \u0219i snack bar-urile aflate \u00een zona public\u0103 a Aeroportului Interna\u021bional \u201eTraian Vuia\u201d, v\u0103 a\u0219teapt\u0103 cu o ofert\u0103 variat\u0103 de produse de cea mai bun\u0103 calitate.<\/p>\n<p>Pute\u0163i s\u0103 servi\u0163i o cafea sau s\u0103 lua\u0163i o gustare \u015fi \u00een sala de tranzit a aeroportului<\/p>\n<p>De asemenea ve\u021bi g\u0103si numeroase automate<\/p>\n<p>&nbsp;<\/p>\n<p>&nbsp;<\/p>\n<p>&nbsp;[\/vc_column_text][\/vc_column][\/vc_row][vc_row][vc_column][vc_single_image image=&#8221;21706&#8243; img_size=&#8221;medium&#8221; alignment=&#8221;right&#8221;][\/vc_column][\/vc_row][vc_row][vc_column][\/vc_column][\/vc_row]\n<\/div>","protected":false},"excerpt":{"rendered":"<p>[vc_row][vc_column][vc_column_text]Pentru momente c\u00e2t mai pl\u0103cute al\u0103turi de noi, v\u0103 stau la dispozi\u0163ie barurile \u015fi restaurantele din cadrul aeroportului. Dac\u0103 dori\u021bi s\u0103 servi\u021bi masa sau o cafea, barurile \u0219i snack bar-urile aflate \u00een zona public\u0103 a Aeroportului Interna\u021bional \u201eTraian Vuia\u201d, v\u0103 a\u0219teapt\u0103 cu o ofert\u0103 variat\u0103 de produse de cea mai bun\u0103 calitate. Pute\u0163i s\u0103 servi\u0163i [&hellip;]<\/p>\n","protected":false},"author":1,"featured_media":0,"parent":0,"menu_order":0,"comment_status":"closed","ping_status":"closed","template":"","meta":{"footnotes":""},"class_list":["post-5180","page","type-page","status-publish","hentry"],"_links":{"self":[{"href":"https:\/\/www.aerotim.ro\/index.php\/wp-json\/wp\/v2\/pages\/5180","targetHints":{"allow":["GET"]}}],"collection":[{"href":"https:\/\/www.aerotim.ro\/index.php\/wp-json\/wp\/v2\/pages"}],"about":[{"href":"https:\/\/www.aerotim.ro\/index.php\/wp-json\/wp\/v2\/types\/page"}],"author":[{"embeddable":true,"href":"https:\/\/www.aerotim.ro\/index.php\/wp-json\/wp\/v2\/users\/1"}],"replies":[{"embeddable":true,"href":"https:\/\/www.aerotim.ro\/index.php\/wp-json\/wp\/v2\/comments?post=5180"}],"version-history":[{"count":7,"href":"https:\/\/www.aerotim.ro\/index.php\/wp-json\/wp\/v2\/pages\/5180\/revisions"}],"predecessor-version":[{"id":21733,"href":"https:\/\/www.aerotim.ro\/index.php\/wp-json\/wp\/v2\/pages\/5180\/revisions\/21733"}],"wp:attachment":[{"href":"https:\/\/www.aerotim.ro\/index.php\/wp-json\/wp\/v2\/media?parent=5180"}],"curies":[{"name":"wp","href":"https:\/\/api.w.org\/{rel}","templated":true}]}}