{"id":5172,"date":"2022-02-10T12:17:46","date_gmt":"2022-02-10T12:17:46","guid":{"rendered":"https:\/\/opus365.ro\/aerotim_2022\/?page_id=5172"},"modified":"2022-06-16T12:09:25","modified_gmt":"2022-06-16T09:09:25","slug":"securitate-si-control","status":"publish","type":"page","link":"https:\/\/www.aerotim.ro\/index.php\/securitate-si-control\/","title":{"rendered":"Securitate \u0219i control"},"content":{"rendered":"\n<h4 class=\"wp-block-heading\">Sfaturi utile \u00eenaintea efectu\u0103rii controlului de securitate<\/h4>\n\n\n\n<ul class=\"wp-block-list\"><li>Accesul \u00een zona filtrelor de control de securitate este permis doar posesorilor unei c\u0103r\u021bi de \u00eembarcare valabile.<\/li><li>Este recomandat ca persoanele cu stimulator cardiac s\u0103 informeze personalul de securitate \u00eenainte de a trece prin poarta detectoare de metale.<\/li><li>La filtrele de control de securitate, pasagerii sunt obliga\u021bi s\u0103 respecte indica\u021biile personalului de securitate.<\/li><li>Pentru reducerea aglomer\u0103rilor la filtrele de control de securitate, pasagerii trebuie s\u0103 se asigure c\u0103 nu au \u00een bagaje (at\u00e2t \u00een cele de cabin\u0103, c\u00e2t \u0219i \u00een cele de cal\u0103) articole interzise la transport \u00een aeronav\u0103.<\/li><\/ul>\n\n\n\n<h4 class=\"wp-block-heading\">Pentru eficientizarea timpului alocat controlului de securitate trebuie:<\/h4>\n\n\n\n<ul class=\"wp-block-list\"><li>s\u0103 v\u0103 scoate\u0163i paltoanele, pardesiele \u015fi sacourile; acestea vor fi controlate separat;<\/li><li>s\u0103 v\u0103 scoate\u0163i calculatoarele portabile \u015fi celelalte dispozitive electrice mari din bagajele de m\u00e2n\u0103; acestea vor fi controlate separat.<\/li><li>s\u0103 prezenta\u0163i personalului de securitate, spre examinare, toate lichidele pe care le ave\u0163i.<\/li><\/ul>\n\n\n\n<h4 class=\"wp-block-heading\">Exemple de lichide:<\/h4>\n\n\n\n<ul class=\"wp-block-list\"><li>ap\u0103 \u015fi alte b\u0103uturi, supe, siropuri;<\/li><li>creme, lo\u0163iuni \u015fi uleiuri;<\/li><li>parfumuri;<\/li><li>spray-uri;<\/li><li>geluri, inclusiv geluri de p\u0103r \u015fi geluri de du\u015f;<\/li><li>con\u0163inutul recipientelor sub presiune, inclusiv spum\u0103 de ras, alte spume \u015fi deodorante;<\/li><li>paste, inclusiv past\u0103 de din\u0163i;<\/li><li>amestecuri de substan\u0163e lichide \u015fi solide.<\/li><\/ul>\n\n\n\n<p><strong><a href=\"http:\/\/www.sri.ro\/securitatea-aviatiei-civile\" target=\"_blank\" rel=\"noreferrer noopener\">Pentru Mai Multe Detalii Privind Controlul De Securitate Accesa\u021bi Pagina&nbsp;Serviciului Rom\u00e2n De Informa\u021bii<\/a><\/strong><\/p>\n","protected":false},"excerpt":{"rendered":"<p>Sfaturi utile \u00eenaintea efectu\u0103rii controlului de securitate Accesul \u00een zona filtrelor de control de securitate este permis doar posesorilor unei c\u0103r\u021bi de \u00eembarcare valabile. Este recomandat ca persoanele cu stimulator cardiac s\u0103 informeze personalul de securitate \u00eenainte de a trece prin poarta detectoare de metale. La filtrele de control de securitate, pasagerii sunt obliga\u021bi s\u0103 [&hellip;]<\/p>\n","protected":false},"author":1,"featured_media":0,"parent":0,"menu_order":0,"comment_status":"closed","ping_status":"closed","template":"","meta":{"footnotes":""},"class_list":["post-5172","page","type-page","status-publish","hentry"],"_links":{"self":[{"href":"https:\/\/www.aerotim.ro\/index.php\/wp-json\/wp\/v2\/pages\/5172","targetHints":{"allow":["GET"]}}],"collection":[{"href":"https:\/\/www.aerotim.ro\/index.php\/wp-json\/wp\/v2\/pages"}],"about":[{"href":"https:\/\/www.aerotim.ro\/index.php\/wp-json\/wp\/v2\/types\/page"}],"author":[{"embeddable":true,"href":"https:\/\/www.aerotim.ro\/index.php\/wp-json\/wp\/v2\/users\/1"}],"replies":[{"embeddable":true,"href":"https:\/\/www.aerotim.ro\/index.php\/wp-json\/wp\/v2\/comments?post=5172"}],"version-history":[{"count":4,"href":"https:\/\/www.aerotim.ro\/index.php\/wp-json\/wp\/v2\/pages\/5172\/revisions"}],"predecessor-version":[{"id":18539,"href":"https:\/\/www.aerotim.ro\/index.php\/wp-json\/wp\/v2\/pages\/5172\/revisions\/18539"}],"wp:attachment":[{"href":"https:\/\/www.aerotim.ro\/index.php\/wp-json\/wp\/v2\/media?parent=5172"}],"curies":[{"name":"wp","href":"https:\/\/api.w.org\/{rel}","templated":true}]}}