{"id":5166,"date":"2022-02-10T12:17:01","date_gmt":"2022-02-10T12:17:01","guid":{"rendered":"https:\/\/opus365.ro\/aerotim_2022\/?page_id=5166"},"modified":"2025-05-07T13:30:44","modified_gmt":"2025-05-07T10:30:44","slug":"drepturile-pasagerilor","status":"publish","type":"page","link":"https:\/\/www.aerotim.ro\/index.php\/drepturile-pasagerilor\/","title":{"rendered":"Drepturile Pasagerilor"},"content":{"rendered":"<p><strong>Drepturile pasagerilor<\/strong><\/p>\n<ol>\n<li><strong>Bagaje<\/strong><\/li>\n<\/ol>\n<p>Dac\u0103 bagajul este pierdut, deteriorat sau \u00eent\u00e2rzie, pute\u0163i avea dreptul la o compensa\u0163ie. Cu toate acestea, companiile aeriene nu pot fi considerate r\u0103spunz\u0103toare dac\u0103 au luat toate m\u0103surile rezonabile pentru a evita prejudiciile sau dac\u0103 luarea acestor m\u0103suri era imposibil\u0103. \u00cen cazul deterior\u0103rii bagajului, trebuie s\u0103 depune\u0163i o reclama\u0163ie la compania aerian\u0103 \u00een termen de \u015fapte zile de la primirea bagajului dumneavoastr\u0103. \u00cen cazul \u00eent\u00e2rzierii primirii bagajului, aceast\u0103 perioad\u0103 este de cel mult 21 de zile.<\/p>\n<p><strong style=\"font-size: 16px;\">2. Persoane cu handicap \u015fi persoane cu mobilitate redus\u0103<\/strong><\/p>\n<p>\u00cen temeiul legisla\u0163iei UE, persoanele cu handicap \u015fi \/ sau cu mobilitate redus\u0103 sunt protejate \u00eempotriva discrimin\u0103rii \u00een cursul rezerv\u0103rii \u015fi \u00eembarc\u0103rii. Ace\u015ftia au dreptul, de asemenea, la asisten\u0163\u0103 \u00een aeroporturi (la plecare, la sosire \u015fi \u00een tranzit) \u015fi la bordul aeronavelor. Pentru a facilita acordarea de asisten\u0163\u0103, se recomand\u0103 s\u0103 trimite\u0163i o notificare prealabil\u0103 referitoare la nevoile dumneavoastr\u0103.<\/p>\n<p><strong style=\"font-size: 16px;\">3. Refuz la \u00eembarcare<\/strong><\/p>\n<p>\u00cen cazul \u00een care pasagerilor li se refuz\u0103 \u00eembarcarea, aeronavele trebuie mai \u00eent\u00e2i s\u0103 caute voluntari dispu\u015fi s\u0103 renun\u0163e la rezerv\u0103rile lor \u00een schimbul anumitor beneficii. \u00cen plus, operatorul de transport aerian trebuie, de asemenea, s\u0103 le ofere voluntarilor posibilitatea alegerii \u00eentre o rambursare integral\u0103 \u015fi redirec\u0163ionare. Pute\u0163i avea dreptul la o compensa\u0163ie \u00een func\u0163ie de distan\u0163a zborului \u015fi de \u00eent\u00e2rzierile \u00eenregistrate \u00eenainte de redirec\u0163ionare. \u00cen cazul \u00een care voluntarii aleg redirec\u0163ionarea, compania aerian\u0103 trebuie, de asemenea, s\u0103 ofere asisten\u0163\u0103 dac\u0103 este necesar, de exemplu: m\u00e2ncare, acces la un telefon, cazare la hotel pentru una sau mai multe nop\u0163i, dup\u0103 caz, \u015fi transport de la aeroport p\u00e2n\u0103 la locul de cazare.<\/p>\n<p>\u00cen astfel de cazuri, po\u021bi ob\u021bine <strong><a href=\"https:\/\/claimbee.com\/ro\/despagubiri-refuz-la-imbarcare\" target=\"_blank\" rel=\"noopener\">desp\u0103gubire refuz la \u00eembarcare<\/a><\/strong>, \u00een func\u021bie de distan\u021ba zborului. ClaimBee te poate ajuta s\u0103 ob\u021bii rapid aceast\u0103 desp\u0103gubire, reprezentan\u021bii ClaimBee opereaz\u0103 \u0219i \u00een cadrul Aeroportului Interna\u021bional Traian Vuia din Timi\u0219oara, unde po\u021bi primi sprijin imediat.<\/p>\n<p><strong style=\"font-size: 16px;\">4. Anularea zborului<\/strong><\/p>\n<p>Ave\u0163i dreptul, de asemenea, la o compensa\u0163ie identic\u0103 celei oferite atunci c\u00e2nd vi se refuz\u0103 \u00eembarcarea, cu excep\u0163ia cazului \u00een care a\u0163i fost informat cu privire la anularea zborului cu cel pu\u0163in 14 zile \u00eenainte sau a\u0163i fost redirec\u0163ionat la ore apropiate orarului ini\u0163ial de zbor sau dac\u0103 o companie aerian\u0103 poate dovedi c\u0103 anularea a fost cauzat\u0103 de \u00eemprejur\u0103ri extraordinare. \u00cen plus, compania aerian\u0103 trebuie s\u0103 v\u0103 ofere posibilitatea alegerii \u00eentre<\/p>\n<ul>\n<li>rambursarea costului biletului dumneavoastr\u0103 \u00een termen de \u015fapte zile;<\/li>\n<li>redirec\u0163ionarea, \u00een condi\u0163ii de transport comparabile, spre destina\u0163ia final\u0103;<\/li>\n<li>dac\u0103 este necesar, deservire (telefon, b\u0103uturi r\u0103coritoare, m\u00e2ncare, cazare, transport p\u00e2n\u0103 la locul de cazare)<\/li>\n<\/ul>\n<p>Pentru anularea zborului f\u0103r\u0103 notificare corespunz\u0103toare, ai dreptul la <strong><a href=\"https:\/\/claimbee.com\/ro\/compensatie-zbor-anulat\" target=\"_blank\" rel=\"noopener\">compensa\u021bie zbor anulat<\/a><\/strong>, stabilit\u0103 \u00een func\u021bie de distan\u021ba c\u0103l\u0103toriei. Po\u021bi trimite cererea ta prin<strong> <a href=\"https:\/\/claimbee.com\/ro\" target=\"_blank\" rel=\"noopener\">ClaimBee<\/a><\/strong> \u0219i ei se ocup\u0103 de tot procesul.<\/p>\n<p>&nbsp;<\/p>\n<p><strong style=\"font-size: 16px;\">5. \u00cent\u00e2rzieri prelungite<\/strong><\/p>\n<p>Ave\u0163i dreptul la deservire de c\u0103tre compania aerian\u0103 (apeluri telefonice, b\u0103uturi r\u0103coritoare, mas\u0103, cazare, transport p\u00e2n\u0103 la locul de cazare), \u00een cazul \u00een care \u00eent\u00e2rzierea este de:<\/p>\n<ul>\n<li>dou\u0103 ore sau mai mult pentru zboruri de cel mult 1 500 km;<\/li>\n<li>trei ore sau mai mult pentru zborurile intracomunitare mai lungi sau pentru alte zboruri cuprinse \u00eentre 1 500 \u015fi 3 500 km;<\/li>\n<li>patru ore sau mai mult pentru zborurile extracomunitare de peste 3 500 km.<\/li>\n<\/ul>\n<p>Dac\u0103 \u00eent\u00e2rzierea este mai mare de cinci ore \u015fi v\u0103 hot\u0103r\u00e2\u0163i s\u0103 nu v\u0103 continua\u0163i c\u0103l\u0103toria, ave\u0163i dreptul, de asemenea, la rambursarea costului biletului \u015fi la un zbor de retur la punctul de plecare ini\u0163ial. Dac\u0103 ajunge\u021bi la destina\u021bia final\u0103 cu o \u00eent\u00e2rziere de trei ore sau mai mult, pute\u021bi avea dreptul la o compensa\u021bie identic\u0103 cu cea oferit\u0103 atunci c\u00e2nd zborul este anulat, cu excep\u021bia cazului \u00een care compania aerian\u0103 poate dovedi c\u0103 \u00eent\u00e2rzierea a fost cauzat\u0103 de circumstan\u021be extraordinare. \u00cen plus, companiile aeriene pot fi considerate r\u0103spunz\u0103toare pentru prejudiciile care rezult\u0103 \u00een urma \u00eent\u00e2rzierilor.<\/p>\n<p>Dac\u0103 ajungi cu o \u00eent\u00e2rziere de cel pu\u021bin trei ore, ai dreptul la <strong><a href=\"https:\/\/claimbee.com\/ro\/compensatie-zbor-intarziat\" target=\"_blank\" rel=\"noopener\">compensa\u021bie zbor \u00eent\u00e2rziat<\/a><\/strong>. Po\u021bi ob\u021bine aceast\u0103 compensa\u021bie online, prin platforma ClaimBee sau direct la reprezenta\u021bii companiei din cadrul Aeroportului Interna\u021bioanl Traian Vuia.<\/p>\n<p>&nbsp;<\/p>\n<p><strong style=\"font-size: 16px;\">6. Identitatea companiei aeriene<\/strong><\/p>\n<p>Trebuie s\u0103 fi\u0163i informa\u0163i \u00een avans cu privire la identitatea companiei aeriene care furnizeaz\u0103 serviciul. Companiile aeriene considerate nesigure sunt supuse unor interdic\u0163ii sau restric\u0163ii \u00een interiorul Uniunii Europene.<\/p>\n<p>Lista acestora poate fi consultat\u0103 la:\u00a0\u00a0<a href=\"http:\/\/ec.europa.eu\/transport\/air-ban\/\" target=\"_blank\" rel=\"noopener\">http:\/\/ec.europa.eu\/transport\/air-ban\/<\/a><\/p>\n<p><strong style=\"font-size: 16px;\">7. Pachete de vacan\u0163\u0103<\/strong><\/p>\n<p>Organizatorii \u015fi comercian\u0163ii cu am\u0103nuntul de pachete de vacan\u0163\u0103 sunt obliga\u0163i s\u0103 ofere informa\u0163ii precise, complete despre pachetele de vacan\u0163\u0103 rezervate. Ace\u015ftia sunt obliga\u0163i s\u0103 respecte termenii contractuali \u015fi s\u0103 protejeze pasagerii \u00een caz de insolven\u0163\u0103. Operatorii de turism trebuie s\u0103 ofere informa\u0163ii corecte cu privire la vacan\u0163a rezervat\u0103, s\u0103 respecte obliga\u0163iile contractuale \u015fi s\u0103 protejeze pasagerii \u00een cazul insolven\u0163ei organizatorului.<\/p>\n<p><strong style=\"font-size: 16px;\">8. Transparen\u0163a pre\u0163urilor<\/strong><\/p>\n<p>Potrivit legisla\u021biei europene, atunci c\u00e2nd cump\u0103ra\u021bi bilete pentru zboruri cu plecare de pe aeroporturi din UE, trebuie s\u0103 vi se explice clar condi\u021biile aplicabile. Pre\u0163ul final care urmeaz\u0103 s\u0103 fie pl\u0103tit trebuie indicat \u00een orice moment \u015fi trebuie s\u0103 cuprind\u0103 tariful aplicabil, precum \u015fi toate tarifele, impunerile, tarifele suplimentare \u015fi alte comisioane aplicabile, care nu pot fi evitate \u015fi sunt previzibile \u00een momentul public\u0103rii.\u00a0 Ar trebui, de asemenea, s\u0103 vi se specifice defalcat tariful, taxele \u015fi, \u00een cele din urm\u0103, alte tarife, impuneri, tarife suplimentare \u015fi comisioane. Suplimetele de pre\u0163 op\u0163ionale trebuie s\u0103 fie comunicate \u00een mod clar, transparent \u015fi lipsit de ambiguitate la \u00eenceputul oric\u0103rui proces de rezervare, iar acceptarea trebuie s\u0103 se fac\u0103 la alegerea dumneavoastr\u0103.<\/p>\n<p><strong style=\"font-size: 16px;\">9. Ce ar trebui s\u0103 face\u0163i \u00een cazul \u00een care considera\u0163i c\u0103 drepturile dumneavoastr\u0103 de pasager au fost \u00eenc\u0103lcate?<\/strong><\/p>\n<p>\u00cen cazul \u00een care considera\u0163i c\u0103 au fost \u00eenc\u0103lcate drepturile dumneavoastr\u0103 prev\u0103zute de legisla\u0163ia \u00een materie de drepturi ale pasagerilor aerieni:<\/p>\n<ul>\n<li>Ar trebui, mai \u00eent\u00e2i, s\u0103 contacta\u0163i compania aerian\u0103 sau \u2013 pentru probleme legate de persoanele cu mobilitate redus\u0103 \u2013 aeroportul.<\/li>\n<li>Dac\u0103 nu sunte\u0163i mul\u0163umit de r\u0103spunsul acestora, pute\u0163i depune o reclama\u0163ie la unul dintre Organismele na\u0163ionale de punere \u00een aplicare (ONPA).<\/li>\n<\/ul>\n<p>NOT\u0102: \u00cen principiu, reclama\u0163iile ar trebui depuse \u00een \u0163ara \u00een care a avut loc incidentul.<\/p>\n<p>Pentru mai multe detalii, accesa\u0163i\u00a0<a href=\"http:\/\/ec.europa.eu\/transport\/passenger-rights\/ro\/03-air.html\" target=\"_blank\" rel=\"noopener\">site-ul Comisiei Europene<\/a><\/p>\n<p>&nbsp;<\/p>\n","protected":false},"excerpt":{"rendered":"<p>Drepturile pasagerilor Bagaje Dac\u0103 bagajul este pierdut, deteriorat sau \u00eent\u00e2rzie, pute\u0163i avea dreptul la o compensa\u0163ie. Cu toate acestea, companiile aeriene nu pot fi considerate r\u0103spunz\u0103toare dac\u0103 au luat toate m\u0103surile rezonabile pentru a evita prejudiciile sau dac\u0103 luarea acestor m\u0103suri era imposibil\u0103. \u00cen cazul deterior\u0103rii bagajului, trebuie s\u0103 depune\u0163i o reclama\u0163ie la compania aerian\u0103 [&hellip;]<\/p>\n","protected":false},"author":1,"featured_media":0,"parent":0,"menu_order":0,"comment_status":"closed","ping_status":"closed","template":"","meta":{"footnotes":""},"class_list":["post-5166","page","type-page","status-publish","hentry"],"_links":{"self":[{"href":"https:\/\/www.aerotim.ro\/index.php\/wp-json\/wp\/v2\/pages\/5166","targetHints":{"allow":["GET"]}}],"collection":[{"href":"https:\/\/www.aerotim.ro\/index.php\/wp-json\/wp\/v2\/pages"}],"about":[{"href":"https:\/\/www.aerotim.ro\/index.php\/wp-json\/wp\/v2\/types\/page"}],"author":[{"embeddable":true,"href":"https:\/\/www.aerotim.ro\/index.php\/wp-json\/wp\/v2\/users\/1"}],"replies":[{"embeddable":true,"href":"https:\/\/www.aerotim.ro\/index.php\/wp-json\/wp\/v2\/comments?post=5166"}],"version-history":[{"count":6,"href":"https:\/\/www.aerotim.ro\/index.php\/wp-json\/wp\/v2\/pages\/5166\/revisions"}],"predecessor-version":[{"id":23465,"href":"https:\/\/www.aerotim.ro\/index.php\/wp-json\/wp\/v2\/pages\/5166\/revisions\/23465"}],"wp:attachment":[{"href":"https:\/\/www.aerotim.ro\/index.php\/wp-json\/wp\/v2\/media?parent=5166"}],"curies":[{"name":"wp","href":"https:\/\/api.w.org\/{rel}","templated":true}]}}