{"id":23282,"date":"2025-01-17T10:55:13","date_gmt":"2025-01-17T08:55:13","guid":{"rendered":"https:\/\/www.aerotim.ro\/?page_id=23282"},"modified":"2026-04-03T11:51:03","modified_gmt":"2026-04-03T08:51:03","slug":"executia-bugetara","status":"publish","type":"page","link":"https:\/\/www.aerotim.ro\/index.php\/executia-bugetara\/","title":{"rendered":"Execu\u0163ia bugetar\u0103"},"content":{"rendered":"<p>Pl\u0103\u021bi 2015\u00a0 \u00a0 \u00a0 <a href=\"https:\/\/www.aerotim.ro\/wp-content\/uploads\/2025\/08\/PLATI-IN-LEI-2015.pdf\" target=\"_blank\" rel=\"noopener\">LEI<\/a>\u00a0 \u00a0 \u00a0 <a href=\"https:\/\/www.aerotim.ro\/wp-content\/uploads\/2025\/08\/PLATI-IN-EURO-2015.pdf\" target=\"_blank\" rel=\"noopener\">EURO<\/a><\/p>\n<p>Pl\u0103\u021bi 2016\u00a0 \u00a0 \u00a0 <a href=\"https:\/\/www.aerotim.ro\/wp-content\/uploads\/2025\/08\/PLATI-IN-LEI-2016.pdf\" target=\"_blank\" rel=\"noopener\">LEI<\/a>\u00a0 \u00a0 \u00a0 <a href=\"https:\/\/www.aerotim.ro\/wp-content\/uploads\/2025\/08\/PLATI-IN-EURO-2016.pdf\" target=\"_blank\" rel=\"noopener\">EURO<\/a><\/p>\n<p>Pl\u0103\u021bi 2017\u00a0 \u00a0 \u00a0<a href=\"https:\/\/www.aerotim.ro\/wp-content\/uploads\/2025\/08\/PLATI-IN-LEI-2017.pdf\" target=\"_blank\" rel=\"noopener\"> LEI\u00a0<\/a> \u00a0 \u00a0 <a href=\"https:\/\/www.aerotim.ro\/wp-content\/uploads\/2025\/08\/PLATI-IN-EURO-2017.pdf\" target=\"_blank\" rel=\"noopener\">EURO<\/a><\/p>\n<p>Pl\u0103\u021bi 2018\u00a0 \u00a0 \u00a0 <a href=\"https:\/\/www.aerotim.ro\/wp-content\/uploads\/2025\/01\/PLATI-LEI-AN-2018.pdf\" target=\"_blank\" rel=\"noopener\">LEI<\/a>\u00a0 \u00a0 \u00a0 <a href=\"https:\/\/www.aerotim.ro\/wp-content\/uploads\/2025\/01\/PLATI-EURO-AN-2018.pdf\" target=\"_blank\" rel=\"noopener\">EURO<\/a><\/p>\n<p>Pl\u0103\u021bi 2019\u00a0 \u00a0 \u00a0 <a href=\"https:\/\/www.aerotim.ro\/wp-content\/uploads\/2025\/01\/PLATI-LEI-AN-2019.pdf\" target=\"_blank\" rel=\"noopener\">LEI<\/a>\u00a0 \u00a0 \u00a0 <a href=\"https:\/\/www.aerotim.ro\/wp-content\/uploads\/2025\/01\/PLATI-EURO-AN-2019.pdf\" target=\"_blank\" rel=\"noopener\">EURO<\/a><\/p>\n<p>Pl\u0103\u021bi 2020\u00a0 \u00a0 \u00a0 <a href=\"https:\/\/www.aerotim.ro\/wp-content\/uploads\/2025\/01\/PLATI-LEI-AN-2020.pdf\" target=\"_blank\" rel=\"noopener\">LEI<\/a>\u00a0 \u00a0 \u00a0 <a href=\"https:\/\/www.aerotim.ro\/wp-content\/uploads\/2025\/01\/PLATI-EURO-AN-2020.pdf\" target=\"_blank\" rel=\"noopener\">EURO<\/a><\/p>\n<p>Pl\u0103\u021bi 2021\u00a0 \u00a0 \u00a0 <a href=\"https:\/\/www.aerotim.ro\/wp-content\/uploads\/2025\/01\/PLATI-LEI-AN-2021.pdf\" target=\"_blank\" rel=\"noopener\">LEI<\/a>\u00a0 \u00a0 \u00a0 <a href=\"https:\/\/www.aerotim.ro\/wp-content\/uploads\/2025\/01\/PLATI-EURO-AN-2021.pdf\" target=\"_blank\" rel=\"noopener\">EURO<\/a><\/p>\n<p>Pl\u0103\u021bi 2022\u00a0 \u00a0 \u00a0<a href=\"https:\/\/www.aerotim.ro\/wp-content\/uploads\/2025\/01\/PLATI-LEI-AN-2022.pdf\" target=\"_blank\" rel=\"noopener\"> LEI<\/a>\u00a0 \u00a0 \u00a0 <a href=\"https:\/\/www.aerotim.ro\/wp-content\/uploads\/2025\/01\/PLATI-EURO-AN-2022.pdf\" target=\"_blank\" rel=\"noopener\">EURO<\/a><\/p>\n<p>Pl\u0103\u021bi 2023\u00a0 \u00a0 \u00a0<a href=\"https:\/\/www.aerotim.ro\/wp-content\/uploads\/2025\/01\/PLATI-LEI-AN-2023.pdf\" target=\"_blank\" rel=\"noopener\"> LEI<\/a>\u00a0 \u00a0 \u00a0 <a href=\"https:\/\/www.aerotim.ro\/wp-content\/uploads\/2025\/01\/PLATI-EURO-AN-2023.pdf\" target=\"_blank\" rel=\"noopener\">EURO<\/a><\/p>\n<p>Pl\u0103\u021bi 2024\u00a0 \u00a0 \u00a0 <a href=\"https:\/\/www.aerotim.ro\/wp-content\/uploads\/2025\/01\/PLATI-LEI-AN-2024.pdf\" target=\"_blank\" rel=\"noopener\">LEI\u00a0<\/a> \u00a0 \u00a0 <a href=\"https:\/\/www.aerotim.ro\/wp-content\/uploads\/2025\/01\/PLATI-EURO-AN-2024.pdf\" target=\"_blank\" rel=\"noopener\">EURO<\/a><\/p>\n<p>Pl\u0103\u021bi 2025:\u00a0 \u00a0 \u00a0 <strong>Ianuarie\u00a0<\/strong> <a href=\"https:\/\/www.aerotim.ro\/wp-content\/uploads\/2025\/08\/PLATI-EFECTUATE-LEI-IANUARIE-2025.pdf\" target=\"_blank\" rel=\"noopener\">LEI\u00a0<\/a> <a href=\"https:\/\/www.aerotim.ro\/wp-content\/uploads\/2025\/08\/PLATI-EFECTUATE-EURO-IANUARIE-2025.pdf\" target=\"_blank\" rel=\"noopener\">EURO\u00a0 \u00a0<\/a><strong>Februarie<\/strong> <a href=\"https:\/\/www.aerotim.ro\/wp-content\/uploads\/2025\/08\/PLATI-EFECTUATE-LEI-FEBRUARIE-2025.pdf\" target=\"_blank\" rel=\"noopener\">LEI\u00a0<\/a> <a href=\"https:\/\/www.aerotim.ro\/wp-content\/uploads\/2025\/08\/PLATI-EFECTUATE-EURO-FEBRUARIE-2025.pdf\" target=\"_blank\" rel=\"noopener\">EURO<\/a> <strong>Martie<\/strong> <a href=\"https:\/\/www.aerotim.ro\/wp-content\/uploads\/2025\/08\/PLATI-EFECTUATE-LEI-MARTIE-2025.pdf\" target=\"_blank\" rel=\"noopener\">LEI\u00a0<\/a> <a href=\"https:\/\/www.aerotim.ro\/wp-content\/uploads\/2025\/08\/PLATI-EFECTUATE-EURO-MARTIE-2025.pdf\" target=\"_blank\" rel=\"noopener\">EURO<\/a> <strong>Aprilie<\/strong> <a href=\"https:\/\/www.aerotim.ro\/wp-content\/uploads\/2025\/08\/PLATI-EFECTUATE-LEI-APRILIE-2025.pdf\" target=\"_blank\" rel=\"noopener\">LEI\u00a0<\/a> <a href=\"https:\/\/www.aerotim.ro\/wp-content\/uploads\/2025\/08\/PLATI-EFECTUATE-EURO-APRILIE-2025.pdf\" target=\"_blank\" rel=\"noopener\">EURO<\/a> <strong>Mai<\/strong> <a href=\"https:\/\/www.aerotim.ro\/wp-content\/uploads\/2025\/08\/PLATI-EFECTUATE-LEI-MAI-2025.pdf\" target=\"_blank\" rel=\"noopener\">LEI\u00a0<\/a> <a href=\"https:\/\/www.aerotim.ro\/wp-content\/uploads\/2025\/08\/PLATI-EFECTUATE-EURO-MAI-2025.pdf\" target=\"_blank\" rel=\"noopener\">EURO<\/a> <strong>Iunie<\/strong> <a href=\"https:\/\/www.aerotim.ro\/wp-content\/uploads\/2025\/08\/PLATI-EFECTUATE-LEI-IUNIE-2025.pdf\" target=\"_blank\" rel=\"noopener\">LEI\u00a0<\/a> <a href=\"https:\/\/www.aerotim.ro\/wp-content\/uploads\/2025\/08\/PLATI-EFECTUATE-EURO-IUNIE-2025.pdf\" target=\"_blank\" rel=\"noopener\">EURO<\/a>\u00a0 \u00a0<strong>Iulie<\/strong> <a href=\"https:\/\/www.aerotim.ro\/wp-content\/uploads\/2025\/09\/IULIE-2025-PLATI-LEI.pdf\" target=\"_blank\" rel=\"noopener\">LEI\u00a0<\/a> \u00a0<a href=\"https:\/\/www.aerotim.ro\/wp-content\/uploads\/2025\/09\/IULIE-2025-PLATI-EURO.pdf\" target=\"_blank\" rel=\"noopener\">EURO<\/a>\u00a0 \u00a0 <strong>August<\/strong> <a href=\"https:\/\/www.aerotim.ro\/wp-content\/uploads\/2025\/09\/AUGUST-2025-PLATI-LEI.pdf\" target=\"_blank\" rel=\"noopener\">LEI\u00a0<\/a> \u00a0 <a href=\"https:\/\/www.aerotim.ro\/wp-content\/uploads\/2025\/09\/AUGUST-2025-PLATI-EURO.pdf\">EURO<\/a>\u00a0 \u00a0 \u00a0<strong>Septembrie\u00a0<\/strong> <a href=\"https:\/\/www.aerotim.ro\/wp-content\/uploads\/2025\/10\/PLATI-SEPTEMBRIE-2025-LEI.pdf\" target=\"_blank\" rel=\"noopener\">LEI\u00a0<\/a> \u00a0 \u00a0<a href=\"https:\/\/www.aerotim.ro\/wp-content\/uploads\/2025\/10\/PLATI-SEPTEMBRIE-2025-EURO.pdf\" target=\"_blank\" rel=\"noopener\">EURO<\/a>\u00a0 \u00a0 <strong>Octombrie<\/strong> <a href=\"https:\/\/www.aerotim.ro\/wp-content\/uploads\/2025\/12\/PLATI-OCTOMBRIE-2025-LEI.pdf\" target=\"_blank\" rel=\"noopener\">LEI\u00a0<\/a> \u00a0<a href=\"https:\/\/www.aerotim.ro\/wp-content\/uploads\/2025\/12\/PLATI-OCTOMBRIE-2025-EURO.pdf\" target=\"_blank\" rel=\"noopener\">EURO<\/a>\u00a0 \u00a0<strong>Noiembrie<\/strong> <a href=\"https:\/\/www.aerotim.ro\/wp-content\/uploads\/2025\/12\/PLATI-NOIEMBRIE-2025-LEI.pdf\" target=\"_blank\" rel=\"noopener\">LEI<\/a>\u00a0 \u00a0<a href=\"https:\/\/www.aerotim.ro\/wp-content\/uploads\/2025\/12\/PLATI-NOIEMBRIE-2025-EURO.pdf\" target=\"_blank\" rel=\"noopener\">EURO<\/a>\u00a0 \u00a0 \u00a0<strong>Decembrie\u00a0<\/strong><a href=\"https:\/\/www.aerotim.ro\/wp-content\/uploads\/2026\/02\/PLATI-LEI-DECEMBRIE-2025.pdf\" target=\"_blank\" rel=\"noopener\">LEI\u00a0<\/a> \u00a0 <a href=\"https:\/\/www.aerotim.ro\/wp-content\/uploads\/2026\/02\/PLATI-EURO-DECEMBRIE-2025.pdf\" target=\"_blank\" rel=\"noopener\">EURO<\/a><\/p>\n<p>Pl\u0103\u021bi 2026:\u00a0 <strong>Ianuarie\u00a0<\/strong> <a href=\"https:\/\/www.aerotim.ro\/wp-content\/uploads\/2026\/02\/PLATI-LEI-IANUARIE-2026.pdf\" target=\"_blank\" rel=\"noopener\">LEI<\/a>\u00a0 <a href=\"https:\/\/www.aerotim.ro\/wp-content\/uploads\/2026\/02\/PLATI-EURO-IANUARIE-2026.pdf\" target=\"_blank\" rel=\"noopener\">EURO<\/a>\u00a0 \u00a0 \u00a0 <strong>Februarie<\/strong> <a href=\"https:\/\/www.aerotim.ro\/wp-content\/uploads\/2026\/04\/PLATI-LEI-FEBRUARIE-2026.pdf\" target=\"_blank\" rel=\"noopener\">LEI\u00a0<\/a> <a href=\"https:\/\/www.aerotim.ro\/wp-content\/uploads\/2026\/04\/PLATI-EURO-FEBRUARIE-2026.pdf\" target=\"_blank\" rel=\"noopener\">EURO<\/a><\/p>\n<p>&nbsp;<\/p>\n<p>&nbsp;<\/p>\n<p>&nbsp;<\/p>\n<p>&nbsp;<\/p>\n<p>&nbsp;<\/p>\n<p>&nbsp;<\/p>\n<p>&nbsp;<\/p>\n","protected":false},"excerpt":{"rendered":"<p>Pl\u0103\u021bi 2015\u00a0 \u00a0 \u00a0 LEI\u00a0 \u00a0 \u00a0 EURO Pl\u0103\u021bi 2016\u00a0 \u00a0 \u00a0 LEI\u00a0 \u00a0 \u00a0 EURO Pl\u0103\u021bi 2017\u00a0 \u00a0 \u00a0 LEI\u00a0 \u00a0 \u00a0 EURO Pl\u0103\u021bi 2018\u00a0 \u00a0 \u00a0 LEI\u00a0 \u00a0 \u00a0 EURO Pl\u0103\u021bi 2019\u00a0 \u00a0 \u00a0 LEI\u00a0 \u00a0 \u00a0 EURO Pl\u0103\u021bi 2020\u00a0 \u00a0 \u00a0 LEI\u00a0 \u00a0 \u00a0 EURO Pl\u0103\u021bi 2021\u00a0 \u00a0 \u00a0 LEI\u00a0 \u00a0 \u00a0 [&hellip;]<\/p>\n","protected":false},"author":5,"featured_media":0,"parent":0,"menu_order":0,"comment_status":"closed","ping_status":"closed","template":"","meta":{"footnotes":""},"class_list":["post-23282","page","type-page","status-publish","hentry"],"_links":{"self":[{"href":"https:\/\/www.aerotim.ro\/index.php\/wp-json\/wp\/v2\/pages\/23282","targetHints":{"allow":["GET"]}}],"collection":[{"href":"https:\/\/www.aerotim.ro\/index.php\/wp-json\/wp\/v2\/pages"}],"about":[{"href":"https:\/\/www.aerotim.ro\/index.php\/wp-json\/wp\/v2\/types\/page"}],"author":[{"embeddable":true,"href":"https:\/\/www.aerotim.ro\/index.php\/wp-json\/wp\/v2\/users\/5"}],"replies":[{"embeddable":true,"href":"https:\/\/www.aerotim.ro\/index.php\/wp-json\/wp\/v2\/comments?post=23282"}],"version-history":[{"count":13,"href":"https:\/\/www.aerotim.ro\/index.php\/wp-json\/wp\/v2\/pages\/23282\/revisions"}],"predecessor-version":[{"id":25884,"href":"https:\/\/www.aerotim.ro\/index.php\/wp-json\/wp\/v2\/pages\/23282\/revisions\/25884"}],"wp:attachment":[{"href":"https:\/\/www.aerotim.ro\/index.php\/wp-json\/wp\/v2\/media?parent=23282"}],"curies":[{"name":"wp","href":"https:\/\/api.w.org\/{rel}","templated":true}]}}