{"id":23276,"date":"2025-01-17T10:31:39","date_gmt":"2025-01-17T08:31:39","guid":{"rendered":"https:\/\/www.aerotim.ro\/?page_id=23276"},"modified":"2026-03-17T08:51:41","modified_gmt":"2026-03-17T06:51:41","slug":"strategia-nationala-anticoruptie-anexa-4","status":"publish","type":"page","link":"https:\/\/www.aerotim.ro\/index.php\/strategia-nationala-anticoruptie-anexa-4\/","title":{"rendered":"Strategia Na\u021bional\u0103 Anticorup\u021bie &#8211; Anexa 4"},"content":{"rendered":"<p><strong>A. Sec\u0163iunea &#8220;Despre noi&#8221; \/ &#8220;Despre Institu\u0163ie&#8221; \/ &#8220;Prezentare&#8221;<\/strong><br \/>\n<a href=\"https:\/\/www.aerotim.ro\/index.php\/legislatie-care-reglementeaza-organizarea\/\"><strong>1. Legisla\u0163ie care reglementeaz\u0103 organizarea \u015fi func\u0163ionarea institu\u0163iei<\/strong><\/a><\/p>\n<p><strong>2. Conducere<\/strong><br \/>\n<a href=\"https:\/\/www.aerotim.ro\/index.php\/transparenta\/#:~:text=Lista%20administratorilor\" target=\"_blank\" rel=\"noopener\">2.1. Conducerea &#8211; lista complet\u0103 a persoanelor cu func\u0163ii din conducere<\/a><br \/>\n2.2. <a href=\"https:\/\/www.aerotim.ro\/wp-content\/uploads\/2025\/08\/Agenda-Conducerii-Aeroport-Timisoara.pdf\" target=\"_blank\" rel=\"noopener\">Agenda conducerii, cu o actualizare periodic\u0103 \u015fi men\u0163ionarea activit\u0103\u0163ilor desf\u0103\u015furate de conducerea institu\u0163iei.<\/a><\/p>\n<p><strong>3. Organizare<\/strong><br \/>\n<a href=\"https:\/\/www.aerotim.ro\/index.php\/despre-noi\/#:~:text=Regulament%20de%20organizare%20%C5%9Fi%20func%C8%9Bionare\" target=\"_blank\" rel=\"noopener\">3.1. Regulamentul de organizare \u015fi func\u0163ionare cu precizarea atribu\u0163iilor departamentelor.<\/a><br \/>\n<a href=\"https:\/\/www.aerotim.ro\/index.php\/despre-noi\/\">3.2. Organigrama<\/a><br \/>\n3.3. Lista \u015fi datele de contact ale institu\u0163iilor care func\u0163ioneaz\u0103 \u00een subordinea\/ coordonarea sau sub autoritatea institu\u0163iei \u00een cauz\u0103.<br \/>\n<a href=\"https:\/\/www.aerotim.ro\/index.php\/cariera\/\">3.4. Carier\u0103 &#8211; publicarea anun\u0163urilor posturilor scoase la concurs din cadrul respectivei institu\u0163ii.<\/a><br \/>\n<a href=\"https:\/\/www.aerotim.ro\/wp-content\/uploads\/2025\/08\/Program%20de%20dezvoltare%20TSR%20aprobare%20CA%2005%202022.pdf\" target=\"_blank\" rel=\"noopener\"><strong>4. Programe \u015fi strategii proprii<\/strong><\/a><br \/>\n<a href=\"https:\/\/www.aerotim.ro\/index.php\/transparenta\/#:~:text=i)%20Art.%2054%20din%20OUG%20109\/30.11.2011\"><strong>5. Rapoarte \u015fi studii (rapoarte de activitate \u015fi alte rapoarte cerute de lege)<\/strong><\/a><\/p>\n<p><a href=\"https:\/\/www.aerotim.ro\/index.php\/informatii-de-interes-public\/\"><strong>B. Sec\u0163iunea &#8220;Informa\u0163ii de interes public&#8221; \/ &#8220;Interes public&#8221;<\/strong><\/a><br \/>\n<strong>1. Solicitare informa\u0163ii de interes public<\/strong><br \/>\n1.1. Nume \u015fi prenume ale func\u0163ionarilor publici responsabili pentru accesul la informa\u0163ii de interes public precum \u015fi datele lor de contact (adres\u0103 de e-mail, telefon).<\/p>\n<p>Amalia Matei \u2013 Consilier Director General, e-mail: <a href=\"mailto:relatii.publice@aerotim.ro\">relatii.publice@aerotim.ro<\/a> , telefon: Telefon (0256) 491637, int. 2187<br \/>\n1.2 . Lista cu documentele de interes public \u015fi lista cu documentele produse\/gestionate de institu\u0163ie, conform legii:<\/p>\n<p><strong>&#8211; <a href=\"https:\/\/www.aerotim.ro\/wp-content\/uploads\/2025\/02\/Lista-doc-interes-public-SN-AIT.pdf\" target=\"_blank\" rel=\"noopener\">Lista documentelor de interes public SN AEROPORTUL INTERNATIONAL TIMISOARA-TRAIAN VUIA SA<\/a><\/strong><\/p>\n<p><a href=\"https:\/\/www.aerotim.ro\/wp-content\/uploads\/2025\/02\/Lista-cu-doc-prod-gest-de-AIT.pdf\" target=\"_blank\" rel=\"noopener\"><strong> &#8211; Lista cu documentele produse sau gestionate de SN AEROPORTUL INTERNATIONAL TIMISOARA-TRAIAN VUIA SA<\/strong><\/a><br \/>\n<a href=\"https:\/\/www.aerotim.ro\/index.php\/legea-544\/\">1.3. Model de cerere tip\/ formular &#8211; solicitare de acces la informa\u0163ii \u00een baza Legii nr. 544\/2001.<\/a><br \/>\n<a href=\"https:\/\/www.aerotim.ro\/index.php\/legea-544\/\">1.4 . Modalitatea de contestare a deciziei \u015fi modele de formulare \u00een acest sens, conform anexelor normelor de aplicare.<\/a><br \/>\n<a href=\"https:\/\/www.aerotim.ro\/index.php\/transparenta\/#:~:text=Solicitare%20informa%C8%9Bii%20Legisla%C8%9Bie%3A\">1.5. Rapoarte anuale de aplicare a Legii nr. 544\/2001<\/a><\/p>\n<p><a href=\"https:\/\/www.aerotim.ro\/index.php\/informatii-de-interes-public\/\"><strong>2. Buletinul informativ al informa\u0163iilor de interes public.<\/strong><\/a><\/p>\n<p><strong>3. Buget<\/strong><br \/>\n<a href=\"https:\/\/www.aerotim.ro\/index.php\/transparenta\/#:~:text=PROGRAMUL%20ANUAL%20ACTUALIZAT%20AL%20ACHIZI%C8%9AIILOR%20PUBLICE\">3.1. Bugetul ce cuprinde toate sursele financiare ale institu\u0163iei, pe ani, \u00een format deschis precum \u015fi rectific\u0103rile bugetare ale institu\u0163iei.<\/a><br \/>\n<a href=\"https:\/\/www.aerotim.ro\/index.php\/executia-bugetara\/\">3.2. Execu\u0163ia bugetar\u0103 &#8211; situa\u0163ia pl\u0103\u0163ilor.<\/a><br \/>\n<a href=\"https:\/\/www.aerotim.ro\/wp-content\/uploads\/2025\/01\/Drepturi-salariale-AIT.pdf\" target=\"_blank\" rel=\"noopener\">3.3. Situa\u0163ia drepturilor salariale \u015fi a altor drepturi prev\u0103zute de acte normative cu un caracter special<\/a><br \/>\n3.4. Situa\u0163ia anual\u0103 a finan\u0163\u0103rilor nerambursabile acordate persoanelor fizice sau juridice f\u0103r\u0103 scop patrimonial<br \/>\n<a href=\"https:\/\/www.aerotim.ro\/index.php\/transparenta\/#:~:text=c)%20Raport%C4%83rile%20contabile%20semestriale%20%E2%80%93%20Bilan%C8%9B%20semestrial\"><strong>4. Bilan\u0163urile contabile semestriale.<\/strong><\/a><\/p>\n<p><strong>5. Achizi\u0163ii publice<\/strong><br \/>\n<a href=\"https:\/\/www.aerotim.ro\/index.php\/transparenta\/#:~:text=PROGRAMUL%20ANUAL%20ACTUALIZAT%20AL%20ACHIZI%C8%9AIILOR%20PUBLICE\">5.1. Programul anual de achizi\u0163ii publice<\/a><br \/>\n<a href=\"https:\/\/www.aerotim.ro\/index.php\/transparenta\/#:~:text=Situa%C8%9Bia%20contractelor%20de%20achizi%C8%9Bie\">5.2. Centralizatorul achizi\u0163iilor publice cu eviden\u0163ierea execu\u0163iei contractelor, \u00een format deschis,pentru contractele cu o valoare total\u0103 mai mare de 5.000 euro, cu o actualizare trimestrial\u0103.<\/a><br \/>\n5.3. Contractele de achizi\u0163ii publice cu o valoarea total\u0103 mai mare de 5.000 EUR, inclusiv anexe acestora.<\/p>\n<p><a href=\"https:\/\/www.aerotim.ro\/index.php\/contractele-de-achizitii-publice-cu-o-valoarea-totala-mai-mare-de-5-000-eur-2023\/\">Anul 2023\u00a0<\/a> \u00a0 \u00a0 <a href=\"https:\/\/www.aerotim.ro\/index.php\/contractele-de-achizitii-publice-cu-o-valoarea-totala-mai-mare-de-5-000-eur-2024\/\">\u00a0 Anul 2024<\/a>\u00a0 \u00a0 \u00a0 \u00a0 <a href=\"https:\/\/www.aerotim.ro\/index.php\/contractele-de-achizitii-publice-cu-o-valoarea-totala-mai-mare-de-5-000-eur-2025\/\" target=\"_blank\" rel=\"noopener\">Anul 2025<\/a><\/p>\n<p>&nbsp;<\/p>\n<p><a href=\"https:\/\/www.aerotim.ro\/index.php\/declaratii-de-avere-interese\/\"><strong>6. Declara\u0163ii de avere \u015fi declara\u0163ii de interese ale personalului institu\u0163iei publice &#8211; demnitari, func\u0163ionari publici, personal contractual<\/strong><\/a><\/p>\n<p>&nbsp;<\/p>\n<p><strong><a href=\"https:\/\/www.aerotim.ro\/index.php\/legea-544\/\">7. Cereri \/ formulare tipizate<\/a><\/strong><\/p>\n<p><a href=\"https:\/\/www.aerotim.ro\/index.php\/contact\/\"><strong>C. Sec\u0163iunea &#8220;Contact&#8221;<\/strong><\/a><\/p>\n<p><a href=\"https:\/\/www.aerotim.ro\/index.php\/contact\/\">1. Datele de contact ale autorit\u0103\u0163ii: denumire, sediu, numere de telefon\/fax, adrese e-mail, adres\u0103 pagin\u0103 de internet. (Art. 5 alin. (1) lit. d) din Legea nr. 544\/2001).<\/a><\/p>\n<p><a href=\"https:\/\/www.aerotim.ro\/index.php\/program-de-functionare\/\">2. Programul de func\u0163ionare al institu\u0163iei. (Art. 5 alin. (1) lit. b) din Legea nr. 544\/2001)<\/a><\/p>\n<p><a href=\"https:\/\/www.aerotim.ro\/index.php\/audiente-petitii\/\">3. Audien\u0163e: Program de audien\u0163e (Art. 5 alin. (1) lit. a) din Legea nr. 544\/2001), cu precizarea modului de \u00eenscriere pentru audien\u0163e \u015fi a datelor de contact pentru \u00eenscriere.<\/a><\/p>\n<p><a href=\"https:\/\/www.aerotim.ro\/index.php\/audiente-petitii\/\">4. Peti\u0163ii: adres\u0103 de e-mail pentru transmiterea peti\u0163iilor (art. 6 alin. (1) O.G. nr. 27\/2002 privind organizarea unui compartiment distinct pentru rela\u0163ii cu publicul, \u00eencadrat cu personalul necesar, care va avea preg\u0103tirea corespunz\u0103toare \u015fi care va primi, va \u00eenregistra \u015fi se va \u00eengriji de rezolvarea peti\u0163iilor) \u015fi formular electronic pentru peti\u0163ii<\/a><\/p>\n<p><a href=\"https:\/\/www.aerotim.ro\/index.php\/buletin-informativ\/#:~:text=b.%20%C3%8En%20ceea%20ce%20prive%C5%9Fte%20structura%20organizatoric%C4%83\">5. Nume \u015fi prenume ale func\u0163ionarilor publici responsabili pentru accesul la informa\u0163ii de interes public precum \u015fi datele lor de contact (adres\u0103 de e-mail, telefon). (Art. 5 alin. (1) lit. c) din Legea nr. 544\/2001)<\/a><\/p>\n<p>&nbsp;<\/p>\n<p><strong>D. Integritatea institu\u0163ional\u0103<\/strong><br \/>\n<a href=\"https:\/\/www.aerotim.ro\/index.php\/despre-noi\/#:~:text=Buletin%20informativ-,Codul%20Etic,-Contractul%20Colectiv%20de\" target=\"_blank\" rel=\"noopener\">1. Cod etic\/deontologic\/de conduit\u0103<\/a><br \/>\n<a href=\"https:\/\/www.aerotim.ro\/wp-content\/uploads\/2025\/09\/Lista-cadourilor-primite.pdf\" target=\"_blank\" rel=\"noopener\">2. Lista cuprinz\u00e2nd cadourile primite, potrivit Legii nr. 251\/2004 \u015fi destina\u0163ia acestora; 2023\u00a0 \u00a02024<\/a> \u00a0\u00a0\u00a0\u00a0<a href=\"https:\/\/www.aerotim.ro\/wp-content\/uploads\/2026\/03\/Lista-cadourilor-primite-2025.pdf\" target=\"_blank\" rel=\"noopener\">2025<\/a><br \/>\n<a href=\"https:\/\/www.aerotim.ro\/index.php\/informatii-de-interes-public\/#:~:text=RAPORTAREA%20PRIVIND%20%C3%8ENC%C4%82LC%C4%82RI%20ALE%20LEGII%20%C8%98I%20PROTEC%C8%9AIA\">3. Mecanismul de raportare a \u00eenc\u0103lc\u0103rilor legii;<\/a><\/p>\n<p><a href=\"https:\/\/www.aerotim.ro\/index.php\/informatii-de-interes-public\/#:~:text=DECLARA%C8%9AIA%20ADMINISTRATORULUI\">4. Declara\u0163ia privind asumarea unei agende de integritate organiza\u0163ional<\/a><\/p>\n<p>5. Planul de integritate al institu\u0163iei<\/p>\n<p><a href=\"https:\/\/www.aerotim.ro\/wp-content\/uploads\/2026\/03\/Plan-de-integritate-al-S.N.-A.I.T.-T.V.-S.A.-2024-ano.pdf\" target=\"_blank\" rel=\"noopener\">PLAN DE INTEGRITATE 2024<\/a><\/p>\n<p><a href=\"https:\/\/www.aerotim.ro\/wp-content\/uploads\/2025\/08\/Plan-de-integritate-2022-anonimizat.pdf\" target=\"_blank\" rel=\"noopener\">PLAN DE INTEGRITATE 2022<\/a><\/p>\n<p>&nbsp;<\/p>\n<p>6. Un raport narativ referitor la stadiul implement\u0103rii m\u0103surilor at\u00e2t \u00een prev\u0103zute \u00een SNA, c\u00e2t \u015fi \u00een planul de integritate ce revin \u00een sarcina fiec\u0103rei institu\u0163ii<\/p>\n<p><a href=\"https:\/\/www.aerotim.ro\/wp-content\/uploads\/2025\/08\/Raport-integritate-2023-anonimizat.pdf\" target=\"_blank\" rel=\"noopener\">2023<\/a>\u00a0 \u00a0 <a href=\"https:\/\/www.aerotim.ro\/wp-content\/uploads\/2025\/08\/Raport-integritate-2024-anonimizat.pdf\" target=\"_blank\" rel=\"noopener\">2024<\/a>\u00a0 \u00a0 \u00a0<a href=\"https:\/\/www.aerotim.ro\/wp-content\/uploads\/2025\/08\/Raport-integritate-2025-anonimizat.pdf\" target=\"_blank\" rel=\"noopener\">2025<\/a><\/p>\n<p>7. Situa\u0163ia incidentelor de integritate, precum \u015fi o prezentare succint\u0103 a m\u0103surilor adoptate pentru remedierea aspectelor care au favorizat producerea incidentului<\/p>\n<p><a href=\"https:\/\/www.aerotim.ro\/wp-content\/uploads\/2025\/08\/incidentelor-de-integritate-2023.pdf\" target=\"_blank\" rel=\"noopener\">2023<\/a>\u00a0 \u00a0 <a href=\"https:\/\/www.aerotim.ro\/wp-content\/uploads\/2025\/08\/Raportare-masura-incidente-de-integritate-2024.pdf\" target=\"_blank\" rel=\"noopener\">2024\u00a0<\/a> \u00a0 <a href=\"https:\/\/www.aerotim.ro\/wp-content\/uploads\/2025\/08\/Raportare-masura-incidente-de-integritate-2025.pdf\" target=\"_blank\" rel=\"noopener\">\u00a02025<\/a><\/p>\n<p>8. Studii\/cercet\u0103ri\/ghiduri\/materiale informative relevante.<\/p>\n","protected":false},"excerpt":{"rendered":"<p>A. Sec\u0163iunea &#8220;Despre noi&#8221; \/ &#8220;Despre Institu\u0163ie&#8221; \/ &#8220;Prezentare&#8221; 1. Legisla\u0163ie care reglementeaz\u0103 organizarea \u015fi func\u0163ionarea institu\u0163iei 2. Conducere 2.1. Conducerea &#8211; lista complet\u0103 a persoanelor cu func\u0163ii din conducere 2.2. Agenda conducerii, cu o actualizare periodic\u0103 \u015fi men\u0163ionarea activit\u0103\u0163ilor desf\u0103\u015furate de conducerea institu\u0163iei. 3. Organizare 3.1. Regulamentul de organizare \u015fi func\u0163ionare cu precizarea atribu\u0163iilor [&hellip;]<\/p>\n","protected":false},"author":5,"featured_media":0,"parent":0,"menu_order":0,"comment_status":"closed","ping_status":"closed","template":"","meta":{"footnotes":""},"class_list":["post-23276","page","type-page","status-publish","hentry"],"_links":{"self":[{"href":"https:\/\/www.aerotim.ro\/index.php\/wp-json\/wp\/v2\/pages\/23276","targetHints":{"allow":["GET"]}}],"collection":[{"href":"https:\/\/www.aerotim.ro\/index.php\/wp-json\/wp\/v2\/pages"}],"about":[{"href":"https:\/\/www.aerotim.ro\/index.php\/wp-json\/wp\/v2\/types\/page"}],"author":[{"embeddable":true,"href":"https:\/\/www.aerotim.ro\/index.php\/wp-json\/wp\/v2\/users\/5"}],"replies":[{"embeddable":true,"href":"https:\/\/www.aerotim.ro\/index.php\/wp-json\/wp\/v2\/comments?post=23276"}],"version-history":[{"count":25,"href":"https:\/\/www.aerotim.ro\/index.php\/wp-json\/wp\/v2\/pages\/23276\/revisions"}],"predecessor-version":[{"id":23280,"href":"https:\/\/www.aerotim.ro\/index.php\/wp-json\/wp\/v2\/pages\/23276\/revisions\/23280"}],"wp:attachment":[{"href":"https:\/\/www.aerotim.ro\/index.php\/wp-json\/wp\/v2\/media?parent=23276"}],"curies":[{"name":"wp","href":"https:\/\/api.w.org\/{rel}","templated":true}]}}