{"id":23266,"date":"2025-01-15T11:47:32","date_gmt":"2025-01-15T09:47:32","guid":{"rendered":"https:\/\/www.aerotim.ro\/?page_id=23266"},"modified":"2026-05-04T15:37:17","modified_gmt":"2026-05-04T12:37:17","slug":"strategia-nationala-anticoruptie","status":"publish","type":"page","link":"https:\/\/www.aerotim.ro\/index.php\/strategia-nationala-anticoruptie\/","title":{"rendered":"Strategia Na\u021bional\u0103 Anticorup\u021bie"},"content":{"rendered":"<h4 style=\"text-align: center;\">Informa\u021bii de interes public privind \u00eentreprinderile publice<\/h4>\n<h6 style=\"text-align: center;\"><em>conform Anexei nr. 5 a Hot\u0103r\u00e2rii nr. 1269\/2021 privind aprobarea Strategiei na\u021bionale anticorup\u021bie 2021-2025\u00a0\u0219i a documentelor aferente acesteia<\/em><\/h6>\n<p class=\"al\"><a href=\"https:\/\/www.aerotim.ro\/index.php\/transparenta\/#:~:text=e)%20Lista%20administratorilor%20%C5%9Fi%20a%20directorilor%2C\" target=\"_blank\" rel=\"noopener\">1. Componen\u0163a Consiliului de Administrare (CA) si a directorilor, inclusiv:<\/a><\/p>\n<p class=\"al\"><a href=\"https:\/\/www.aerotim.ro\/index.php\/transparenta\/#:~:text=e)%20Lista%20administratorilor%20%C5%9Fi%20a%20directorilor%2C\" target=\"_blank\" rel=\"noopener\">\u00a0 \u00a0 \u00a0a. numele fiec\u0103rui membru al CA\/directorilor;<\/a><\/p>\n<p class=\"al\"><a href=\"https:\/\/www.aerotim.ro\/index.php\/transparenta\/#:~:text=e)%20Lista%20administratorilor%20%C5%9Fi%20a%20directorilor%2C\" target=\"_blank\" rel=\"noopener\">\u00a0 \u00a0 \u00a0b. CV-ul fiec\u0103rui membru al CA si a directorilor;<\/a><\/p>\n<p class=\"al\">\u00a0 \u00a0 \u00a0c. precizarea datei de la care sunt membri ai CA\/directori &#8211; Hotararea <a href=\"https:\/\/www.aerotim.ro\/wp-content\/uploads\/2024\/06\/5-HOT-AGOA-5-17.06.2024.pdf\" target=\"_blank\" rel=\"noopener\">AGOA 5-17.06.2024<\/a> si <a href=\"https:\/\/www.aerotim.ro\/wp-content\/uploads\/2025\/01\/DECIZIA-CA-1-10.01.2025-Numire-Dir.-General-si-Dir.-Financiar.pdf\" target=\"_blank\" rel=\"noopener\">Decizia CA 1\/10.01.2025<\/a> si<a href=\"https:\/\/www.aerotim.ro\/wp-content\/uploads\/2026\/02\/DECIZIA-CA-4-27.02.2026.pdf\" target=\"_blank\" rel=\"noopener\"> Decizia CA 4-27.02.2026<\/a><\/p>\n<p class=\"al\"><a href=\"https:\/\/www.aerotim.ro\/index.php\/declaratii-de-avere-si-interese-2025\/\">\u00a0 \u00a0 \u00a0d. afilierea politic\u0103 a fiec\u0103rui membru\/director;<\/a><\/p>\n<p>\u00a0 \u00a0 \u00a0\u00a0 \u00a0\u00a0 <a href=\"https:\/\/www.aerotim.ro\/wp-content\/uploads\/2026\/03\/F2-Declaratie-propria-raspundere-LUCIAN-TAROPA.pdf\" target=\"_blank\" rel=\"noopener\">Taropa Lucian Dorel<\/a><\/p>\n<p><a href=\"https:\/\/www.aerotim.ro\/wp-content\/uploads\/2025\/08\/FORMULAR-F2-ILYES-SIMONA-ano.pdf\" target=\"_blank\" rel=\"noopener\">\u00a0 \u00a0 \u00a0 \u00a0 \u00a0 Ilyes <\/a><a href=\"https:\/\/www.aerotim.ro\/wp-content\/uploads\/2025\/08\/FORMULAR-F2-ILYES-SIMONA-ano.pdf\" target=\"_blank\" rel=\"noopener\">Simona<\/a><a href=\"https:\/\/www.aerotim.ro\/wp-content\/uploads\/2025\/08\/FORMULAR-F2-ILYES-SIMONA-ano.pdf\" target=\"_blank\" rel=\"noopener\"><\/a><\/p>\n<p><a href=\"https:\/\/www.aerotim.ro\/wp-content\/uploads\/2025\/09\/F2-Declaratie-propria-raspundere-TRUSCA-Stefania-Loredana.pdf\" target=\"_blank\" rel=\"noopener\">\u00a0 \u00a0 \u00a0 \u00a0 \u00a0 Trusca Stefania<\/a><\/p>\n<p><a href=\"https:\/\/www.aerotim.ro\/wp-content\/uploads\/2025\/08\/Formular-F2-Mainescu-Marcel.pdf\" target=\"_blank\" rel=\"noopener\">\u00a0 \u00a0 \u00a0 \u00a0 \u00a0 Mainescu Marcel<\/a><\/p>\n<p><a href=\"https:\/\/www.aerotim.ro\/wp-content\/uploads\/2025\/09\/F2-Declaratie-propria-raspundere-TEIGHIU-JURJ-Stana-Simona.pdf\" target=\"_blank\" rel=\"noopener\">\u00a0 \u00a0 \u00a0 \u00a0 \u00a0 \u021aeighiu Jurj Stana Simona<\/a><\/p>\n<p><a href=\"https:\/\/www.aerotim.ro\/wp-content\/uploads\/2025\/09\/F2-Declaratie-propria-raspundere-ANTON-Cristian.pdf\" target=\"_blank\" rel=\"noopener\">\u00a0 \u00a0 \u00a0 \u00a0 \u00a0 Anton Cristian<\/a><\/p>\n<p><a href=\"https:\/\/www.aerotim.ro\/wp-content\/uploads\/2025\/09\/F2-Declaratie-propria-raspundere-NOVAC-Aurelian-Remus.pdf\" target=\"_blank\" rel=\"noopener\">\u00a0 \u00a0 \u00a0 \u00a0 \u00a0 Novac Aurelian Remus<\/a><\/p>\n<p><a href=\"https:\/\/www.aerotim.ro\/wp-content\/uploads\/2025\/09\/F2-Declaratie-propria-raspundere-MOCAN-Marian-Liviu.pdf\" target=\"_blank\" rel=\"noopener\">\u00a0 \u00a0 \u00a0 \u00a0 \u00a0 Mocan Marian Liviu<\/a><\/p>\n<p class=\"al\"><a href=\"https:\/\/www.aerotim.ro\/index.php\/declaratii-de-avere-interese\/\">\u00a0 \u00a0 \u00a0e. declara\u0163iile de avere \u015fi de interese ale fiec\u0103rui membru al CA\/director de pe \u00eentreaga durat\u0103 a mandatului;<\/a><\/p>\n<p class=\"al\"><a href=\"https:\/\/www.aerotim.ro\/wp-content\/uploads\/2025\/08\/RAPORT-CNR-2024.pdf\" target=\"_blank\" rel=\"noopener\">\u00a0 \u00a0 \u00a0f. remunera\u0163ia fiec\u0103rui membru al CA\/director(inclusiv cu sporuri, bonusuri sau alte beneficii);<\/a><\/p>\n<p class=\"al\">\u00a0 \u00a0 \u00a0g. statutul lor (interimari sau finali) &#8211; <a href=\"https:\/\/www.aerotim.ro\/wp-content\/uploads\/2024\/06\/5-HOT-AGOA-5-17.06.2024.pdf\" target=\"_blank\" rel=\"noopener\">AGOA 5-17.06.2024<\/a> si <a href=\"https:\/\/www.aerotim.ro\/wp-content\/uploads\/2025\/01\/DECIZIA-CA-1-10.01.2025-Numire-Dir.-General-si-Dir.-Financiar.pdf\" target=\"_blank\" rel=\"noopener\">Decizia CA 1\/10.01.2025<\/a> si <a href=\"https:\/\/www.aerotim.ro\/wp-content\/uploads\/2026\/02\/DECIZIA-CA-4-27.02.2026.pdf\" target=\"_blank\" rel=\"noopener\">Decizia CA 4-27.02.2026<\/a><\/p>\n<p>&nbsp;<\/p>\n<p class=\"al\"><a href=\"https:\/\/www.aerotim.ro\/index.php\/transparenta\/#:~:text=Art.%2029%20alin.%207%20%E2%80%93%C2%A0Anun%C8%9B%20privind%20selec%C8%9Bia%20membrilor%20CA\">2. Procedura prin care s-a f\u0103cut selec\u0163ia membrilor Consiliului de Administrare \u015fi a Directorului General, precum \u015fi revoc\u0103rile din func\u0163iile respective \u00een ultimii 3 ani \u015fi motivele revoc\u0103rilor;<\/a><\/p>\n<p>&nbsp;<\/p>\n<p class=\"al\"><a href=\"https:\/\/www.aerotim.ro\/index.php\/transparenta\/#:~:text=Art.%203%20pct.%202%20lit.%20C%20Scrisoare%20de%20a%C8%99tept%C4%83ri%2025.11.2022\">3. Scrisoarea de a\u015ftept\u0103ri;<\/a><\/p>\n<p>&nbsp;<\/p>\n<p class=\"al\"><a href=\"https:\/\/www.aerotim.ro\/index.php\/transparenta\/#:~:text=Model%20%E2%80%93%20Formulare-,Contract%20de%20mandat,-Director%20General\" target=\"_blank\" rel=\"noopener\">4. Contractul de mandat;<\/a><\/p>\n<p>&nbsp;<\/p>\n<p class=\"al\">5. Publicarea bugetului pentru investi\u0163ii \u00een fiecare dintre ultimii 3 ani financiari;<\/p>\n<p style=\"text-align: center;\"><a href=\"https:\/\/www.aerotim.ro\/wp-content\/uploads\/2025\/08\/Executie-BVC-2022-ANEXA-4.pdf\" target=\"_blank\" rel=\"noopener\">BVC 2022<\/a> \u00a0 \u00a0 <a href=\"https:\/\/www.aerotim.ro\/wp-content\/uploads\/2025\/08\/Executie-BVC-2023-ANEXA-4.pdf\" target=\"_blank\" rel=\"noopener\">BVC 2023<\/a> \u00a0 \u00a0 <a href=\"https:\/\/www.aerotim.ro\/wp-content\/uploads\/2025\/08\/Executie-BVC-2024-ANEXA-4.pdf\" target=\"_blank\" rel=\"noopener\">BVC 2024<\/a> \u00a0 \u00a0 <a href=\"https:\/\/www.aerotim.ro\/wp-content\/uploads\/2025\/08\/Executie-BVC-2025-ANEXA-4.pdf\" target=\"_blank\" rel=\"noopener\">BVC 2025<\/a><\/p>\n<p>&nbsp;<\/p>\n<p class=\"al\"><a href=\"https:\/\/www.aerotim.ro\/wp-content\/uploads\/2025\/08\/Cheltuieli-de-personal-2014-2024-ano.pdf\" target=\"_blank\" rel=\"noopener\">6. Publicarea cheltuielilor totale cu personalul \u00een ultimii 3 ani (inclusiv salarii, sporuri, bonusuri, training-uri sau formare profesional\u0103, decont\u0103ri \u015fi alte beneficii);<\/a><\/p>\n<p>&nbsp;<\/p>\n<p class=\"al\"><a href=\"https:\/\/www.aerotim.ro\/wp-content\/uploads\/2025\/08\/Anexa-6-Datorii-2023.pdf\" target=\"_blank\" rel=\"noopener\">7. Publicarea datoriilor companiei c\u0103tre bugetul de stat, c\u0103tre institu\u0163ii de creditare \u015fi c\u0103tre parteneri comerciali, cu men\u0163iunea pentru fiecare categorie c\u00e2t la sut\u0103 este reprezentat de restan\u0163e de plat\u0103<\/a>;<\/p>\n<p style=\"text-align: center;\"><a href=\"https:\/\/www.aerotim.ro\/wp-content\/uploads\/2025\/08\/Anexa-6-Datorii-2023.pdf\" target=\"_blank\" rel=\"noopener\">2023<\/a>\u00a0 \u00a0<a href=\"https:\/\/www.aerotim.ro\/wp-content\/uploads\/2025\/08\/Situatia-datoriilor-la-31.12.2024.pdf\" target=\"_blank\" rel=\"noopener\">2024<\/a><\/p>\n<p>&nbsp;<\/p>\n<p class=\"al\"><a href=\"https:\/\/www.aerotim.ro\/wp-content\/uploads\/2025\/08\/Subventii-2022-2025.pdf\" target=\"_blank\" rel=\"noopener\">8. Valoarea subven\u0163iei opera\u0163ionale primite de la bugetul de stat;<\/a><\/p>\n<p>&nbsp;<\/p>\n<p class=\"al\"><a href=\"https:\/\/www.aerotim.ro\/wp-content\/uploads\/2025\/10\/Servicii-aeroportuare.pdf\" target=\"_blank\" rel=\"noopener\">9. Detalierea serviciilor sau bunurilor produse de \u00eentreprindere in interes public;<\/a><\/p>\n<p>&nbsp;<\/p>\n<p class=\"al\"><a href=\"https:\/\/www.aerotim.ro\/wp-content\/uploads\/2025\/08\/Mentionarea-obiectivului-de-politica-publica-SN-AIT-TV-SA.pdf\" target=\"_blank\" rel=\"noopener\">10. Men\u0163ionarea obiectivului de politica publica a \u00eentreprinderii;<\/a><\/p>\n<p>&nbsp;<\/p>\n<p class=\"al\"><a href=\"https:\/\/www.aerotim.ro\/wp-content\/uploads\/2025\/10\/CENTRALIZATOR_RISCURI_AIT.pdf\" target=\"_blank\" rel=\"noopener\">11. Detalierea situa\u0163iilor de risc\/analiza de risc din domeniul de activitate al \u00eentreprinderii;<\/a><\/p>\n<p><a href=\"https:\/\/www.aerotim.ro\/wp-content\/uploads\/2025\/11\/Registrul-riscurilor-de-coruptie-SN-AIT-TV-SA.pdf\" target=\"_blank\" rel=\"noopener\">Registrul riscurilor de corup\u021bie SN AIT TV SA<\/a><\/p>\n<p>&nbsp;<\/p>\n<p class=\"al\"><a href=\"https:\/\/www.aerotim.ro\/wp-content\/uploads\/2025\/11\/Plan-de-integritate-si-procedura-avertizor-in-interes-public-.pdf\" target=\"_blank\" rel=\"noopener\">12. Planul de integritate al \u00eentreprinderii (dezvoltat \u00een concordan\u0163\u0103 cu Ghidul de bun\u0103 practic\u0103 al OCDE privind controlul intern, etica \u015fi conformitatea) \u015fi mecanismul de raportare de c\u0103tre avertizorii \u00een interes public a \u00eenc\u0103lc\u0103rilor legii;<\/a><\/p>\n<p>&nbsp;<\/p>\n<p class=\"al\"><a href=\"https:\/\/www.aerotim.ro\/index.php\/transparenta\/#:~:text=d)%20Raportul%20de%20audit%20anual\">13. Publicarea raportului de audit extern;<\/a><\/p>\n<p>&nbsp;<\/p>\n<p class=\"al\"><a href=\"https:\/\/www.aerotim.ro\/index.php\/transparenta\/#:~:text=i)%20Art.%2054%20din%20OUG%20109\/30.11.2011\">14. Publicarea raportului anual agregat pe pagina web a \u00eentreprinderii.<\/a><\/p>\n","protected":false},"excerpt":{"rendered":"<p>Informa\u021bii de interes public privind \u00eentreprinderile publice conform Anexei nr. 5 a Hot\u0103r\u00e2rii nr. 1269\/2021 privind aprobarea Strategiei na\u021bionale anticorup\u021bie 2021-2025\u00a0\u0219i a documentelor aferente acesteia 1. Componen\u0163a Consiliului de Administrare (CA) si a directorilor, inclusiv: \u00a0 \u00a0 \u00a0a. numele fiec\u0103rui membru al CA\/directorilor; \u00a0 \u00a0 \u00a0b. CV-ul fiec\u0103rui membru al CA si a directorilor; \u00a0 [&hellip;]<\/p>\n","protected":false},"author":5,"featured_media":0,"parent":0,"menu_order":0,"comment_status":"closed","ping_status":"closed","template":"","meta":{"footnotes":""},"class_list":["post-23266","page","type-page","status-publish","hentry"],"_links":{"self":[{"href":"https:\/\/www.aerotim.ro\/index.php\/wp-json\/wp\/v2\/pages\/23266","targetHints":{"allow":["GET"]}}],"collection":[{"href":"https:\/\/www.aerotim.ro\/index.php\/wp-json\/wp\/v2\/pages"}],"about":[{"href":"https:\/\/www.aerotim.ro\/index.php\/wp-json\/wp\/v2\/types\/page"}],"author":[{"embeddable":true,"href":"https:\/\/www.aerotim.ro\/index.php\/wp-json\/wp\/v2\/users\/5"}],"replies":[{"embeddable":true,"href":"https:\/\/www.aerotim.ro\/index.php\/wp-json\/wp\/v2\/comments?post=23266"}],"version-history":[{"count":24,"href":"https:\/\/www.aerotim.ro\/index.php\/wp-json\/wp\/v2\/pages\/23266\/revisions"}],"predecessor-version":[{"id":25931,"href":"https:\/\/www.aerotim.ro\/index.php\/wp-json\/wp\/v2\/pages\/23266\/revisions\/25931"}],"wp:attachment":[{"href":"https:\/\/www.aerotim.ro\/index.php\/wp-json\/wp\/v2\/media?parent=23266"}],"curies":[{"name":"wp","href":"https:\/\/api.w.org\/{rel}","templated":true}]}}