{"id":23196,"date":"2024-12-19T13:13:29","date_gmt":"2024-12-19T11:13:29","guid":{"rendered":"https:\/\/www.aerotim.ro\/?page_id=23196"},"modified":"2024-12-19T13:18:22","modified_gmt":"2024-12-19T11:18:22","slug":"legislatie-care-reglementeaza-organizarea","status":"publish","type":"page","link":"https:\/\/www.aerotim.ro\/index.php\/legislatie-care-reglementeaza-organizarea\/","title":{"rendered":"Legisla\u021bie care reglementeaz\u0103 organizarea"},"content":{"rendered":"<h4 style=\"text-align: center;\"><strong>Legisla\u021bie care reglementeaz\u0103 organizarea \u015fi func\u021bionarea <\/strong><\/h4>\n<h4 style=\"text-align: center;\"><strong>SN AEROPORTUL INTERNATIONAL TIMISOARA-TRAIAN VUIA \u2013 SA<\/strong><\/h4>\n<p>&nbsp;<\/p>\n<p>&nbsp;<\/p>\n<ul>\n<li>Legea societ\u0103\u0163ilor nr. 31\/1990 <a href=\"https:\/\/legislatie.just.ro\/Public\/DetaliiDocument\/56732#id_artA746\" target=\"_blank\" rel=\"noopener\">https:\/\/legislatie.just.ro\/Public\/DetaliiDocument\/56732#id_artA746<\/a><\/li>\n<li>Legea 15\/1990 privind reorganizarea unit\u0103\u0163ilor economice de stat ca regii autonome \u015fi societ\u0103\u0163i comerciale <a href=\"https:\/\/legislatie.just.ro\/Public\/DetaliiDocument\/755\" target=\"_blank\" rel=\"noopener\">https:\/\/legislatie.just.ro\/Public\/DetaliiDocument\/755<\/a><\/li>\n<li>Hot\u0103r\u00e2rea Guvernului nr. 521\/1998 privind \u00eenfiin\u0163area Societ\u0103\u0163ii Na\u0163ionale &#8220;Aeroportul Interna\u0163ional Timi\u015foara&#8221; &#8211; S.A. <a href=\"https:\/\/legislatie.just.ro\/Public\/DetaliiDocument\/15582\" target=\"_blank\" rel=\"noopener\">https:\/\/legislatie.just.ro\/Public\/DetaliiDocument\/15582<\/a><\/li>\n<li>Lege nr. 544\/2001 privind liberul acces la informa\u0163iile de interes public <a href=\"https:\/\/legislatie.just.ro\/Public\/DetaliiDocument\/31413\" target=\"_blank\" rel=\"noopener\">https:\/\/legislatie.just.ro\/Public\/DetaliiDocument\/31413<\/a><\/li>\n<li>Anexa nr 16 la Hot\u0103r\u00e2rea Guvernului\u00a0 nr. 1705 din 29 noiembrie 2006 pentru aprobarea inventarului centralizat al bunurilor din domeniul public al statului <a href=\"https:\/\/legislatie.just.ro\/Public\/DetaliiDocument\/77930\" target=\"_blank\" rel=\"noopener\">https:\/\/legislatie.just.ro\/Public\/DetaliiDocument\/77930<\/a><\/li>\n<li>Ordin al MTI nr. 936 \/2010 privind aprobarea certific\u0103rii ca aeroport interna\u0163ional a Aeroportului Timi\u015foara &#8211; Traian Vuia <a href=\"https:\/\/legislatie.just.ro\/Public\/DetaliiDocument\/123933\" target=\"_blank\" rel=\"noopener\">https:\/\/legislatie.just.ro\/Public\/DetaliiDocument\/123933<\/a><\/li>\n<li>Ordonan\u0163a de Urgen\u0163\u0103 a Guvernului nr. 109\/2011 privind guvernanta corporativa a intreprinderilor publice <a href=\"https:\/\/legislatie.just.ro\/Public\/DetaliiDocument\/133685\" target=\"_blank\" rel=\"noopener\">https:\/\/legislatie.just.ro\/Public\/DetaliiDocument\/133685<\/a><\/li>\n<li>Legea nr. 99\/2016 privind achizi\u021biile sectoriale <a href=\"https:\/\/legislatie.just.ro\/Public\/DetaliiDocument\/178661\" target=\"_blank\" rel=\"noopener\">https:\/\/legislatie.just.ro\/Public\/DetaliiDocument\/178661<\/a><\/li>\n<li>Legea nr. 21 \/ 2020 privind Codul aerian <a href=\"https:\/\/legislatie.just.ro\/Public\/DetaliiDocumentAfis\/251990\" target=\"_blank\" rel=\"noopener\">https:\/\/legislatie.just.ro\/Public\/DetaliiDocumentAfis\/251990<\/a><\/li>\n<\/ul>\n","protected":false},"excerpt":{"rendered":"<p>Legisla\u021bie care reglementeaz\u0103 organizarea \u015fi func\u021bionarea SN AEROPORTUL INTERNATIONAL TIMISOARA-TRAIAN VUIA \u2013 SA &nbsp; &nbsp; Legea societ\u0103\u0163ilor nr. 31\/1990 https:\/\/legislatie.just.ro\/Public\/DetaliiDocument\/56732#id_artA746 Legea 15\/1990 privind reorganizarea unit\u0103\u0163ilor economice de stat ca regii autonome \u015fi societ\u0103\u0163i comerciale https:\/\/legislatie.just.ro\/Public\/DetaliiDocument\/755 Hot\u0103r\u00e2rea Guvernului nr. 521\/1998 privind \u00eenfiin\u0163area Societ\u0103\u0163ii Na\u0163ionale &#8220;Aeroportul Interna\u0163ional Timi\u015foara&#8221; &#8211; S.A. https:\/\/legislatie.just.ro\/Public\/DetaliiDocument\/15582 Lege nr. 544\/2001 privind liberul acces [&hellip;]<\/p>\n","protected":false},"author":5,"featured_media":0,"parent":0,"menu_order":0,"comment_status":"closed","ping_status":"closed","template":"","meta":{"footnotes":""},"class_list":["post-23196","page","type-page","status-publish","hentry"],"_links":{"self":[{"href":"https:\/\/www.aerotim.ro\/index.php\/wp-json\/wp\/v2\/pages\/23196","targetHints":{"allow":["GET"]}}],"collection":[{"href":"https:\/\/www.aerotim.ro\/index.php\/wp-json\/wp\/v2\/pages"}],"about":[{"href":"https:\/\/www.aerotim.ro\/index.php\/wp-json\/wp\/v2\/types\/page"}],"author":[{"embeddable":true,"href":"https:\/\/www.aerotim.ro\/index.php\/wp-json\/wp\/v2\/users\/5"}],"replies":[{"embeddable":true,"href":"https:\/\/www.aerotim.ro\/index.php\/wp-json\/wp\/v2\/comments?post=23196"}],"version-history":[{"count":2,"href":"https:\/\/www.aerotim.ro\/index.php\/wp-json\/wp\/v2\/pages\/23196\/revisions"}],"predecessor-version":[{"id":23199,"href":"https:\/\/www.aerotim.ro\/index.php\/wp-json\/wp\/v2\/pages\/23196\/revisions\/23199"}],"wp:attachment":[{"href":"https:\/\/www.aerotim.ro\/index.php\/wp-json\/wp\/v2\/media?parent=23196"}],"curies":[{"name":"wp","href":"https:\/\/api.w.org\/{rel}","templated":true}]}}