{"id":22193,"date":"2024-01-25T09:09:42","date_gmt":"2024-01-25T07:09:42","guid":{"rendered":"https:\/\/www.aerotim.ro\/?page_id=22193"},"modified":"2024-01-26T10:55:38","modified_gmt":"2024-01-26T08:55:38","slug":"anunt-privind-selectia-membrilor-ca-22-01-2024","status":"publish","type":"page","link":"https:\/\/www.aerotim.ro\/index.php\/anunt-privind-selectia-membrilor-ca-22-01-2024\/","title":{"rendered":"Anunt Privind Selectia Membrilor CA 22.01.2024"},"content":{"rendered":"<h4 style=\"text-align: right;\">22.01.2024<\/h4>\n<h4 style=\"text-align: center;\"><span>REPUBLICARE ANUN\u0162 DE RECRUTARE PENTRU POZI\u0162IA DE MEMBRU \u00ceN CONSILIUL DE ADMINISTRA\u0162IE AL AEROPORTULUI INTERNA\u021aIONAL TIMI\u0218OARA TRAIAN VUIA S.A.<\/span><\/h4>\n<p>&nbsp;<\/p>\n<p>Ministerul Transporturilor \u0219i Infrastructurii \u0219i expertul s\u0103u \u00een recrutare S.C. Pluri Consultants Rom\u00e2nia S.R.L. anun\u0163\u0103 reluarea procedurii de recrutare \u0219i selec\u021bie de candida\u0163i pentru nominalizarea \u00een vederea numirii membrilor Consiliului de Administra\u0163ie ai AEROPORTULUI INTERNA\u021aIONAL TIMI\u0218OARA TRAIAN VUIA S.A.. Procesul de recrutare \u0219i selec\u0163ie are ca scop identificarea, recrutarea \u0219i selectarea celor mai potrivi\u021bi 6 candida\u0163i pentru ocuparea postului de membru \u00een Consiliul de Administra\u021bie al AEROPORTULUI INTERNA\u021aIONAL TIMI\u0218OARA TRAIAN VUIA S.A.. Acest proces de recrutare \u0219i selec\u021bie se deruleaz\u0103 \u00een conformitate cu prevederile O.U.G. nr. 109\/2011 privind guvernan\u0163a corporativ\u0103 a \u00eentreprinderilor publice, aprobat\u0103 prin Legea nr. 111\/2016 \u0219i H.G. nr. 722\/2016 pentru aprobarea Normelor metodologice de aplicare a unor prevederi din Ordonan\u0163a de urgen\u0163\u0103 a Guvernului nr. 109\/2011 privind guvernan\u0163a corporativ\u0103 a \u00eentreprinderilor publice, cu modific\u0103rile \u0219i complet\u0103rile ulterioare, precum \u0219i cu cele ale Regulamentului (UE) 2016\/679 privind protec\u021bia persoanelor fizice \u00een ceea ce prive\u0219te prelucrarea datelor cu caracter personal.<\/p>\n<p>&nbsp;<\/p>\n<p style=\"text-align: center;\"><strong><a href=\"https:\/\/www.aerotim.ro\/wp-content\/uploads\/2024\/01\/Anunt-recrutare-membru-CA-AITTV-22.01.2024.pdf\" target=\"_blank\" rel=\"noopener\">Anun\u021b recrutare membru CA AITTV<\/a><\/strong><\/p>\n<p><strong><a href=\"https:\/\/www.aerotim.ro\/wp-content\/uploads\/2024\/01\/Formular-1.docx\" target=\"_blank\" rel=\"noopener\">Formular 1<\/a><\/strong><\/p>\n<p><strong><a href=\"https:\/\/www.aerotim.ro\/wp-content\/uploads\/2024\/01\/Formular-2.docx\" target=\"_blank\" rel=\"noopener\">Formular 2<\/a><\/strong><\/p>\n<p><strong><a href=\"https:\/\/www.aerotim.ro\/wp-content\/uploads\/2024\/01\/Formular-3.docx\" target=\"_blank\" rel=\"noopener\">Formular 3<\/a><\/strong><\/p>\n<p><strong><a href=\"https:\/\/www.aerotim.ro\/wp-content\/uploads\/2024\/01\/Formular-4.docx\" target=\"_blank\" rel=\"noopener\">Formular 4<\/a><\/strong><\/p>\n<p><strong><a href=\"https:\/\/www.aerotim.ro\/wp-content\/uploads\/2024\/01\/Formular-5.docx\" target=\"_blank\" rel=\"noopener\">Formular 5<\/a><\/strong><\/p>\n","protected":false},"excerpt":{"rendered":"<p>22.01.2024 REPUBLICARE ANUN\u0162 DE RECRUTARE PENTRU POZI\u0162IA DE MEMBRU \u00ceN CONSILIUL DE ADMINISTRA\u0162IE AL AEROPORTULUI INTERNA\u021aIONAL TIMI\u0218OARA TRAIAN VUIA S.A. &nbsp; Ministerul Transporturilor \u0219i Infrastructurii \u0219i expertul s\u0103u \u00een recrutare S.C. Pluri Consultants Rom\u00e2nia S.R.L. anun\u0163\u0103 reluarea procedurii de recrutare \u0219i selec\u021bie de candida\u0163i pentru nominalizarea \u00een vederea numirii membrilor Consiliului de Administra\u0163ie ai AEROPORTULUI [&hellip;]<\/p>\n","protected":false},"author":5,"featured_media":0,"parent":0,"menu_order":0,"comment_status":"closed","ping_status":"closed","template":"","meta":{"footnotes":""},"class_list":["post-22193","page","type-page","status-publish","hentry"],"_links":{"self":[{"href":"https:\/\/www.aerotim.ro\/index.php\/wp-json\/wp\/v2\/pages\/22193","targetHints":{"allow":["GET"]}}],"collection":[{"href":"https:\/\/www.aerotim.ro\/index.php\/wp-json\/wp\/v2\/pages"}],"about":[{"href":"https:\/\/www.aerotim.ro\/index.php\/wp-json\/wp\/v2\/types\/page"}],"author":[{"embeddable":true,"href":"https:\/\/www.aerotim.ro\/index.php\/wp-json\/wp\/v2\/users\/5"}],"replies":[{"embeddable":true,"href":"https:\/\/www.aerotim.ro\/index.php\/wp-json\/wp\/v2\/comments?post=22193"}],"version-history":[{"count":3,"href":"https:\/\/www.aerotim.ro\/index.php\/wp-json\/wp\/v2\/pages\/22193\/revisions"}],"predecessor-version":[{"id":22250,"href":"https:\/\/www.aerotim.ro\/index.php\/wp-json\/wp\/v2\/pages\/22193\/revisions\/22250"}],"wp:attachment":[{"href":"https:\/\/www.aerotim.ro\/index.php\/wp-json\/wp\/v2\/media?parent=22193"}],"curies":[{"name":"wp","href":"https:\/\/api.w.org\/{rel}","templated":true}]}}