{"id":22112,"date":"2024-01-05T12:38:21","date_gmt":"2024-01-05T10:38:21","guid":{"rendered":"https:\/\/www.aerotim.ro\/?page_id=22112"},"modified":"2024-12-09T14:40:26","modified_gmt":"2024-12-09T12:40:26","slug":"hotarari-aga-2024","status":"publish","type":"page","link":"https:\/\/www.aerotim.ro\/index.php\/hotarari-aga-2024\/","title":{"rendered":"Hot\u0103r\u00e2ri AGA 2024"},"content":{"rendered":"<h2 style=\"text-align: center;\"><strong>Hot\u0103r\u00e2rile Adun\u0103rilor Generale ale Ac\u0163ionarilor 2024<\/strong><\/h2>\n<ol>\n<li><a href=\"https:\/\/www.aerotim.ro\/wp-content\/uploads\/2024\/02\/1-HOT-AGOA-1-08.02.2024.pdf\" target=\"_blank\" rel=\"noopener\">Hot\u0103r\u00e2re AGOA 1 &#8211; 08.02.2024<\/a><\/li>\n<li><a href=\"https:\/\/www.aerotim.ro\/wp-content\/uploads\/2024\/03\/2-HOT-AGOA-2-04.03.2024.pdf\" target=\"_blank\" rel=\"noopener\">Hot\u0103r\u00e2re AGOA 2 &#8211; 04.03.2024<\/a><\/li>\n<li><a href=\"https:\/\/www.aerotim.ro\/wp-content\/uploads\/2024\/05\/3-HOT-AGOA-3-14.05.2024.pdf\" target=\"_blank\" rel=\"noopener\">Hot\u0103r\u00e2re AGOA 3 &#8211; 14.05.2024<\/a><\/li>\n<li><a href=\"https:\/\/www.aerotim.ro\/wp-content\/uploads\/2024\/05\/4-HOT-AGEA-4-14.05.2024.pdf\" target=\"_blank\" rel=\"noopener\">Hot\u0103r\u00e2re AGEA 4 &#8211; 14.05.2024<\/a><\/li>\n<li><a href=\"https:\/\/www.aerotim.ro\/wp-content\/uploads\/2024\/06\/5-HOT-AGOA-5-17.06.2024.pdf\" target=\"_blank\" rel=\"noopener\">Hot\u0103r\u00e2re AGOA 5 &#8211; 17.06.2024<\/a><\/li>\n<li><a href=\"https:\/\/www.aerotim.ro\/wp-content\/uploads\/2024\/09\/6-HOT-AGOA-6-16.09.2024.pdf\" target=\"_blank\" rel=\"noopener\">Hot\u0103r\u00e2re AGOA 6 &#8211; 16.09.2024<\/a><\/li>\n<li><a href=\"https:\/\/www.aerotim.ro\/wp-content\/uploads\/2024\/10\/7-HOT-AGEA-7-07.10.2024.pdf\">Hot\u0103r\u00e2re \u00a0AGEA 7 &#8211; 07.10.2024<\/a><\/li>\n<li><a href=\"https:\/\/www.aerotim.ro\/wp-content\/uploads\/2024\/11\/8.-HOT-AGOA-8-04.11.2024.pdf\" target=\"_blank\" rel=\"noopener\">Hot\u0103r\u00e2re \u00a0AGOA 8 &#8211; 04.11.2024<\/a><\/li>\n<li><a href=\"https:\/\/www.aerotim.ro\/wp-content\/uploads\/2024\/12\/9.-HOT-AGOA-9-05.12.2024.pdf\" target=\"_blank\" rel=\"noopener\">Hot\u0103r\u00e2re \u00a0AGOA 9 &#8211; 05.12.2024<\/a><\/li>\n<\/ol>\n<p>&nbsp;<\/p>\n","protected":false},"excerpt":{"rendered":"<p>Hot\u0103r\u00e2rile Adun\u0103rilor Generale ale Ac\u0163ionarilor 2024 Hot\u0103r\u00e2re AGOA 1 &#8211; 08.02.2024 Hot\u0103r\u00e2re AGOA 2 &#8211; 04.03.2024 Hot\u0103r\u00e2re AGOA 3 &#8211; 14.05.2024 Hot\u0103r\u00e2re AGEA 4 &#8211; 14.05.2024 Hot\u0103r\u00e2re AGOA 5 &#8211; 17.06.2024 Hot\u0103r\u00e2re AGOA 6 &#8211; 16.09.2024 Hot\u0103r\u00e2re \u00a0AGEA 7 &#8211; 07.10.2024 Hot\u0103r\u00e2re \u00a0AGOA 8 &#8211; 04.11.2024 Hot\u0103r\u00e2re \u00a0AGOA 9 &#8211; 05.12.2024 &nbsp;<\/p>\n","protected":false},"author":5,"featured_media":0,"parent":0,"menu_order":0,"comment_status":"closed","ping_status":"closed","template":"","meta":{"footnotes":""},"class_list":["post-22112","page","type-page","status-publish","hentry"],"_links":{"self":[{"href":"https:\/\/www.aerotim.ro\/index.php\/wp-json\/wp\/v2\/pages\/22112","targetHints":{"allow":["GET"]}}],"collection":[{"href":"https:\/\/www.aerotim.ro\/index.php\/wp-json\/wp\/v2\/pages"}],"about":[{"href":"https:\/\/www.aerotim.ro\/index.php\/wp-json\/wp\/v2\/types\/page"}],"author":[{"embeddable":true,"href":"https:\/\/www.aerotim.ro\/index.php\/wp-json\/wp\/v2\/users\/5"}],"replies":[{"embeddable":true,"href":"https:\/\/www.aerotim.ro\/index.php\/wp-json\/wp\/v2\/comments?post=22112"}],"version-history":[{"count":12,"href":"https:\/\/www.aerotim.ro\/index.php\/wp-json\/wp\/v2\/pages\/22112\/revisions"}],"predecessor-version":[{"id":23153,"href":"https:\/\/www.aerotim.ro\/index.php\/wp-json\/wp\/v2\/pages\/22112\/revisions\/23153"}],"wp:attachment":[{"href":"https:\/\/www.aerotim.ro\/index.php\/wp-json\/wp\/v2\/media?parent=22112"}],"curies":[{"name":"wp","href":"https:\/\/api.w.org\/{rel}","templated":true}]}}