{"id":22106,"date":"2024-01-05T12:32:12","date_gmt":"2024-01-05T10:32:12","guid":{"rendered":"https:\/\/www.aerotim.ro\/?page_id=22106"},"modified":"2024-10-30T14:41:16","modified_gmt":"2024-10-30T12:41:16","slug":"convocari-aga-2024","status":"publish","type":"page","link":"https:\/\/www.aerotim.ro\/index.php\/convocari-aga-2024\/","title":{"rendered":"Convoc\u0103ri AGA 2024"},"content":{"rendered":"<h2 style=\"text-align: center;\"><strong>Convoc\u0103rile Adun\u0103rilor Generale ale Ac\u0163ionarilor 2024<\/strong><\/h2>\n<p><strong><a href=\"https:\/\/www.aerotim.ro\/wp-content\/uploads\/2024\/01\/1.Convocator-AGOA-50.001-05.01.2024.pdf\" target=\"_blank\" rel=\"noopener\">1. Convocator AGOA 50.001 &#8211; 05.01.2024<\/a><\/strong><\/p>\n<p><a href=\"https:\/\/www.aerotim.ro\/wp-content\/uploads\/2024\/01\/50.018-22.01.2024-CONVOCATOR-AGOA.pdf\" target=\"_blank\" rel=\"noopener\"><strong>2. Convocator<\/strong> <strong>AGOA 50.018 &#8211; 22.01.2024<\/strong><\/a><\/p>\n<p><strong><a href=\"https:\/\/www.aerotim.ro\/wp-content\/uploads\/2024\/04\/Convocator-AGOA-50.071-03.04.2024.pdf\" target=\"_blank\" rel=\"noopener\">3. Convocator AGOA 50.071 &#8211; 03.04.2024<\/a><\/strong><\/p>\n<p><a href=\"https:\/\/www.aerotim.ro\/wp-content\/uploads\/2024\/04\/Convocator-AGEA-50.072-03.04.2024.pdf\" target=\"_blank\" rel=\"noopener\"><strong>4. Convocator AGEA 50.072 &#8211; 03.04.2024<\/strong><\/a><\/p>\n<p><a href=\"https:\/\/www.aerotim.ro\/wp-content\/uploads\/2024\/06\/CONVOCATOR-AGOA-24764-04.06.2024.pdf\" target=\"_blank\" rel=\"noopener\"><strong>5. Convocator AGOA 24764 &#8211; 04.06.2024<\/strong><\/a><\/p>\n<p><strong><a href=\"https:\/\/www.aerotim.ro\/wp-content\/uploads\/2024\/08\/50.145-12.08.2024-CONVOCATOR-AGOA.pdf\" target=\"_blank\" rel=\"noopener\">6. Convocator AGOA 50.145 &#8211; 12.08.2024<\/a><\/strong><\/p>\n<p><strong><a href=\"https:\/\/www.aerotim.ro\/wp-content\/uploads\/2024\/09\/7.-Convocator-AGEA-50.152-03.09.2024.pdf\">7. Convocator AGEA 50.152 &#8211; 03.09.2024<\/a><\/strong><\/p>\n<p><strong><a href=\"https:\/\/www.aerotim.ro\/wp-content\/uploads\/2024\/10\/Convocator-AGOA-39795-21.10.2024.pdf\" target=\"_blank\" rel=\"noopener\">8. Convocator AGOA 39795 &#8211; 21.10.2024<\/a><\/strong><\/p>\n<p><a href=\"https:\/\/www.aerotim.ro\/wp-content\/uploads\/2024\/10\/CONVOCATOR-AGOA-50190-28.10.2024.pdf\" target=\"_blank\" rel=\"noopener\"><strong>9. Convocator AGOA 50190 &#8211; 28.10.2024<\/strong><\/a><\/p>\n","protected":false},"excerpt":{"rendered":"<p>Convoc\u0103rile Adun\u0103rilor Generale ale Ac\u0163ionarilor 2024 1. Convocator AGOA 50.001 &#8211; 05.01.2024 2. Convocator AGOA 50.018 &#8211; 22.01.2024 3. Convocator AGOA 50.071 &#8211; 03.04.2024 4. Convocator AGEA 50.072 &#8211; 03.04.2024 5. Convocator AGOA 24764 &#8211; 04.06.2024 6. Convocator AGOA 50.145 &#8211; 12.08.2024 7. Convocator AGEA 50.152 &#8211; 03.09.2024 8. Convocator AGOA 39795 &#8211; 21.10.2024 9. [&hellip;]<\/p>\n","protected":false},"author":5,"featured_media":0,"parent":0,"menu_order":0,"comment_status":"closed","ping_status":"closed","template":"","meta":{"footnotes":""},"class_list":["post-22106","page","type-page","status-publish","hentry"],"_links":{"self":[{"href":"https:\/\/www.aerotim.ro\/index.php\/wp-json\/wp\/v2\/pages\/22106","targetHints":{"allow":["GET"]}}],"collection":[{"href":"https:\/\/www.aerotim.ro\/index.php\/wp-json\/wp\/v2\/pages"}],"about":[{"href":"https:\/\/www.aerotim.ro\/index.php\/wp-json\/wp\/v2\/types\/page"}],"author":[{"embeddable":true,"href":"https:\/\/www.aerotim.ro\/index.php\/wp-json\/wp\/v2\/users\/5"}],"replies":[{"embeddable":true,"href":"https:\/\/www.aerotim.ro\/index.php\/wp-json\/wp\/v2\/comments?post=22106"}],"version-history":[{"count":13,"href":"https:\/\/www.aerotim.ro\/index.php\/wp-json\/wp\/v2\/pages\/22106\/revisions"}],"predecessor-version":[{"id":23110,"href":"https:\/\/www.aerotim.ro\/index.php\/wp-json\/wp\/v2\/pages\/22106\/revisions\/23110"}],"wp:attachment":[{"href":"https:\/\/www.aerotim.ro\/index.php\/wp-json\/wp\/v2\/media?parent=22106"}],"curies":[{"name":"wp","href":"https:\/\/api.w.org\/{rel}","templated":true}]}}