{"id":20028,"date":"2022-11-23T12:03:30","date_gmt":"2022-11-23T10:03:30","guid":{"rendered":"https:\/\/www.aerotim.ro\/?page_id=20028"},"modified":"2025-08-13T12:49:10","modified_gmt":"2025-08-13T09:49:10","slug":"buletin-informativ","status":"publish","type":"page","link":"https:\/\/www.aerotim.ro\/index.php\/buletin-informativ\/","title":{"rendered":"Buletin informativ"},"content":{"rendered":"<p>Potrivit prevederilor legii 544\/12 octombrie 2001 privind liberul acces la informa\u0163iile de interes public v\u0103 facem cunoscute informa\u0163iile de interes public men\u0163ionate expres \u00een art. 5 din sus-men\u0163ionata lege care se refer\u0103 la activitatea S.N. Aeroportul Interna\u0163ional Timi\u015foara \u2013 \u201eTraian Vuia\u201d S.A.<\/p>\n<p>&nbsp;<\/p>\n<p><strong>Informa\u0163iile de interes public sunt, dup\u0103 cum urmeaz\u0103:<\/strong><\/p>\n<p>&nbsp;<\/p>\n<p><strong>a. Actele normative care reglementeaz\u0103 organizarea \u0219i func\u021bionarea S.N. Aeroportul Interna\u021bional Timi\u0219oara \u2013 \u201eTraian Vuia\u201d S.A.,<\/strong><\/p>\n<ol>\n<li>Legea 15\/1990 privind reorganizarea unit\u0103\u0163ilor economice de stat ca regii autonome \u0219i societ\u0103\u0163i comerciale (publicat\u0103 \u00een M. Of. nr. 98 din 8 august 1990).<\/li>\n<li>Hot\u0103r\u00e2rea Guvernului nr. 38\/1997 privind reorganizarea activit\u0103\u0163ii aeroporturilor din Rom\u00e2nia (publicat\u0103 \u00een M. Of. nr. nr. 34\/4 mar. 1997).<\/li>\n<li>Hot\u0103r\u00e2rea Guvernului nr. 521\/1998 privind \u00eenfiin\u0163area Societ\u0103\u0163ii Na\u0163ionale Aeroportul Interna\u0163ional Timi\u015foara \u2013 \u201eTraian Vuia\u201d S.A. (publicat\u0103 \u00een M. Of. nr. 334 din 07 septembrie 1998).<\/li>\n<li>Hot\u0103r\u00e2rea Guvernului nr. 133\/2003 pentru modificarea Hot\u0103r\u00e2rii Guvernului nr. 521\/1998 privind \u00eenfiin\u0163area Societ\u0103\u0163ii Na\u0163ionale Aeroportul Interna\u0163ional Timi\u015foara \u2013 \u201eTraian Vuia\u201d S.A. (publicat\u0103 \u00een M. Of. nr. 93\/14 feb. 2003).<\/li>\n<li>Hot\u0103r\u00e2rea Guvernului nr. 1.096\/2008 pentru modificarea unor acte normative privind \u00eenfiin\u0163area aeroporturilor de interes na\u0163ional\u00a0 (publicat\u0103 \u00een M. Of. nr.\u00a0 701\/15 oct. 2008).<\/li>\n<\/ol>\n<p>&nbsp;<\/p>\n<p><strong>b. \u00cen ceea ce prive\u015fte structura organizatoric\u0103 anex\u0103m organigrama S.N. Aeroportul Interna\u0163ional Timi\u015foara \u201eTraian Vuia\u201d S.A. pentru anul 2008 \u2013 anexa.<\/strong><\/p>\n<p>\u2013\u00a0<strong>programul de func\u0163ionare<\/strong>\u00a0al S.N. Aeroportul Interna\u0163ional Timi\u015foara \u201eTraian Vuia\u201d S.A este H24, (permanent \u2013 pentru personalul implicat \u00een deservirea aeronavelor la sol). Pentru restul compartimentelor, programul este de 8 ore zilnic \/ 5 zile pe s\u0103pt\u0103m\u00e2n\u0103;<\/p>\n<p><a href=\"https:\/\/www.aerotim.ro\/index.php\/audiente-petitii\/\"><strong>\u2013 programul de audien\u021be<\/strong>\u00a0\u2013 conducerea S.N. Aeroportul Interna\u0163ional Timi\u015foara \u201eTraian Vuia\u201d S.A. a stabilit urm\u0103torul program de audien\u021be, cu men\u0163iunea c\u0103 programarea se face la secretariatul unit\u0103\u0163ii, \u00een registrul de planificare al audien\u021belor:<\/a><\/p>\n<p>&nbsp;<\/p>\n<p>&nbsp;<\/p>\n<p>&nbsp;<\/p>\n<p><strong>c. Persoanele din conducerea S.N. Aeroportul Interna\u0163ional Timi\u015foara \u201eTraian Vuia\u201d S.A. sunt dup\u0103 cum urmeaz\u0103:\u00a0<\/strong><\/p>\n<p>&nbsp;<\/p>\n<p style=\"text-align: center;\"><a href=\"https:\/\/www.aerotim.ro\/index.php\/transparenta\/#:~:text=Consiliul%20de%20Administra%C8%9Bie%3A\" target=\"_blank\" rel=\"noopener\"><strong><u>Membrii Consiliului de Administra\u021bie<\/u><\/strong><\/a><\/p>\n<p style=\"text-align: center;\">\n<p>&nbsp;<\/p>\n<p style=\"text-align: center;\"><a href=\"https:\/\/www.aerotim.ro\/index.php\/transparenta\/#:~:text=Lista%20administratorilor%20%C5%9Fi%20a%20directorilor%2C\" target=\"_blank\" rel=\"noopener\"><strong>Conducerea societ\u0103\u0163ii<\/strong><\/a><\/p>\n<p>&nbsp;<\/p>\n<p><strong>Structura organizatoric\u0103 responsabil\u0103 cu difuzarea informa\u0163iilor de interes public<\/strong><em><br \/>\n<\/em>Rela\u021bii publice: <strong>Amalia Matei<\/strong> &#8211; <em><strong>Cosilier Director General<\/strong>; <\/em>\u00a0<strong>C\u0103lin Petrescu<\/strong> &#8211; <strong><em>Purt\u0103tor de Cuv\u00e2nt<\/em><\/strong><br \/>\nTelefon (0256) 491637, int. 2187<br \/>\nFax (0256) 490.705<br \/>\ne-mail: <a href=\"mailto:relatii.publice@aerotim.ro\">relatii.publice@aerotim.ro<\/a><\/p>\n<p>&nbsp;<\/p>\n<p><strong>d. Coordonatele de contact ale institu\u0163iei:<\/strong><\/p>\n<p>\u2022\u00a0 \u00a0 denumire \u2013 S.N. Aeroportul Interna\u0163ional Timi\u015foara \u2013 \u201eTraian Vuia\u201d S.A.<br \/>\n\u2022\u00a0\u00a0\u00a0 sediu \u2013 str. Aeroport nr. 2, com. Ghiroda, jud. Timi\u015f, Romania \u2022\u00a0\u00a0 cod po\u015ftal \u2013 307210<br \/>\n\u2022\u00a0\u00a0\u00a0 telefon\/fax \u2013 0256 \/ 491 637; 0256 \/ 491 638; 0256 \/ 493 123; 0256 \/ 490 705<br \/>\n\u2022\u00a0\u00a0\u00a0 adresa e-mail \u2013 office@aerotim.ro<br \/>\n\u2022\u00a0\u00a0\u00a0 pagina internet \u2013 www.aerotim.ro<br \/>\n\u2022\u00a0\u00a0\u00a0 Reg. Com. J 35\/1183\/98<br \/>\n\u2022\u00a0\u00a0\u00a0 Cod Fiscal: RO 11178217<br \/>\n\u2022\u00a0\u00a0\u00a0 Cod IBAN RO34RNCB0249049296020001<br \/>\n\u2022\u00a0\u00a0\u00a0 Telex: LRTRRAYD<br \/>\n\u2022\u00a0\u00a0\u00a0 SITA: TSRAP8X<br \/>\n\u2022\u00a0\u00a0\u00a0 Cod OACI: LRTR<br \/>\n\u2022\u00a0\u00a0\u00a0 Cod IATA: TSR<\/p>\n<p>&nbsp;<\/p>\n<p><strong>e. Sursele financiare ale aeroportului sunt cele proprii \u0219i cele provenite de la bugetul statului<\/strong><\/p>\n<p>Aeroportul International Timisoara \u2013 \u201eTraian Vuia\u201d este societate comerciala pe ac\u021biuni, cu capital majoritar de stat, care se organizeaz\u0103 \u0219i func\u021bioneaz\u0103 pe baza de gestiune economic\u0103. Sursele de finan\u021bare se asigur\u0103 din venituri proprii, sume alocate de la bugetul de stat, credite bancare, credite externe contractate sau garantate de stat, acordate cu respectarea regulamentelor comunitare privind concuren\u021ba, fonduri externe nerambursabile, acordate \u00een condi\u021biile legii, precum \u0219i forme legale de participare a capitalului privat \u0219i alte surse legal constituite.<\/p>\n<p>Informa\u0163iile sunt disponibile la cerere, pe suport de h\u00e2rtie \u0219i suport electronic.<br \/>\n<strong><br \/>\nf.\u00a0programul \u0219i strategiile de dezvoltare<\/strong><\/p>\n<p>\u201ePlanul de dezvoltare al Aeroportului pentru perioada 2008 \u2013 2015\u201d \u2013 anexa \u2013 (H.G. 615 din 13.06.2002 privind aprobarea Programului strategic de dezvoltare a infrastructurii aeroportuare la S.N. Aeroportul Interna\u0163ional Timi\u015foara \u2013 \u201eTraian Vuia\u201d S.A. pentru perioada 2002 \u2013 2015, modificat\u0103 de H.G. nr. 60 din 23.01.2003 pentru modificarea H.G. nr. 615 \/ 2002 si de H.G. nr. 1212 din 04.10.2007 pentru modificarea H.G. nr. 615 \/ 2007);<\/p>\n<p>Informa\u0163iile sunt disponibile la cerere, pe suport de h\u00e2rtie \u0219i suport electronic.<\/p>\n<p>&nbsp;<\/p>\n<p><strong>g. Documentele de interes public sunt cele de la punctele a, b, c, d, e.<\/strong><\/p>\n<p>&nbsp;<\/p>\n<p><strong>h. \u00cen ceea ce prive\u0219te categoriile de documente produse \u015fi \/ sau gestionate, men\u0163ion\u0103m c\u0103 acestea sunt documentele financiar-contabile, economice, tehnice, opera\u0163ionale, juridice, comerciale, de organizare \u0219i func\u0163ionare, etc.<\/strong><\/p>\n<p>&nbsp;<\/p>\n<p><strong>i. Modalitatea de contestare a deciziei institu\u0163iei publice<\/strong><\/p>\n<p>\u00cen situa\u0163ia \u00een care o persoan\u0103 se consider\u0103 v\u0103t\u0103mat\u0103 de S.N. AIT-TV S.A. \u00een privin\u0163a dreptului de acces la informa\u0163iile de interes public solicitate, contestarea se va realiza \u00een conformitate cu prevederile stipulate la capitolul VI: SANC\u021aIUNI, art. 31-36 din Legea 544\/2001.<\/p>\n","protected":false},"excerpt":{"rendered":"<p>Potrivit prevederilor legii 544\/12 octombrie 2001 privind liberul acces la informa\u0163iile de interes public v\u0103 facem cunoscute informa\u0163iile de interes public men\u0163ionate expres \u00een art. 5 din sus-men\u0163ionata lege care se refer\u0103 la activitatea S.N. Aeroportul Interna\u0163ional Timi\u015foara \u2013 \u201eTraian Vuia\u201d S.A. &nbsp; Informa\u0163iile de interes public sunt, dup\u0103 cum urmeaz\u0103: &nbsp; a. Actele normative [&hellip;]<\/p>\n","protected":false},"author":5,"featured_media":0,"parent":0,"menu_order":0,"comment_status":"closed","ping_status":"closed","template":"","meta":{"footnotes":""},"class_list":["post-20028","page","type-page","status-publish","hentry"],"_links":{"self":[{"href":"https:\/\/www.aerotim.ro\/index.php\/wp-json\/wp\/v2\/pages\/20028","targetHints":{"allow":["GET"]}}],"collection":[{"href":"https:\/\/www.aerotim.ro\/index.php\/wp-json\/wp\/v2\/pages"}],"about":[{"href":"https:\/\/www.aerotim.ro\/index.php\/wp-json\/wp\/v2\/types\/page"}],"author":[{"embeddable":true,"href":"https:\/\/www.aerotim.ro\/index.php\/wp-json\/wp\/v2\/users\/5"}],"replies":[{"embeddable":true,"href":"https:\/\/www.aerotim.ro\/index.php\/wp-json\/wp\/v2\/comments?post=20028"}],"version-history":[{"count":14,"href":"https:\/\/www.aerotim.ro\/index.php\/wp-json\/wp\/v2\/pages\/20028\/revisions"}],"predecessor-version":[{"id":24763,"href":"https:\/\/www.aerotim.ro\/index.php\/wp-json\/wp\/v2\/pages\/20028\/revisions\/24763"}],"wp:attachment":[{"href":"https:\/\/www.aerotim.ro\/index.php\/wp-json\/wp\/v2\/media?parent=20028"}],"curies":[{"name":"wp","href":"https:\/\/api.w.org\/{rel}","templated":true}]}}