{"id":19942,"date":"2022-11-22T12:55:26","date_gmt":"2022-11-22T10:55:26","guid":{"rendered":"https:\/\/www.aerotim.ro\/?page_id=19942"},"modified":"2023-02-07T09:25:04","modified_gmt":"2023-02-07T07:25:04","slug":"declaratii-de-avere-interese-2019","status":"publish","type":"page","link":"https:\/\/www.aerotim.ro\/index.php\/declaratii-de-avere-interese-2019\/","title":{"rendered":"Declara\u021bii de avere \u0219i interese 2019"},"content":{"rendered":"<h2 style=\"text-align: center;\"><strong>Declara\u021bii de avere \u015fi interese pentru anul 2019<\/strong><\/h2>\n<p>&nbsp;<\/p>\n<h3><strong>Declara\u0163ii de avere<\/strong><\/h3>\n<p><strong>Conducerea societ\u0103\u0163ii:<\/strong><br \/>\n<a aria-label=\"Link Director General \u2013 Iulian Daniel Idolu\" title=\"https:\/\/aerotim.ro\/wp-content\/uploads\/2022\/03\/Declaratie_avere_Idolu_Iulian_Daniel_2019.pdf\" href=\"https:\/\/aerotim.ro\/wp-content\/uploads\/2022\/03\/Declaratie_avere_Idolu_Iulian_Daniel_2019.pdf\" rel=\"noopener noreferrer\" target=\"_blank\" class=\"fui-Link ___m14voj0 f3rmtva f1ern45e f1deefiw f1n71otn f1q5o8ev f1h8hb77 f1vxd6vx f1ewtqcl fyind8e f1k6fduh f1w7gpdv fk6fouc fjoy568 figsok6 f1hu3pq6 f11qmguv f19f4twv f1tyq0we f1g0x7ka fhxju0i f1qch9an f1cnd47f fqv5qza f1vmzxwi f1o700av f13mvf36 f9n3di6 f1ids18y fygtlnl f1deo86v f12x56k7 f1iescvh ftqa4ok f50u1b5 fs3pq8b f1hghxdh f1tymzes f1x7u7e9 f1cmlufx f10aw75t fsle3fq\" tabindex=\"-1\">Director General \u2013 Iulian Daniel Idolu<\/a><br \/>\n<a aria-label=\"Link Director Administrativ \u2013 Lucian Taropa\" title=\"https:\/\/aerotim.ro\/wp-content\/uploads\/2022\/03\/Declaratie_avere_Taropa_Lucian_2019.pdf\" href=\"https:\/\/aerotim.ro\/wp-content\/uploads\/2022\/03\/Declaratie_avere_Taropa_Lucian_2019.pdf\" rel=\"noopener noreferrer\" target=\"_blank\" class=\"fui-Link ___m14voj0 f3rmtva f1ern45e f1deefiw f1n71otn f1q5o8ev f1h8hb77 f1vxd6vx f1ewtqcl fyind8e f1k6fduh f1w7gpdv fk6fouc fjoy568 figsok6 f1hu3pq6 f11qmguv f19f4twv f1tyq0we f1g0x7ka fhxju0i f1qch9an f1cnd47f fqv5qza f1vmzxwi f1o700av f13mvf36 f9n3di6 f1ids18y fygtlnl f1deo86v f12x56k7 f1iescvh ftqa4ok f50u1b5 fs3pq8b f1hghxdh f1tymzes f1x7u7e9 f1cmlufx f10aw75t fsle3fq\" tabindex=\"-1\">Director Administrativ \u2013 Lucian Taropa<\/a><br \/>\n<a aria-label=\"Link Director Opera\u0163ional \u2013 Catalin Biro\" title=\"https:\/\/aerotim.ro\/wp-content\/uploads\/2022\/03\/Declaratie_avere_Biro_Catalin_2019.pdf\" href=\"https:\/\/aerotim.ro\/wp-content\/uploads\/2022\/03\/Declaratie_avere_Biro_Catalin_2019.pdf\" rel=\"noopener noreferrer\" target=\"_blank\" class=\"fui-Link ___m14voj0 f3rmtva f1ern45e f1deefiw f1n71otn f1q5o8ev f1h8hb77 f1vxd6vx f1ewtqcl fyind8e f1k6fduh f1w7gpdv fk6fouc fjoy568 figsok6 f1hu3pq6 f11qmguv f19f4twv f1tyq0we f1g0x7ka fhxju0i f1qch9an f1cnd47f fqv5qza f1vmzxwi f1o700av f13mvf36 f9n3di6 f1ids18y fygtlnl f1deo86v f12x56k7 f1iescvh ftqa4ok f50u1b5 fs3pq8b f1hghxdh f1tymzes f1x7u7e9 f1cmlufx f10aw75t fsle3fq\" tabindex=\"-1\">Director Opera\u0163ional \u2013 Catalin Biro<\/a><br \/>\n<a aria-label=\"Link Director Economic \u2013 Marius Ursu\" title=\"https:\/\/aerotim.ro\/wp-content\/uploads\/2022\/03\/Declaratie_avere_Ursu_Marius_2019.pdf\" href=\"https:\/\/aerotim.ro\/wp-content\/uploads\/2022\/03\/Declaratie_avere_Ursu_Marius_2019.pdf\" rel=\"noopener noreferrer\" target=\"_blank\" class=\"fui-Link ___m14voj0 f3rmtva f1ern45e f1deefiw f1n71otn f1q5o8ev f1h8hb77 f1vxd6vx f1ewtqcl fyind8e f1k6fduh f1w7gpdv fk6fouc fjoy568 figsok6 f1hu3pq6 f11qmguv f19f4twv f1tyq0we f1g0x7ka fhxju0i f1qch9an f1cnd47f fqv5qza f1vmzxwi f1o700av f13mvf36 f9n3di6 f1ids18y fygtlnl f1deo86v f12x56k7 f1iescvh ftqa4ok f50u1b5 fs3pq8b f1hghxdh f1tymzes f1x7u7e9 f1cmlufx f10aw75t fsle3fq\" tabindex=\"-1\">Director Economic \u2013 Marius Ursu<\/a><br \/>\n<a aria-label=\"Link Director Comercial \u2013 Daniel Stamatovici\" title=\"https:\/\/aerotim.ro\/wp-content\/uploads\/2022\/03\/Declaratie_avere_Stamatovici_Daniel_2019.pdf\" href=\"https:\/\/aerotim.ro\/wp-content\/uploads\/2022\/03\/Declaratie_avere_Stamatovici_Daniel_2019.pdf\" rel=\"noopener noreferrer\" target=\"_blank\" class=\"fui-Link ___m14voj0 f3rmtva f1ern45e f1deefiw f1n71otn f1q5o8ev f1h8hb77 f1vxd6vx f1ewtqcl fyind8e f1k6fduh f1w7gpdv fk6fouc fjoy568 figsok6 f1hu3pq6 f11qmguv f19f4twv f1tyq0we f1g0x7ka fhxju0i f1qch9an f1cnd47f fqv5qza f1vmzxwi f1o700av f13mvf36 f9n3di6 f1ids18y fygtlnl f1deo86v f12x56k7 f1iescvh ftqa4ok f50u1b5 fs3pq8b f1hghxdh f1tymzes f1x7u7e9 f1cmlufx f10aw75t fsle3fq\" tabindex=\"-1\">Director Comercial \u2013 Daniel Stamatovici<\/a><br \/>\n<a aria-label=\"Link Director Investi\u021bii \u2013 Daniel Dinu\" title=\"https:\/\/aerotim.ro\/wp-content\/uploads\/2022\/03\/Declaratie_avere_Dinu_Daniel_2019.pdf\" href=\"https:\/\/aerotim.ro\/wp-content\/uploads\/2022\/03\/Declaratie_avere_Dinu_Daniel_2019.pdf\" rel=\"noopener noreferrer\" target=\"_blank\" class=\"fui-Link ___m14voj0 f3rmtva f1ern45e f1deefiw f1n71otn f1q5o8ev f1h8hb77 f1vxd6vx f1ewtqcl fyind8e f1k6fduh f1w7gpdv fk6fouc fjoy568 figsok6 f1hu3pq6 f11qmguv f19f4twv f1tyq0we f1g0x7ka fhxju0i f1qch9an f1cnd47f fqv5qza f1vmzxwi f1o700av f13mvf36 f9n3di6 f1ids18y fygtlnl f1deo86v f12x56k7 f1iescvh ftqa4ok f50u1b5 fs3pq8b f1hghxdh f1tymzes f1x7u7e9 f1cmlufx f10aw75t fsle3fq\" tabindex=\"-1\">Director Investi\u021bii \u2013 Daniel Dinu<\/a><br \/>\n<a aria-label=\"Link Director Siguranta si Securitate \u2013 Adrian Pirvanescu\" title=\"https:\/\/aerotim.ro\/wp-content\/uploads\/2022\/03\/Declaratie_avere_Pirvanescu_Adrian_2019.pdf\" href=\"https:\/\/aerotim.ro\/wp-content\/uploads\/2022\/03\/Declaratie_avere_Pirvanescu_Adrian_2019.pdf\" rel=\"noopener noreferrer\" target=\"_blank\" class=\"fui-Link ___m14voj0 f3rmtva f1ern45e f1deefiw f1n71otn f1q5o8ev f1h8hb77 f1vxd6vx f1ewtqcl fyind8e f1k6fduh f1w7gpdv fk6fouc fjoy568 figsok6 f1hu3pq6 f11qmguv f19f4twv f1tyq0we f1g0x7ka fhxju0i f1qch9an f1cnd47f fqv5qza f1vmzxwi f1o700av f13mvf36 f9n3di6 f1ids18y fygtlnl f1deo86v f12x56k7 f1iescvh ftqa4ok f50u1b5 fs3pq8b f1hghxdh f1tymzes f1x7u7e9 f1cmlufx f10aw75t fsle3fq\" tabindex=\"-1\">Director Siguranta si Securitate \u2013 Adrian Pirvanescu<\/a><\/p>\n<p><strong>Consiliul de Administra\u0163ie:<\/strong><br \/>\n<a aria-label=\"Link Idolu Iulian Daniel \u2013 membru CA executiv\" title=\"https:\/\/aerotim.ro\/wp-content\/uploads\/2022\/03\/Declaratie_avere_Idolu_Iulian_Daniel_2019-1.pdf\" href=\"https:\/\/aerotim.ro\/wp-content\/uploads\/2022\/03\/Declaratie_avere_Idolu_Iulian_Daniel_2019-1.pdf\" rel=\"noopener noreferrer\" target=\"_blank\" class=\"fui-Link ___m14voj0 f3rmtva f1ern45e f1deefiw f1n71otn f1q5o8ev f1h8hb77 f1vxd6vx f1ewtqcl fyind8e f1k6fduh f1w7gpdv fk6fouc fjoy568 figsok6 f1hu3pq6 f11qmguv f19f4twv f1tyq0we f1g0x7ka fhxju0i f1qch9an f1cnd47f fqv5qza f1vmzxwi f1o700av f13mvf36 f9n3di6 f1ids18y fygtlnl f1deo86v f12x56k7 f1iescvh ftqa4ok f50u1b5 fs3pq8b f1hghxdh f1tymzes f1x7u7e9 f1cmlufx f10aw75t fsle3fq\" tabindex=\"-1\">Idolu Iulian Daniel \u2013 membru CA executiv<\/a><br \/>\n<a aria-label=\"Link Mocan Marian Liviu \u2013 membru CA neexecutiv\" title=\"https:\/\/aerotim.ro\/wp-content\/uploads\/2022\/03\/Declaratie_avere_Mocan_Marian_2019.pdf\" href=\"https:\/\/aerotim.ro\/wp-content\/uploads\/2022\/03\/Declaratie_avere_Mocan_Marian_2019.pdf\" rel=\"noopener noreferrer\" target=\"_blank\" class=\"fui-Link ___m14voj0 f3rmtva f1ern45e f1deefiw f1n71otn f1q5o8ev f1h8hb77 f1vxd6vx f1ewtqcl fyind8e f1k6fduh f1w7gpdv fk6fouc fjoy568 figsok6 f1hu3pq6 f11qmguv f19f4twv f1tyq0we f1g0x7ka fhxju0i f1qch9an f1cnd47f fqv5qza f1vmzxwi f1o700av f13mvf36 f9n3di6 f1ids18y fygtlnl f1deo86v f12x56k7 f1iescvh ftqa4ok f50u1b5 fs3pq8b f1hghxdh f1tymzes f1x7u7e9 f1cmlufx f10aw75t fsle3fq\" tabindex=\"-1\">Mocan Marian Liviu \u2013 membru CA neexecutiv<\/a><br \/>\n<a aria-label=\"Link Jichici Ciprian-Corneliu \u2013 membru CA neexecutiv\" title=\"https:\/\/aerotim.ro\/wp-content\/uploads\/2022\/03\/Declaratie_avere_Jichici_Ciprian_Corneliu_2019.pdf\" href=\"https:\/\/aerotim.ro\/wp-content\/uploads\/2022\/03\/Declaratie_avere_Jichici_Ciprian_Corneliu_2019.pdf\" rel=\"noopener noreferrer\" target=\"_blank\" class=\"fui-Link ___m14voj0 f3rmtva f1ern45e f1deefiw f1n71otn f1q5o8ev f1h8hb77 f1vxd6vx f1ewtqcl fyind8e f1k6fduh f1w7gpdv fk6fouc fjoy568 figsok6 f1hu3pq6 f11qmguv f19f4twv f1tyq0we f1g0x7ka fhxju0i f1qch9an f1cnd47f fqv5qza f1vmzxwi f1o700av f13mvf36 f9n3di6 f1ids18y fygtlnl f1deo86v f12x56k7 f1iescvh ftqa4ok f50u1b5 fs3pq8b f1hghxdh f1tymzes f1x7u7e9 f1cmlufx f10aw75t fsle3fq\" tabindex=\"-1\">Jichici Ciprian-Corneliu \u2013 membru CA neexecutiv<\/a><br \/>\n<a aria-label=\"Link Vicol Miruna Aleandra \u2013 membru CA neexecutiv\" title=\"https:\/\/aerotim.ro\/wp-content\/uploads\/2022\/03\/Declaratie_avere_Vicol_Miruna_2019.pdf\" href=\"https:\/\/aerotim.ro\/wp-content\/uploads\/2022\/03\/Declaratie_avere_Vicol_Miruna_2019.pdf\" rel=\"noopener noreferrer\" target=\"_blank\" class=\"fui-Link ___m14voj0 f3rmtva f1ern45e f1deefiw f1n71otn f1q5o8ev f1h8hb77 f1vxd6vx f1ewtqcl fyind8e f1k6fduh f1w7gpdv fk6fouc fjoy568 figsok6 f1hu3pq6 f11qmguv f19f4twv f1tyq0we f1g0x7ka fhxju0i f1qch9an f1cnd47f fqv5qza f1vmzxwi f1o700av f13mvf36 f9n3di6 f1ids18y fygtlnl f1deo86v f12x56k7 f1iescvh ftqa4ok f50u1b5 fs3pq8b f1hghxdh f1tymzes f1x7u7e9 f1cmlufx f10aw75t fsle3fq\" tabindex=\"-1\">Vicol Miruna Aleandra \u2013 membru CA neexecutiv<\/a><br \/>\n<a aria-label=\"Link Georgescu Petre M\u0103d\u0103lin \u2013 membru CA neexecutiv\" title=\"https:\/\/aerotim.ro\/wp-content\/uploads\/2022\/03\/Declaratie_avere_Georgescu_Petre_2019.pdf\" href=\"https:\/\/aerotim.ro\/wp-content\/uploads\/2022\/03\/Declaratie_avere_Georgescu_Petre_2019.pdf\" rel=\"noopener noreferrer\" target=\"_blank\" class=\"fui-Link ___m14voj0 f3rmtva f1ern45e f1deefiw f1n71otn f1q5o8ev f1h8hb77 f1vxd6vx f1ewtqcl fyind8e f1k6fduh f1w7gpdv fk6fouc fjoy568 figsok6 f1hu3pq6 f11qmguv f19f4twv f1tyq0we f1g0x7ka fhxju0i f1qch9an f1cnd47f fqv5qza f1vmzxwi f1o700av f13mvf36 f9n3di6 f1ids18y fygtlnl f1deo86v f12x56k7 f1iescvh ftqa4ok f50u1b5 fs3pq8b f1hghxdh f1tymzes f1x7u7e9 f1cmlufx f10aw75t fsle3fq\" tabindex=\"-1\">Georgescu Petre M\u0103d\u0103lin \u2013 membru CA neexecutiv<\/a><br \/>\n<a aria-label=\"Link Marin Adrian Marian \u2013 membru CA neexecutiv\" title=\"https:\/\/aerotim.ro\/wp-content\/uploads\/2022\/03\/Declaratie_avere_Marin_Adrian_Marian_2019.pdf\" href=\"https:\/\/aerotim.ro\/wp-content\/uploads\/2022\/03\/Declaratie_avere_Marin_Adrian_Marian_2019.pdf\" rel=\"noopener noreferrer\" target=\"_blank\" class=\"fui-Link ___m14voj0 f3rmtva f1ern45e f1deefiw f1n71otn f1q5o8ev f1h8hb77 f1vxd6vx f1ewtqcl fyind8e f1k6fduh f1w7gpdv fk6fouc fjoy568 figsok6 f1hu3pq6 f11qmguv f19f4twv f1tyq0we f1g0x7ka fhxju0i f1qch9an f1cnd47f fqv5qza f1vmzxwi f1o700av f13mvf36 f9n3di6 f1ids18y fygtlnl f1deo86v f12x56k7 f1iescvh ftqa4ok f50u1b5 fs3pq8b f1hghxdh f1tymzes f1x7u7e9 f1cmlufx f10aw75t fsle3fq\" tabindex=\"-1\">Marin Adrian Marian \u2013 membru CA neexecutiv<\/a><br \/>\n<a aria-label=\"Link Berengea Simona Maria \u2013 membru CA neexecutiv\" title=\"https:\/\/aerotim.ro\/wp-content\/uploads\/2022\/03\/Declaratie_avere_Berengea_Simona_Maria_2019.pdf\" href=\"https:\/\/aerotim.ro\/wp-content\/uploads\/2022\/03\/Declaratie_avere_Berengea_Simona_Maria_2019.pdf\" rel=\"noopener noreferrer\" target=\"_blank\" class=\"fui-Link ___m14voj0 f3rmtva f1ern45e f1deefiw f1n71otn f1q5o8ev f1h8hb77 f1vxd6vx f1ewtqcl fyind8e f1k6fduh f1w7gpdv fk6fouc fjoy568 figsok6 f1hu3pq6 f11qmguv f19f4twv f1tyq0we f1g0x7ka fhxju0i f1qch9an f1cnd47f fqv5qza f1vmzxwi f1o700av f13mvf36 f9n3di6 f1ids18y fygtlnl f1deo86v f12x56k7 f1iescvh ftqa4ok f50u1b5 fs3pq8b f1hghxdh f1tymzes f1x7u7e9 f1cmlufx f10aw75t fsle3fq\" tabindex=\"-1\">Berengea Simona Maria \u2013 membru CA neexecutiv<\/a><\/p>\n<p>&nbsp;<\/p>\n<h3><strong>Declara\u0163ii<\/strong><span>\u00a0<\/span>de interese<\/h3>\n<p><strong>Conducerea societ\u0103\u0163ii:<\/strong><br \/>\n<a aria-label=\"Link Director General \u2013 Iulian Daniel Idolu\" title=\"https:\/\/aerotim.ro\/wp-content\/uploads\/2022\/03\/Declaratie_interese_Idolu_Iulian_Daniel_2019.pdf\" href=\"https:\/\/aerotim.ro\/wp-content\/uploads\/2022\/03\/Declaratie_interese_Idolu_Iulian_Daniel_2019.pdf\" rel=\"noopener noreferrer\" target=\"_blank\" class=\"fui-Link ___m14voj0 f3rmtva f1ern45e f1deefiw f1n71otn f1q5o8ev f1h8hb77 f1vxd6vx f1ewtqcl fyind8e f1k6fduh f1w7gpdv fk6fouc fjoy568 figsok6 f1hu3pq6 f11qmguv f19f4twv f1tyq0we f1g0x7ka fhxju0i f1qch9an f1cnd47f fqv5qza f1vmzxwi f1o700av f13mvf36 f9n3di6 f1ids18y fygtlnl f1deo86v f12x56k7 f1iescvh ftqa4ok f50u1b5 fs3pq8b f1hghxdh f1tymzes f1x7u7e9 f1cmlufx f10aw75t fsle3fq\" tabindex=\"-1\">Director General \u2013 Iulian Daniel Idolu<\/a><br \/>\n<a aria-label=\"Link Director Administrativ \u2013 Lucian Taropa\" title=\"https:\/\/aerotim.ro\/wp-content\/uploads\/2022\/03\/Declaratie_interese_Taropa_Lucian_2019.pdf\" href=\"https:\/\/aerotim.ro\/wp-content\/uploads\/2022\/03\/Declaratie_interese_Taropa_Lucian_2019.pdf\" rel=\"noopener noreferrer\" target=\"_blank\" class=\"fui-Link ___m14voj0 f3rmtva f1ern45e f1deefiw f1n71otn f1q5o8ev f1h8hb77 f1vxd6vx f1ewtqcl fyind8e f1k6fduh f1w7gpdv fk6fouc fjoy568 figsok6 f1hu3pq6 f11qmguv f19f4twv f1tyq0we f1g0x7ka fhxju0i f1qch9an f1cnd47f fqv5qza f1vmzxwi f1o700av f13mvf36 f9n3di6 f1ids18y fygtlnl f1deo86v f12x56k7 f1iescvh ftqa4ok f50u1b5 fs3pq8b f1hghxdh f1tymzes f1x7u7e9 f1cmlufx f10aw75t fsle3fq\" tabindex=\"-1\">Director Administrativ \u2013 Lucian Taropa<\/a><br \/>\n<a aria-label=\"Link Director Opera\u0163ional \u2013 Biro Catalin\" title=\"https:\/\/aerotim.ro\/wp-content\/uploads\/2022\/03\/Declaratie_interese_Biro_Catalin_2019.pdf\" href=\"https:\/\/aerotim.ro\/wp-content\/uploads\/2022\/03\/Declaratie_interese_Biro_Catalin_2019.pdf\" rel=\"noopener noreferrer\" target=\"_blank\" class=\"fui-Link ___m14voj0 f3rmtva f1ern45e f1deefiw f1n71otn f1q5o8ev f1h8hb77 f1vxd6vx f1ewtqcl fyind8e f1k6fduh f1w7gpdv fk6fouc fjoy568 figsok6 f1hu3pq6 f11qmguv f19f4twv f1tyq0we f1g0x7ka fhxju0i f1qch9an f1cnd47f fqv5qza f1vmzxwi f1o700av f13mvf36 f9n3di6 f1ids18y fygtlnl f1deo86v f12x56k7 f1iescvh ftqa4ok f50u1b5 fs3pq8b f1hghxdh f1tymzes f1x7u7e9 f1cmlufx f10aw75t fsle3fq\" tabindex=\"-1\">Director Opera\u0163ional \u2013 Biro Catalin<\/a><br \/>\n<a aria-label=\"Link Director Economic \u2013 Marius Ursu\" title=\"https:\/\/aerotim.ro\/wp-content\/uploads\/2022\/03\/Declaratie_interese_Ursu_Marius_2019.pdf\" href=\"https:\/\/aerotim.ro\/wp-content\/uploads\/2022\/03\/Declaratie_interese_Ursu_Marius_2019.pdf\" rel=\"noopener noreferrer\" target=\"_blank\" class=\"fui-Link ___m14voj0 f3rmtva f1ern45e f1deefiw f1n71otn f1q5o8ev f1h8hb77 f1vxd6vx f1ewtqcl fyind8e f1k6fduh f1w7gpdv fk6fouc fjoy568 figsok6 f1hu3pq6 f11qmguv f19f4twv f1tyq0we f1g0x7ka fhxju0i f1qch9an f1cnd47f fqv5qza f1vmzxwi f1o700av f13mvf36 f9n3di6 f1ids18y fygtlnl f1deo86v f12x56k7 f1iescvh ftqa4ok f50u1b5 fs3pq8b f1hghxdh f1tymzes f1x7u7e9 f1cmlufx f10aw75t fsle3fq\" tabindex=\"-1\">Director Economic \u2013 Marius Ursu<\/a><br \/>\n<a aria-label=\"Link Director Comercial \u2013 Daniel Stamatovici\" title=\"https:\/\/aerotim.ro\/wp-content\/uploads\/2022\/03\/Declaratie_interese_Stamatovici_Daniel_2019.pdf\" href=\"https:\/\/aerotim.ro\/wp-content\/uploads\/2022\/03\/Declaratie_interese_Stamatovici_Daniel_2019.pdf\" rel=\"noopener noreferrer\" target=\"_blank\" class=\"fui-Link ___m14voj0 f3rmtva f1ern45e f1deefiw f1n71otn f1q5o8ev f1h8hb77 f1vxd6vx f1ewtqcl fyind8e f1k6fduh f1w7gpdv fk6fouc fjoy568 figsok6 f1hu3pq6 f11qmguv f19f4twv f1tyq0we f1g0x7ka fhxju0i f1qch9an f1cnd47f fqv5qza f1vmzxwi f1o700av f13mvf36 f9n3di6 f1ids18y fygtlnl f1deo86v f12x56k7 f1iescvh ftqa4ok f50u1b5 fs3pq8b f1hghxdh f1tymzes f1x7u7e9 f1cmlufx f10aw75t fsle3fq\" tabindex=\"-1\">Director Comercial \u2013 Daniel Stamatovici<\/a><br \/>\n<a aria-label=\"Link Director Investi\u021bii \u2013 Dinu Daniel\" title=\"https:\/\/aerotim.ro\/wp-content\/uploads\/2022\/03\/Declaratie_interese_Dinu_Daniel_2019.pdf\" href=\"https:\/\/aerotim.ro\/wp-content\/uploads\/2022\/03\/Declaratie_interese_Dinu_Daniel_2019.pdf\" rel=\"noopener noreferrer\" target=\"_blank\" class=\"fui-Link ___m14voj0 f3rmtva f1ern45e f1deefiw f1n71otn f1q5o8ev f1h8hb77 f1vxd6vx f1ewtqcl fyind8e f1k6fduh f1w7gpdv fk6fouc fjoy568 figsok6 f1hu3pq6 f11qmguv f19f4twv f1tyq0we f1g0x7ka fhxju0i f1qch9an f1cnd47f fqv5qza f1vmzxwi f1o700av f13mvf36 f9n3di6 f1ids18y fygtlnl f1deo86v f12x56k7 f1iescvh ftqa4ok f50u1b5 fs3pq8b f1hghxdh f1tymzes f1x7u7e9 f1cmlufx f10aw75t fsle3fq\" tabindex=\"-1\">Director Investi\u021bii \u2013 Dinu Daniel<\/a><br \/>\n<a aria-label=\"Link Director Siguranta si Securitate \u2013 Adrian Pirvanescu\" title=\"https:\/\/aerotim.ro\/wp-content\/uploads\/2022\/03\/Declaratie_interese_Pirvanescu_Adrian_2019.pdf\" href=\"https:\/\/aerotim.ro\/wp-content\/uploads\/2022\/03\/Declaratie_interese_Pirvanescu_Adrian_2019.pdf\" rel=\"noopener noreferrer\" target=\"_blank\" class=\"fui-Link ___m14voj0 f3rmtva f1ern45e f1deefiw f1n71otn f1q5o8ev f1h8hb77 f1vxd6vx f1ewtqcl fyind8e f1k6fduh f1w7gpdv fk6fouc fjoy568 figsok6 f1hu3pq6 f11qmguv f19f4twv f1tyq0we f1g0x7ka fhxju0i f1qch9an f1cnd47f fqv5qza f1vmzxwi f1o700av f13mvf36 f9n3di6 f1ids18y fygtlnl f1deo86v f12x56k7 f1iescvh ftqa4ok f50u1b5 fs3pq8b f1hghxdh f1tymzes f1x7u7e9 f1cmlufx f10aw75t fsle3fq\" tabindex=\"-1\">Director Siguranta si Securitate \u2013 Adrian Pirvanescu<\/a><\/p>\n<p><strong>Consiliul de Administra\u0163ie:<\/strong><br \/>\n<a aria-label=\"Link Idolu Iulian Daniel \u2013 membru CA executiv\" title=\"https:\/\/aerotim.ro\/wp-content\/uploads\/2022\/03\/Declaratie_interese_Idolu_Iulian_Daniel_2019-1.pdf\" href=\"https:\/\/aerotim.ro\/wp-content\/uploads\/2022\/03\/Declaratie_interese_Idolu_Iulian_Daniel_2019-1.pdf\" rel=\"noopener noreferrer\" target=\"_blank\" class=\"fui-Link ___m14voj0 f3rmtva f1ern45e f1deefiw f1n71otn f1q5o8ev f1h8hb77 f1vxd6vx f1ewtqcl fyind8e f1k6fduh f1w7gpdv fk6fouc fjoy568 figsok6 f1hu3pq6 f11qmguv f19f4twv f1tyq0we f1g0x7ka fhxju0i f1qch9an f1cnd47f fqv5qza f1vmzxwi f1o700av f13mvf36 f9n3di6 f1ids18y fygtlnl f1deo86v f12x56k7 f1iescvh ftqa4ok f50u1b5 fs3pq8b f1hghxdh f1tymzes f1x7u7e9 f1cmlufx f10aw75t fsle3fq\" tabindex=\"-1\">Idolu Iulian Daniel \u2013 membru CA executiv<\/a><br \/>\n<a aria-label=\"Link Mocan Marian Liviu \u2013 membru CA neexecutiv\" title=\"https:\/\/aerotim.ro\/wp-content\/uploads\/2022\/03\/Declaratie_interese_Mocan_Marian_Liviu_2019.pdf\" href=\"https:\/\/aerotim.ro\/wp-content\/uploads\/2022\/03\/Declaratie_interese_Mocan_Marian_Liviu_2019.pdf\" rel=\"noopener noreferrer\" target=\"_blank\" class=\"fui-Link ___m14voj0 f3rmtva f1ern45e f1deefiw f1n71otn f1q5o8ev f1h8hb77 f1vxd6vx f1ewtqcl fyind8e f1k6fduh f1w7gpdv fk6fouc fjoy568 figsok6 f1hu3pq6 f11qmguv f19f4twv f1tyq0we f1g0x7ka fhxju0i f1qch9an f1cnd47f fqv5qza f1vmzxwi f1o700av f13mvf36 f9n3di6 f1ids18y fygtlnl f1deo86v f12x56k7 f1iescvh ftqa4ok f50u1b5 fs3pq8b f1hghxdh f1tymzes f1x7u7e9 f1cmlufx f10aw75t fsle3fq\" tabindex=\"-1\">Mocan Marian Liviu \u2013 membru CA neexecutiv<\/a><br \/>\n<a aria-label=\"Link Jichici Ciprian-Corneliu \u2013 membru CA neexecutiv\" title=\"https:\/\/aerotim.ro\/wp-content\/uploads\/2022\/03\/Declaratie_interese_Jichici_Ciprian_Corneliu_2019.pdf\" href=\"https:\/\/aerotim.ro\/wp-content\/uploads\/2022\/03\/Declaratie_interese_Jichici_Ciprian_Corneliu_2019.pdf\" rel=\"noopener noreferrer\" target=\"_blank\" class=\"fui-Link ___m14voj0 f3rmtva f1ern45e f1deefiw f1n71otn f1q5o8ev f1h8hb77 f1vxd6vx f1ewtqcl fyind8e f1k6fduh f1w7gpdv fk6fouc fjoy568 figsok6 f1hu3pq6 f11qmguv f19f4twv f1tyq0we f1g0x7ka fhxju0i f1qch9an f1cnd47f fqv5qza f1vmzxwi f1o700av f13mvf36 f9n3di6 f1ids18y fygtlnl f1deo86v f12x56k7 f1iescvh ftqa4ok f50u1b5 fs3pq8b f1hghxdh f1tymzes f1x7u7e9 f1cmlufx f10aw75t fsle3fq\" tabindex=\"-1\">Jichici Ciprian-Corneliu \u2013 membru CA neexecutiv<\/a><br \/>\n<a aria-label=\"Link Vicol Miruna Aleandra \u2013 membru CA neexecutiv\" title=\"https:\/\/aerotim.ro\/wp-content\/uploads\/2022\/03\/Declaratie_interese_Vicol_Miruna_2019.pdf\" href=\"https:\/\/aerotim.ro\/wp-content\/uploads\/2022\/03\/Declaratie_interese_Vicol_Miruna_2019.pdf\" rel=\"noopener noreferrer\" target=\"_blank\" class=\"fui-Link ___m14voj0 f3rmtva f1ern45e f1deefiw f1n71otn f1q5o8ev f1h8hb77 f1vxd6vx f1ewtqcl fyind8e f1k6fduh f1w7gpdv fk6fouc fjoy568 figsok6 f1hu3pq6 f11qmguv f19f4twv f1tyq0we f1g0x7ka fhxju0i f1qch9an f1cnd47f fqv5qza f1vmzxwi f1o700av f13mvf36 f9n3di6 f1ids18y fygtlnl f1deo86v f12x56k7 f1iescvh ftqa4ok f50u1b5 fs3pq8b f1hghxdh f1tymzes f1x7u7e9 f1cmlufx f10aw75t fsle3fq\" tabindex=\"-1\">Vicol Miruna Aleandra \u2013 membru CA neexecutiv<\/a><br \/>\n<a aria-label=\"Link Georgescu Petre M\u0103d\u0103lin \u2013 membru CA neexecutiv\" title=\"https:\/\/aerotim.ro\/wp-content\/uploads\/2022\/03\/Declaratie_interese_Georgescu_Petre_2019.pdf\" href=\"https:\/\/aerotim.ro\/wp-content\/uploads\/2022\/03\/Declaratie_interese_Georgescu_Petre_2019.pdf\" rel=\"noopener noreferrer\" target=\"_blank\" class=\"fui-Link ___m14voj0 f3rmtva f1ern45e f1deefiw f1n71otn f1q5o8ev f1h8hb77 f1vxd6vx f1ewtqcl fyind8e f1k6fduh f1w7gpdv fk6fouc fjoy568 figsok6 f1hu3pq6 f11qmguv f19f4twv f1tyq0we f1g0x7ka fhxju0i f1qch9an f1cnd47f fqv5qza f1vmzxwi f1o700av f13mvf36 f9n3di6 f1ids18y fygtlnl f1deo86v f12x56k7 f1iescvh ftqa4ok f50u1b5 fs3pq8b f1hghxdh f1tymzes f1x7u7e9 f1cmlufx f10aw75t fsle3fq\" tabindex=\"-1\">Georgescu Petre M\u0103d\u0103lin \u2013 membru CA neexecutiv<\/a><br \/>\n<a aria-label=\"Link Marin Adrian Marian \u2013 membru CA neexecutiv\" title=\"https:\/\/aerotim.ro\/wp-content\/uploads\/2022\/03\/Declaratie_interese_Marin_Adrian_Marian_2019.pdf\" href=\"https:\/\/aerotim.ro\/wp-content\/uploads\/2022\/03\/Declaratie_interese_Marin_Adrian_Marian_2019.pdf\" rel=\"noopener noreferrer\" target=\"_blank\" class=\"fui-Link ___m14voj0 f3rmtva f1ern45e f1deefiw f1n71otn f1q5o8ev f1h8hb77 f1vxd6vx f1ewtqcl fyind8e f1k6fduh f1w7gpdv fk6fouc fjoy568 figsok6 f1hu3pq6 f11qmguv f19f4twv f1tyq0we f1g0x7ka fhxju0i f1qch9an f1cnd47f fqv5qza f1vmzxwi f1o700av f13mvf36 f9n3di6 f1ids18y fygtlnl f1deo86v f12x56k7 f1iescvh ftqa4ok f50u1b5 fs3pq8b f1hghxdh f1tymzes f1x7u7e9 f1cmlufx f10aw75t fsle3fq\" tabindex=\"-1\">Marin Adrian Marian \u2013 membru CA neexecutiv<\/a><br \/>\n<a aria-label=\"Link Berengea Simona Maria \u2013 membru CA neexecutiv\" title=\"https:\/\/aerotim.ro\/wp-content\/uploads\/2022\/03\/Declaratie_interese_Berengea_Simona_Maria_2019.pdf\" href=\"https:\/\/aerotim.ro\/wp-content\/uploads\/2022\/03\/Declaratie_interese_Berengea_Simona_Maria_2019.pdf\" rel=\"noopener noreferrer\" target=\"_blank\" class=\"fui-Link ___m14voj0 f3rmtva f1ern45e f1deefiw f1n71otn f1q5o8ev f1h8hb77 f1vxd6vx f1ewtqcl fyind8e f1k6fduh f1w7gpdv fk6fouc fjoy568 figsok6 f1hu3pq6 f11qmguv f19f4twv f1tyq0we f1g0x7ka fhxju0i f1qch9an f1cnd47f fqv5qza f1vmzxwi f1o700av f13mvf36 f9n3di6 f1ids18y fygtlnl f1deo86v f12x56k7 f1iescvh ftqa4ok f50u1b5 fs3pq8b f1hghxdh f1tymzes f1x7u7e9 f1cmlufx f10aw75t fsle3fq\" tabindex=\"-1\">Berengea Simona Maria \u2013 membru CA neexecutiv<\/a><\/p>\n","protected":false},"excerpt":{"rendered":"<p>Declara\u021bii de avere \u015fi interese pentru anul 2019 &nbsp; Declara\u0163ii de avere Conducerea societ\u0103\u0163ii: Director General \u2013 Iulian Daniel Idolu Director Administrativ \u2013 Lucian Taropa Director Opera\u0163ional \u2013 Catalin Biro Director Economic \u2013 Marius Ursu Director Comercial \u2013 Daniel Stamatovici Director Investi\u021bii \u2013 Daniel Dinu Director Siguranta si Securitate \u2013 Adrian Pirvanescu Consiliul de Administra\u0163ie: [&hellip;]<\/p>\n","protected":false},"author":1,"featured_media":0,"parent":0,"menu_order":0,"comment_status":"closed","ping_status":"closed","template":"","meta":{"footnotes":""},"class_list":["post-19942","page","type-page","status-publish","hentry"],"_links":{"self":[{"href":"https:\/\/www.aerotim.ro\/index.php\/wp-json\/wp\/v2\/pages\/19942","targetHints":{"allow":["GET"]}}],"collection":[{"href":"https:\/\/www.aerotim.ro\/index.php\/wp-json\/wp\/v2\/pages"}],"about":[{"href":"https:\/\/www.aerotim.ro\/index.php\/wp-json\/wp\/v2\/types\/page"}],"author":[{"embeddable":true,"href":"https:\/\/www.aerotim.ro\/index.php\/wp-json\/wp\/v2\/users\/1"}],"replies":[{"embeddable":true,"href":"https:\/\/www.aerotim.ro\/index.php\/wp-json\/wp\/v2\/comments?post=19942"}],"version-history":[{"count":2,"href":"https:\/\/www.aerotim.ro\/index.php\/wp-json\/wp\/v2\/pages\/19942\/revisions"}],"predecessor-version":[{"id":20688,"href":"https:\/\/www.aerotim.ro\/index.php\/wp-json\/wp\/v2\/pages\/19942\/revisions\/20688"}],"wp:attachment":[{"href":"https:\/\/www.aerotim.ro\/index.php\/wp-json\/wp\/v2\/media?parent=19942"}],"curies":[{"name":"wp","href":"https:\/\/api.w.org\/{rel}","templated":true}]}}