{"id":19814,"date":"2022-11-21T13:38:04","date_gmt":"2022-11-21T11:38:04","guid":{"rendered":"https:\/\/www.aerotim.ro\/?page_id=19814"},"modified":"2022-11-21T13:38:11","modified_gmt":"2022-11-21T11:38:11","slug":"hotarari-aga-2019","status":"publish","type":"page","link":"https:\/\/www.aerotim.ro\/index.php\/hotarari-aga-2019\/","title":{"rendered":"Hot\u0103r\u00e2ri AGA 2019"},"content":{"rendered":"<p style=\"text-align: center;\"><strong>Hot\u0103r\u00e2ri AGA 2019<\/strong><\/p>\n<p><a aria-label=\"Link 1. Hot\u0103r\u00e2re AGOA \u2013 21.01.2019\" title=\"https:\/\/aerotim.ro\/wp-content\/uploads\/2022\/03\/1.HOT-AGOA-1-21.01.2019.pdf\" href=\"https:\/\/aerotim.ro\/wp-content\/uploads\/2022\/03\/1.HOT-AGOA-1-21.01.2019.pdf\" rel=\"noopener noreferrer\" target=\"_blank\" class=\"fui-Link ___m14voj0 f3rmtva f1ern45e f1deefiw f1n71otn f1q5o8ev f1h8hb77 f1vxd6vx f1ewtqcl fyind8e f1k6fduh f1w7gpdv fk6fouc fjoy568 figsok6 f1hu3pq6 f11qmguv f19f4twv f1tyq0we f1g0x7ka fhxju0i f1qch9an f1cnd47f fqv5qza f1vmzxwi f1o700av f13mvf36 f9n3di6 f1ids18y fygtlnl f1deo86v f12x56k7 f1iescvh ftqa4ok f50u1b5 fs3pq8b f1hghxdh f1tymzes f1x7u7e9 f1cmlufx f10aw75t fsle3fq\" tabindex=\"-1\">1. Hot\u0103r\u00e2re AGOA \u2013 21.01.2019<\/a><br \/>\n<a aria-label=\"Link 2. Hot\u0103r\u00e2re AGEA \u2013 11.03.2019\" title=\"https:\/\/aerotim.ro\/wp-content\/uploads\/2022\/03\/2.HOT-AGEA-2-11.03.2019.pdf\" href=\"https:\/\/aerotim.ro\/wp-content\/uploads\/2022\/03\/2.HOT-AGEA-2-11.03.2019.pdf\" rel=\"noopener noreferrer\" target=\"_blank\" class=\"fui-Link ___m14voj0 f3rmtva f1ern45e f1deefiw f1n71otn f1q5o8ev f1h8hb77 f1vxd6vx f1ewtqcl fyind8e f1k6fduh f1w7gpdv fk6fouc fjoy568 figsok6 f1hu3pq6 f11qmguv f19f4twv f1tyq0we f1g0x7ka fhxju0i f1qch9an f1cnd47f fqv5qza f1vmzxwi f1o700av f13mvf36 f9n3di6 f1ids18y fygtlnl f1deo86v f12x56k7 f1iescvh ftqa4ok f50u1b5 fs3pq8b f1hghxdh f1tymzes f1x7u7e9 f1cmlufx f10aw75t fsle3fq\" tabindex=\"-1\">2. Hot\u0103r\u00e2re AGEA \u2013 11.03.2019<\/a><br \/>\n<a aria-label=\"Link 3. Hot\u0103r\u00e2re AGOA \u2013 11.03.2019\" title=\"https:\/\/aerotim.ro\/wp-content\/uploads\/2022\/03\/3.HOT-AGOA-3-11.03.2019.pdf\" href=\"https:\/\/aerotim.ro\/wp-content\/uploads\/2022\/03\/3.HOT-AGOA-3-11.03.2019.pdf\" rel=\"noopener noreferrer\" target=\"_blank\" class=\"fui-Link ___m14voj0 f3rmtva f1ern45e f1deefiw f1n71otn f1q5o8ev f1h8hb77 f1vxd6vx f1ewtqcl fyind8e f1k6fduh f1w7gpdv fk6fouc fjoy568 figsok6 f1hu3pq6 f11qmguv f19f4twv f1tyq0we f1g0x7ka fhxju0i f1qch9an f1cnd47f fqv5qza f1vmzxwi f1o700av f13mvf36 f9n3di6 f1ids18y fygtlnl f1deo86v f12x56k7 f1iescvh ftqa4ok f50u1b5 fs3pq8b f1hghxdh f1tymzes f1x7u7e9 f1cmlufx f10aw75t fsle3fq\" tabindex=\"-1\">3. Hot\u0103r\u00e2re AGOA \u2013 11.03.2019<\/a><br \/>\n<a aria-label=\"Link 4. Hot\u0103r\u00e2re AGEA \u2013 15.04.2019\" title=\"https:\/\/aerotim.ro\/wp-content\/uploads\/2022\/03\/4.HOT-AGEA-4-15.04.2019.pdf\" href=\"https:\/\/aerotim.ro\/wp-content\/uploads\/2022\/03\/4.HOT-AGEA-4-15.04.2019.pdf\" rel=\"noopener noreferrer\" target=\"_blank\" class=\"fui-Link ___m14voj0 f3rmtva f1ern45e f1deefiw f1n71otn f1q5o8ev f1h8hb77 f1vxd6vx f1ewtqcl fyind8e f1k6fduh f1w7gpdv fk6fouc fjoy568 figsok6 f1hu3pq6 f11qmguv f19f4twv f1tyq0we f1g0x7ka fhxju0i f1qch9an f1cnd47f fqv5qza f1vmzxwi f1o700av f13mvf36 f9n3di6 f1ids18y fygtlnl f1deo86v f12x56k7 f1iescvh ftqa4ok f50u1b5 fs3pq8b f1hghxdh f1tymzes f1x7u7e9 f1cmlufx f10aw75t fsle3fq\" tabindex=\"-1\">4. Hot\u0103r\u00e2re AGEA \u2013 15.04.2019<\/a><br \/>\n<a aria-label=\"Link 5. Hot\u0103r\u00e2re AGOA \u2013 17.04.2019\" title=\"https:\/\/aerotim.ro\/wp-content\/uploads\/2022\/03\/5.HOT-AGOA-5-17.04.2019.pdf\" href=\"https:\/\/aerotim.ro\/wp-content\/uploads\/2022\/03\/5.HOT-AGOA-5-17.04.2019.pdf\" rel=\"noopener noreferrer\" target=\"_blank\" class=\"fui-Link ___m14voj0 f3rmtva f1ern45e f1deefiw f1n71otn f1q5o8ev f1h8hb77 f1vxd6vx f1ewtqcl fyind8e f1k6fduh f1w7gpdv fk6fouc fjoy568 figsok6 f1hu3pq6 f11qmguv f19f4twv f1tyq0we f1g0x7ka fhxju0i f1qch9an f1cnd47f fqv5qza f1vmzxwi f1o700av f13mvf36 f9n3di6 f1ids18y fygtlnl f1deo86v f12x56k7 f1iescvh ftqa4ok f50u1b5 fs3pq8b f1hghxdh f1tymzes f1x7u7e9 f1cmlufx f10aw75t fsle3fq\" tabindex=\"-1\">5. Hot\u0103r\u00e2re AGOA \u2013 17.04.2019<\/a><br \/>\n<a aria-label=\"Link 6. Hot\u0103r\u00e2re AGOA \u2013 22.04.2019\" title=\"https:\/\/aerotim.ro\/wp-content\/uploads\/2022\/03\/6.HOT-AGOA-6-22.04.2019.pdf\" href=\"https:\/\/aerotim.ro\/wp-content\/uploads\/2022\/03\/6.HOT-AGOA-6-22.04.2019.pdf\" rel=\"noopener noreferrer\" target=\"_blank\" class=\"fui-Link ___m14voj0 f3rmtva f1ern45e f1deefiw f1n71otn f1q5o8ev f1h8hb77 f1vxd6vx f1ewtqcl fyind8e f1k6fduh f1w7gpdv fk6fouc fjoy568 figsok6 f1hu3pq6 f11qmguv f19f4twv f1tyq0we f1g0x7ka fhxju0i f1qch9an f1cnd47f fqv5qza f1vmzxwi f1o700av f13mvf36 f9n3di6 f1ids18y fygtlnl f1deo86v f12x56k7 f1iescvh ftqa4ok f50u1b5 fs3pq8b f1hghxdh f1tymzes f1x7u7e9 f1cmlufx f10aw75t fsle3fq\" tabindex=\"-1\">6. Hot\u0103r\u00e2re AGOA \u2013 22.04.2019<\/a><br \/>\n<a aria-label=\"Link 7. Hot\u0103r\u00e2re AGOA \u2013 23.04.2019\" title=\"https:\/\/aerotim.ro\/wp-content\/uploads\/2022\/03\/7.HOT-AGOA-7-23.04.2019.pdf\" href=\"https:\/\/aerotim.ro\/wp-content\/uploads\/2022\/03\/7.HOT-AGOA-7-23.04.2019.pdf\" rel=\"noopener noreferrer\" target=\"_blank\" class=\"fui-Link ___m14voj0 f3rmtva f1ern45e f1deefiw f1n71otn f1q5o8ev f1h8hb77 f1vxd6vx f1ewtqcl fyind8e f1k6fduh f1w7gpdv fk6fouc fjoy568 figsok6 f1hu3pq6 f11qmguv f19f4twv f1tyq0we f1g0x7ka fhxju0i f1qch9an f1cnd47f fqv5qza f1vmzxwi f1o700av f13mvf36 f9n3di6 f1ids18y fygtlnl f1deo86v f12x56k7 f1iescvh ftqa4ok f50u1b5 fs3pq8b f1hghxdh f1tymzes f1x7u7e9 f1cmlufx f10aw75t fsle3fq\" tabindex=\"-1\">7. Hot\u0103r\u00e2re AGOA \u2013 23.04.2019<\/a><br \/>\n<a aria-label=\"Link 8. Hot\u0103r\u00e2re AGOA \u2013 14.05.2019\" title=\"https:\/\/aerotim.ro\/wp-content\/uploads\/2022\/03\/8.HOT-AGOA-8-14.05.2019.pdf\" href=\"https:\/\/aerotim.ro\/wp-content\/uploads\/2022\/03\/8.HOT-AGOA-8-14.05.2019.pdf\" rel=\"noopener noreferrer\" target=\"_blank\" class=\"fui-Link ___m14voj0 f3rmtva f1ern45e f1deefiw f1n71otn f1q5o8ev f1h8hb77 f1vxd6vx f1ewtqcl fyind8e f1k6fduh f1w7gpdv fk6fouc fjoy568 figsok6 f1hu3pq6 f11qmguv f19f4twv f1tyq0we f1g0x7ka fhxju0i f1qch9an f1cnd47f fqv5qza f1vmzxwi f1o700av f13mvf36 f9n3di6 f1ids18y fygtlnl f1deo86v f12x56k7 f1iescvh ftqa4ok f50u1b5 fs3pq8b f1hghxdh f1tymzes f1x7u7e9 f1cmlufx f10aw75t fsle3fq\" tabindex=\"-1\">8. Hot\u0103r\u00e2re AGOA \u2013 14.05.2019<\/a><br \/>\n<a aria-label=\"Link 9. Hot\u0103r\u00e2re AGOA \u2013 20.05.2019\" title=\"https:\/\/aerotim.ro\/wp-content\/uploads\/2022\/03\/9.HOT-AGOA-9-20.05.2019.pdf\" href=\"https:\/\/aerotim.ro\/wp-content\/uploads\/2022\/03\/9.HOT-AGOA-9-20.05.2019.pdf\" rel=\"noopener noreferrer\" target=\"_blank\" class=\"fui-Link ___m14voj0 f3rmtva f1ern45e f1deefiw f1n71otn f1q5o8ev f1h8hb77 f1vxd6vx f1ewtqcl fyind8e f1k6fduh f1w7gpdv fk6fouc fjoy568 figsok6 f1hu3pq6 f11qmguv f19f4twv f1tyq0we f1g0x7ka fhxju0i f1qch9an f1cnd47f fqv5qza f1vmzxwi f1o700av f13mvf36 f9n3di6 f1ids18y fygtlnl f1deo86v f12x56k7 f1iescvh ftqa4ok f50u1b5 fs3pq8b f1hghxdh f1tymzes f1x7u7e9 f1cmlufx f10aw75t fsle3fq\" tabindex=\"-1\">9. Hot\u0103r\u00e2re AGOA \u2013 20.05.2019<\/a><br \/>\n<a aria-label=\"Link 10. Hot\u0103r\u00e2re AGA \u2013 01.07.2019\" title=\"https:\/\/aerotim.ro\/wp-content\/uploads\/2022\/03\/10.HOT-AGA-10-01.07.2019.pdf\" href=\"https:\/\/aerotim.ro\/wp-content\/uploads\/2022\/03\/10.HOT-AGA-10-01.07.2019.pdf\" rel=\"noopener noreferrer\" target=\"_blank\" class=\"fui-Link ___m14voj0 f3rmtva f1ern45e f1deefiw f1n71otn f1q5o8ev f1h8hb77 f1vxd6vx f1ewtqcl fyind8e f1k6fduh f1w7gpdv fk6fouc fjoy568 figsok6 f1hu3pq6 f11qmguv f19f4twv f1tyq0we f1g0x7ka fhxju0i f1qch9an f1cnd47f fqv5qza f1vmzxwi f1o700av f13mvf36 f9n3di6 f1ids18y fygtlnl f1deo86v f12x56k7 f1iescvh ftqa4ok f50u1b5 fs3pq8b f1hghxdh f1tymzes f1x7u7e9 f1cmlufx f10aw75t fsle3fq\" tabindex=\"-1\">10. Hot\u0103r\u00e2re AGA \u2013 01.07.2019<\/a><br \/>\n<a aria-label=\"Link 11. Hot\u0103r\u00e2re AGOA \u2013 15.07.2019\" title=\"https:\/\/aerotim.ro\/wp-content\/uploads\/2022\/03\/11.HOT-AGOA-15.07.2019.pdf\" href=\"https:\/\/aerotim.ro\/wp-content\/uploads\/2022\/03\/11.HOT-AGOA-15.07.2019.pdf\" rel=\"noopener noreferrer\" target=\"_blank\" class=\"fui-Link ___m14voj0 f3rmtva f1ern45e f1deefiw f1n71otn f1q5o8ev f1h8hb77 f1vxd6vx f1ewtqcl fyind8e f1k6fduh f1w7gpdv fk6fouc fjoy568 figsok6 f1hu3pq6 f11qmguv f19f4twv f1tyq0we f1g0x7ka fhxju0i f1qch9an f1cnd47f fqv5qza f1vmzxwi f1o700av f13mvf36 f9n3di6 f1ids18y fygtlnl f1deo86v f12x56k7 f1iescvh ftqa4ok f50u1b5 fs3pq8b f1hghxdh f1tymzes f1x7u7e9 f1cmlufx f10aw75t fsle3fq\" tabindex=\"-1\">11. Hot\u0103r\u00e2re AGOA \u2013 15.07.2019<\/a><br \/>\n<a aria-label=\"Link 12. Hot\u0103r\u00e2re AGOA \u2013 12.08.2019\" title=\"https:\/\/aerotim.ro\/wp-content\/uploads\/2022\/03\/12.HOT-AGOA-12-12.08.2019.pdf\" href=\"https:\/\/aerotim.ro\/wp-content\/uploads\/2022\/03\/12.HOT-AGOA-12-12.08.2019.pdf\" rel=\"noopener noreferrer\" target=\"_blank\" class=\"fui-Link ___m14voj0 f3rmtva f1ern45e f1deefiw f1n71otn f1q5o8ev f1h8hb77 f1vxd6vx f1ewtqcl fyind8e f1k6fduh f1w7gpdv fk6fouc fjoy568 figsok6 f1hu3pq6 f11qmguv f19f4twv f1tyq0we f1g0x7ka fhxju0i f1qch9an f1cnd47f fqv5qza f1vmzxwi f1o700av f13mvf36 f9n3di6 f1ids18y fygtlnl f1deo86v f12x56k7 f1iescvh ftqa4ok f50u1b5 fs3pq8b f1hghxdh f1tymzes f1x7u7e9 f1cmlufx f10aw75t fsle3fq\" tabindex=\"-1\">12. Hot\u0103r\u00e2re AGOA \u2013 12.08.2019<\/a><br \/>\n<a aria-label=\"Link 13. Hot\u0103r\u00e2re AGOA \u2013 13.08.2019 \u2013 postat 19.08.2019\" title=\"https:\/\/aerotim.ro\/wp-content\/uploads\/2022\/03\/13.HOT-AGOA-13.08.2019.pdf\" href=\"https:\/\/aerotim.ro\/wp-content\/uploads\/2022\/03\/13.HOT-AGOA-13.08.2019.pdf\" rel=\"noopener noreferrer\" target=\"_blank\" class=\"fui-Link ___m14voj0 f3rmtva f1ern45e f1deefiw f1n71otn f1q5o8ev f1h8hb77 f1vxd6vx f1ewtqcl fyind8e f1k6fduh f1w7gpdv fk6fouc fjoy568 figsok6 f1hu3pq6 f11qmguv f19f4twv f1tyq0we f1g0x7ka fhxju0i f1qch9an f1cnd47f fqv5qza f1vmzxwi f1o700av f13mvf36 f9n3di6 f1ids18y fygtlnl f1deo86v f12x56k7 f1iescvh ftqa4ok f50u1b5 fs3pq8b f1hghxdh f1tymzes f1x7u7e9 f1cmlufx f10aw75t fsle3fq\" tabindex=\"-1\">13. Hot\u0103r\u00e2re AGOA \u2013 13.08.2019 \u2013 postat 19.08.2019<\/a><br \/>\n<a aria-label=\"Link 14. Hot\u0103r\u00e2re AGOA \u2013 14.10.2019\" title=\"https:\/\/aerotim.ro\/wp-content\/uploads\/2022\/03\/14.HOT-AGOA-14-14.10.2019.pdf\" href=\"https:\/\/aerotim.ro\/wp-content\/uploads\/2022\/03\/14.HOT-AGOA-14-14.10.2019.pdf\" rel=\"noopener noreferrer\" target=\"_blank\" class=\"fui-Link ___m14voj0 f3rmtva f1ern45e f1deefiw f1n71otn f1q5o8ev f1h8hb77 f1vxd6vx f1ewtqcl fyind8e f1k6fduh f1w7gpdv fk6fouc fjoy568 figsok6 f1hu3pq6 f11qmguv f19f4twv f1tyq0we f1g0x7ka fhxju0i f1qch9an f1cnd47f fqv5qza f1vmzxwi f1o700av f13mvf36 f9n3di6 f1ids18y fygtlnl f1deo86v f12x56k7 f1iescvh ftqa4ok f50u1b5 fs3pq8b f1hghxdh f1tymzes f1x7u7e9 f1cmlufx f10aw75t fsle3fq\" tabindex=\"-1\">14. Hot\u0103r\u00e2re AGOA \u2013 14.10.2019<\/a><br \/>\n<a aria-label=\"Link 15. Hot\u0103r\u00e2re AGOA \u2013 25.11.2019\" title=\"https:\/\/aerotim.ro\/wp-content\/uploads\/2022\/03\/15.HOT-AGOA-15-25.11.2019.pdf\" href=\"https:\/\/aerotim.ro\/wp-content\/uploads\/2022\/03\/15.HOT-AGOA-15-25.11.2019.pdf\" rel=\"noopener noreferrer\" target=\"_blank\" class=\"fui-Link ___m14voj0 f3rmtva f1ern45e f1deefiw f1n71otn f1q5o8ev f1h8hb77 f1vxd6vx f1ewtqcl fyind8e f1k6fduh f1w7gpdv fk6fouc fjoy568 figsok6 f1hu3pq6 f11qmguv f19f4twv f1tyq0we f1g0x7ka fhxju0i f1qch9an f1cnd47f fqv5qza f1vmzxwi f1o700av f13mvf36 f9n3di6 f1ids18y fygtlnl f1deo86v f12x56k7 f1iescvh ftqa4ok f50u1b5 fs3pq8b f1hghxdh f1tymzes f1x7u7e9 f1cmlufx f10aw75t fsle3fq\" tabindex=\"-1\">15. Hot\u0103r\u00e2re AGOA \u2013 25.11.2019<\/a><br \/>\n<a aria-label=\"Link 16. Hot\u0103r\u00e2re AGOA \u2013 03.12.2019\" title=\"https:\/\/aerotim.ro\/wp-content\/uploads\/2022\/03\/16.HOT-AGOA-16-03.12.2019.pdf\" href=\"https:\/\/aerotim.ro\/wp-content\/uploads\/2022\/03\/16.HOT-AGOA-16-03.12.2019.pdf\" rel=\"noopener noreferrer\" target=\"_blank\" class=\"fui-Link ___m14voj0 f3rmtva f1ern45e f1deefiw f1n71otn f1q5o8ev f1h8hb77 f1vxd6vx f1ewtqcl fyind8e f1k6fduh f1w7gpdv fk6fouc fjoy568 figsok6 f1hu3pq6 f11qmguv f19f4twv f1tyq0we f1g0x7ka fhxju0i f1qch9an f1cnd47f fqv5qza f1vmzxwi f1o700av f13mvf36 f9n3di6 f1ids18y fygtlnl f1deo86v f12x56k7 f1iescvh ftqa4ok f50u1b5 fs3pq8b f1hghxdh f1tymzes f1x7u7e9 f1cmlufx f10aw75t fsle3fq\" tabindex=\"-1\">16. Hot\u0103r\u00e2re AGOA \u2013 03.12.2019<\/a><\/p>\n","protected":false},"excerpt":{"rendered":"<p>Hot\u0103r\u00e2ri AGA 2019 1. Hot\u0103r\u00e2re AGOA \u2013 21.01.2019 2. Hot\u0103r\u00e2re AGEA \u2013 11.03.2019 3. Hot\u0103r\u00e2re AGOA \u2013 11.03.2019 4. Hot\u0103r\u00e2re AGEA \u2013 15.04.2019 5. Hot\u0103r\u00e2re AGOA \u2013 17.04.2019 6. Hot\u0103r\u00e2re AGOA \u2013 22.04.2019 7. Hot\u0103r\u00e2re AGOA \u2013 23.04.2019 8. Hot\u0103r\u00e2re AGOA \u2013 14.05.2019 9. Hot\u0103r\u00e2re AGOA \u2013 20.05.2019 10. Hot\u0103r\u00e2re AGA \u2013 01.07.2019 11. Hot\u0103r\u00e2re [&hellip;]<\/p>\n","protected":false},"author":1,"featured_media":0,"parent":0,"menu_order":0,"comment_status":"closed","ping_status":"closed","template":"","meta":{"footnotes":""},"class_list":["post-19814","page","type-page","status-publish","hentry"],"_links":{"self":[{"href":"https:\/\/www.aerotim.ro\/index.php\/wp-json\/wp\/v2\/pages\/19814","targetHints":{"allow":["GET"]}}],"collection":[{"href":"https:\/\/www.aerotim.ro\/index.php\/wp-json\/wp\/v2\/pages"}],"about":[{"href":"https:\/\/www.aerotim.ro\/index.php\/wp-json\/wp\/v2\/types\/page"}],"author":[{"embeddable":true,"href":"https:\/\/www.aerotim.ro\/index.php\/wp-json\/wp\/v2\/users\/1"}],"replies":[{"embeddable":true,"href":"https:\/\/www.aerotim.ro\/index.php\/wp-json\/wp\/v2\/comments?post=19814"}],"version-history":[{"count":2,"href":"https:\/\/www.aerotim.ro\/index.php\/wp-json\/wp\/v2\/pages\/19814\/revisions"}],"predecessor-version":[{"id":19816,"href":"https:\/\/www.aerotim.ro\/index.php\/wp-json\/wp\/v2\/pages\/19814\/revisions\/19816"}],"wp:attachment":[{"href":"https:\/\/www.aerotim.ro\/index.php\/wp-json\/wp\/v2\/media?parent=19814"}],"curies":[{"name":"wp","href":"https:\/\/api.w.org\/{rel}","templated":true}]}}