{"id":18784,"date":"2022-06-29T11:58:28","date_gmt":"2022-06-29T08:58:28","guid":{"rendered":"https:\/\/opus365.ro\/aerotim_2022\/?page_id=18784"},"modified":"2022-06-29T11:58:29","modified_gmt":"2022-06-29T08:58:29","slug":"mama-si-copilul","status":"publish","type":"page","link":"https:\/\/www.aerotim.ro\/index.php\/mama-si-copilul\/","title":{"rendered":"Mama si copilul"},"content":{"rendered":"\n<p><strong>MAMA \u0218I COPILUL<\/strong><\/p>\n\n\n\n<p>C\u0103l\u0103tori\u0163i \u00eempreun\u0103 cu copii de v\u00e2rst\u0103 foarte mic\u0103?<\/p>\n\n\n\n<p>Aeroportul Interna\u021bional \u201eTraian Vuia\u201d Timi\u015foara pune la dispozi\u0163ia dumneavoastr\u0103 saloanele mama \u015fi copilul.<\/p>\n\n\n\n<p>Saloanele pot fi folosite pentru schimbarea scutecelor \u015fi pentru al\u0103ptarea bebelu\u015filor.<\/p>\n\n\n\n<p>Acest serviciu este gratuit.<\/p>\n\n\n\n<p>Program: non-stop.<\/p>\n\n\n\n<p>Pute\u0163i solicita acest serviciu:<\/p>\n\n\n\n<ul class=\"wp-block-list\"><li>\u00een aeroport, la biroul de informa\u0163ii;<\/li><li>prin intermediul agen\u0163ilor handling responsabili cu formalit\u0103\u0163ile de c\u0103l\u0103torie.<\/li><\/ul>\n","protected":false},"excerpt":{"rendered":"<p>MAMA \u0218I COPILUL C\u0103l\u0103tori\u0163i \u00eempreun\u0103 cu copii de v\u00e2rst\u0103 foarte mic\u0103? Aeroportul Interna\u021bional \u201eTraian Vuia\u201d Timi\u015foara pune la dispozi\u0163ia dumneavoastr\u0103 saloanele mama \u015fi copilul. Saloanele pot fi folosite pentru schimbarea scutecelor \u015fi pentru al\u0103ptarea bebelu\u015filor. Acest serviciu este gratuit. Program: non-stop. Pute\u0163i solicita acest serviciu: \u00een aeroport, la biroul de informa\u0163ii; prin intermediul agen\u0163ilor handling [&hellip;]<\/p>\n","protected":false},"author":1,"featured_media":0,"parent":0,"menu_order":0,"comment_status":"closed","ping_status":"closed","template":"","meta":{"footnotes":""},"class_list":["post-18784","page","type-page","status-publish","hentry"],"_links":{"self":[{"href":"https:\/\/www.aerotim.ro\/index.php\/wp-json\/wp\/v2\/pages\/18784","targetHints":{"allow":["GET"]}}],"collection":[{"href":"https:\/\/www.aerotim.ro\/index.php\/wp-json\/wp\/v2\/pages"}],"about":[{"href":"https:\/\/www.aerotim.ro\/index.php\/wp-json\/wp\/v2\/types\/page"}],"author":[{"embeddable":true,"href":"https:\/\/www.aerotim.ro\/index.php\/wp-json\/wp\/v2\/users\/1"}],"replies":[{"embeddable":true,"href":"https:\/\/www.aerotim.ro\/index.php\/wp-json\/wp\/v2\/comments?post=18784"}],"version-history":[{"count":1,"href":"https:\/\/www.aerotim.ro\/index.php\/wp-json\/wp\/v2\/pages\/18784\/revisions"}],"predecessor-version":[{"id":18785,"href":"https:\/\/www.aerotim.ro\/index.php\/wp-json\/wp\/v2\/pages\/18784\/revisions\/18785"}],"wp:attachment":[{"href":"https:\/\/www.aerotim.ro\/index.php\/wp-json\/wp\/v2\/media?parent=18784"}],"curies":[{"name":"wp","href":"https:\/\/api.w.org\/{rel}","templated":true}]}}