{"id":18657,"date":"2022-02-10T12:21:22","date_gmt":"2022-02-10T10:21:22","guid":{"rendered":"https:\/\/opus365.ro\/aerotim_2022\/index.php\/useful-information\/"},"modified":"2023-07-29T19:39:16","modified_gmt":"2023-07-29T16:39:16","slug":"useful-information","status":"publish","type":"page","link":"https:\/\/www.aerotim.ro\/en\/index.php\/useful-information\/","title":{"rendered":"Useful information"},"content":{"rendered":"&#13;\n<p>\n          <strong>For information regarding the schedule of arrivals \/ departures, destinations, reservations, we recommend you to access the websites of the airlines that operate regular flights from Timisoara airport.<\/strong>\n        <\/p>&#13;\n&#13;\n<ul class=\"wp-block-list\">&#13;\n<li>\n          <a href=\"https:\/\/www.tarom.ro\/\" target=\"_blank\" rel=\"noopener\">TAROM<\/a>\n        <\/li>&#13;\n<li>\n          <a href=\"https:\/\/www.lufthansa.com\/ro\/en\/homepage\" target=\"_blank\" rel=\"noopener\">Lufthansa<\/a>\n        <\/li>&#13;\n<li>\n          <a href=\"https:\/\/wizzair.com\" target=\"_blank\" rel=\"noopener\">Wizzair<\/a>\n        <\/li>&#13;\n<li>\n          <a href=\"https:\/\/www.eurowings.com\/en.html\" target=\"_blank\" rel=\"noopener\">Eurowings<\/a>\n        <\/li>&#13;\n<li>\n          <a href=\"https:\/\/hisky.aero\/\" target=\"_blank\" rel=\"noopener\">HiSky<\/a>\n        <\/li>&#13;\n<li>\n          <a href=\"https:\/\/air-connect.com\/\" target=\"_blank\" rel=\"noopener\">AirConnect<\/a>\n        <\/li>&#13;\n<\/ul>&#13;\n&#13;\n<p>\n          <strong>Pentru alte informa\u021bii:<\/strong>\n        <\/p>&#13;\n&#13;\n<ul class=\"wp-block-list\">&#13;\n<li>\n          <a href=\"https:\/\/www.politiadefrontiera.ro\/\" target=\"_blank\" rel=\"noopener\">Poli\u021bia de Frontier\u0103<\/a>\n        <\/li>&#13;\n<li>\n          <a href=\"https:\/\/www.customs.ro\/\" target=\"_blank\" rel=\"noopener\">Autoritatea Vamal\u0103 Rom\u00e2n\u0103<\/a>\n        <\/li>&#13;\n<li>\n          <a href=\"https:\/\/www.politiaromana.ro\/ro\/structura-politiei-romane\/unitati-centrale\/directia-de-politie-transporturi\/structura-si-atributii\/structura-la-nivel-teritorial\/sectia-regionala-de-politie-transporturi-timisoara\" target=\"_blank\" rel=\"noopener\">Poli\u021bia Transporturi<\/a>\n        <\/li>&#13;\n<li>\n          <a href=\"https:\/\/www.mae.ro\/\" target=\"_blank\" rel=\"noopener\">\n            <span>Ministerul Afacerilor Externe<\/span>\n          <\/a>\n        <\/li>&#13;\n<\/ul>&#13;\n","protected":false},"excerpt":{"rendered":"<p>&#13; For information regarding the schedule of arrivals \/ departures, destinations, reservations, we recommend you to access the websites of the airlines that operate regular flights from Timisoara airport. &#13; &#13; &#13; TAROM &#13; Lufthansa &#13; Wizzair &#13; Eurowings &#13; HiSky &#13; AirConnect &#13; &#13; &#13; Pentru alte informa\u021bii: &#13; &#13; &#13; Poli\u021bia de Frontier\u0103 [&hellip;]<\/p>\n","protected":false},"author":1,"featured_media":0,"parent":0,"menu_order":0,"comment_status":"closed","ping_status":"closed","template":"","meta":{"footnotes":""},"class_list":["post-18657","page","type-page","status-publish","hentry"],"_links":{"self":[{"href":"https:\/\/www.aerotim.ro\/en\/index.php\/wp-json\/wp\/v2\/pages\/18657","targetHints":{"allow":["GET"]}}],"collection":[{"href":"https:\/\/www.aerotim.ro\/en\/index.php\/wp-json\/wp\/v2\/pages"}],"about":[{"href":"https:\/\/www.aerotim.ro\/en\/index.php\/wp-json\/wp\/v2\/types\/page"}],"author":[{"embeddable":true,"href":"https:\/\/www.aerotim.ro\/en\/index.php\/wp-json\/wp\/v2\/users\/1"}],"replies":[{"embeddable":true,"href":"https:\/\/www.aerotim.ro\/en\/index.php\/wp-json\/wp\/v2\/comments?post=18657"}],"version-history":[{"count":4,"href":"https:\/\/www.aerotim.ro\/en\/index.php\/wp-json\/wp\/v2\/pages\/18657\/revisions"}],"predecessor-version":[{"id":21608,"href":"https:\/\/www.aerotim.ro\/en\/index.php\/wp-json\/wp\/v2\/pages\/18657\/revisions\/21608"}],"wp:attachment":[{"href":"https:\/\/www.aerotim.ro\/en\/index.php\/wp-json\/wp\/v2\/media?parent=18657"}],"curies":[{"name":"wp","href":"https:\/\/api.w.org\/{rel}","templated":true}]}}